{"id":414,"date":"2023-08-01T10:23:44","date_gmt":"2023-08-01T08:23:44","guid":{"rendered":"https:\/\/ambnairobi.esteri.it\/?page_id=414"},"modified":"2023-08-01T10:35:27","modified_gmt":"2023-08-01T08:35:27","slug":"political-cooperation","status":"publish","type":"page","link":"https:\/\/ambnairobi.esteri.it\/en\/italia-e-kenya\/diplomazia-economica\/fare-affari-in-kenya\/political-cooperation\/","title":{"rendered":"Political Cooperation"},"content":{"rendered":"<h2 style=\"text-align: justify;\"><strong>VISITE BILATERALI (dal 2015)<\/strong><\/h2>\n<ul style=\"text-align: justify;\">\n<li>9-10 aprile 2015 (Nairobi): Ministro degli Affari Esteri,\u00a0<strong>Paolo Gentiloni<\/strong>\u00a0\u2013 Ministro degli Affari Esteri,\u00a0<strong>Amina Mohamed<\/strong>;\n<div><\/div>\n<\/li>\n<li>14-15 luglio 2015 (Nairobi): Presidente del Consiglio,\u00a0<strong>Matteo Renzi<\/strong>\u00a0\u2013 Presidente della Repubblica,\u00a0<strong>Uhuru Kenyatta<\/strong>;\n<div><\/div>\n<\/li>\n<li>7 settembre 2015 (Roma):\u00a0Presidente della Repubblica,\u00a0<strong>Uhuru Kenyatta<\/strong>\u00a0\u2013 Presidente della Repubblica,\u00a0<strong>Sergio Mattarella<\/strong>;\n<div><\/div>\n<\/li>\n<li>8 settembre 2015 (Milano):\u00a0Presidente della Repubblica,\u00a0<strong>Uhuru Kenyatta<\/strong>, a Milano EXPO 2015;\n<div><\/div>\n<\/li>\n<li>24 ottobre 2016 (Trento): Ministro della Difesa,\u00a0<strong>Raychelle Omamo<\/strong>, a \u201cInternational Space Forum\u201d;\n<div><\/div>\n<\/li>\n<li>21-24 novembre 2016 (Milano-Roma): Road Show per Ministro dell&#8217;Energia,\u00a0<strong>Charles Keter<\/strong>, e Ministro dell&#8217;Industrializzazione,\u00a0<strong>Adan Mohamed<\/strong>, e incontri del Ministro dell&#8217;Energia con il Vice Ministro del Ministero dello Sviluppo Economico,\u00a0<strong>Teresa Bellanova<\/strong>, e il Direttore Generale della Cooperazione e dello Sviluppo,\u00a0<strong>Pietro Sebastiani<\/strong>;\n<div><\/div>\n<\/li>\n<li>26-27 maggio 2017 (Taormina):\u00a0Presidente della Repubblica,\u00a0<strong>Uhuru Kenyatta<\/strong>, a Vertice G7;\n<div><\/div>\n<\/li>\n<li>28-29 agosto 2017 (Roma): Segretario Generale del Ministero Affari Esteri,\u00a0<strong>Amb. Tom Amolo<\/strong>\u00a0\u2013 Segretario Generale del Ministero Affari Esteri e Cooperazione Internazionale,\u00a0<strong>Amb. Elisabetta Belloni<\/strong>;\n<div><\/div>\n<\/li>\n<li>19-20 ottobre 2017 (Roma): Ministro dei Trasporti,\u00a0<strong>Macharia Kamau<\/strong>, alla plenaria di \u201cInfrastructure Consortium for Africa\u201d;\n<div><\/div>\n<\/li>\n<li>3-5 dicembre 2018 (Roma): visita del Vice Presidente del Kenya,\u00a0<strong>William Ruto<\/strong>, in Italia ed incontri con il Ministro dello Sviluppo Economico, Luigi di Maio, e con il Ministro degli Affari Esteri e della Cooperazione Internazionale, Enzo Moavero Milanesi;\n<div><\/div>\n<\/li>\n<li>14 marzo 2019 (Nairobi): Ministro dell\u2019Ambiente\u00a0<strong>Sergio Costa<\/strong>\u00a0&#8211; Ministro dell\u2019Ambiente\u00a0<strong>Keriako Tobiko<\/strong>\u00a0a latere dell\u2019Assemblea UNEA4;\n<div><\/div>\n<\/li>\n<li>13 novembre 2019 (Nairobi): Vice Ministra degli Affari Esteri e della Cooperazione Internazionale,\u00a0<strong>Emanuela Del Re<\/strong>\u00a0\u2013 Ministra degli Affari Esteri<strong>\u00a0Monica Juma<\/strong>\u00a0e Ministro del Tesoro\u00a0<strong>Ukur Yatani;<\/strong>\n<div><\/div>\n<\/li>\n<li>7 novembre 2020 (Roma): incontro al Quirinale tra il Presidente della Repubblica,\u00a0<strong>Uhuru Kenyatta<\/strong>\u00a0ed il Presidente della Repubblica,\u00a0<strong>Sergio Mattarella<\/strong>;<\/li>\n<li>27 giugno 2021 (Roma): Ministro degli Esteri e della Cooperazione Internazionale\u00a0<strong>Luigi Di Maio<\/strong>\u00a0\u2013 Ministra degli Esteri\u00a0<strong>Raychelle Omamo<\/strong>, a latere della Conferenza Ministeriale Anti-Daesh.<\/li>\n<li>13-14 giugno 2022 (Nairobi): Visita del Ministro degli Esteri e della Cooperazione Internazionale\u00a0<strong>Luigi Di Maio<\/strong>\u00a0ed incontri con il Presidente della Repubblica,\u00a0<strong>Uhuru Kenyatta<\/strong>, con la Ministra degli Esteri\u00a0<strong>Raychelle Omamo<\/strong>\u00a0e con il Ministro dell\u2019ICT, Innovazione e Politiche giovanili\u00a0<strong>Joseph Mucheru<\/strong>.<\/li>\n<\/ul>\n<h2 style=\"text-align: justify;\"><strong>ACCORDI VIGENTI<\/strong><\/h2>\n<p style=\"text-align: justify;\"><strong>(fonte: database ATRIO)<\/strong><\/p>\n<p style=\"text-align: justify;\">Accordi precedenti all\u2019indipendenza, stipulati con la Gran Bretagna e rispetto ai quali vi \u00e8 stata la successione del Kenya:<\/p>\n<p style=\"text-align: justify;\">&#8211; Convenzione italo-britannica per la reciproca estradizione dei malfattori (1873);<br \/>\n&#8211; Convenzione italo-britannica per l\u2019assistenza giudiziaria in materia civile e commerciale (1930).<\/p>\n<table class=\"table\">\n<tbody>\n<tr>\n<td><strong>Titolo<\/strong><\/td>\n<td><strong>Data Firma Italia<\/strong><\/td>\n<\/tr>\n<tr>\n<td>ACCORDO RELATIVO ALLA BASE DI LANCIO E CONTROLLO DI SATELLITI DI SAN MARCO &#8211; MALINDI IN KENYA, CON ALLEGATO<\/td>\n<td>14\/03\/1995<\/td>\n<\/tr>\n<tr>\n<td>PROTOCOLLO FRA ITALIA, KENYA E AGENZIA SPAZIALE EUROPEA (ESA) SULLA INSTALLAZIONE E L&#8217;UTILIZZO OPERATIVO DELLE ATTREZZATURE DELL&#8217;ESA NEL PERIMETRO DELLA STAZIONE DI CONTROLLO E LANCIO DEI SATELLITI A MALINDI (KENYA) E SULLA COOPERAZIONE A SCOPI PACIFICI TRA KENYA E ESA, CON ANNESSO<\/td>\n<td>13\/09\/1995<\/td>\n<\/tr>\n<tr>\n<td>PROTOCOLLO FINANZIARIO DI &#8220;COMMODITY AID&#8221; PER LA CONCESSIONE DI UN FINANZIAMENTO DI 19 MILIARDI DI LIRE PER L&#8217;IMPORTAZIONE IN KENYA DI BENI ESSENZIALI E SERVIZI CONNESSI, CON N. 10 ALLEGATI<\/td>\n<td>16\/12\/1993<\/td>\n<\/tr>\n<tr>\n<td>ACCORDO IN MATERIA DI PROMOZIONE E PROTEZIONE DEGLI INVESTIMENTI, CON PROTOCOLLO<\/td>\n<td>16\/09\/1996<\/td>\n<\/tr>\n<tr>\n<td>CONVENZIONE ITALO-BRITANNICA PER LA RECIPROCA ESTRADIZIONE DEI MALFATTORI<\/td>\n<td>05\/02\/1873<\/td>\n<\/tr>\n<tr>\n<td>CONVENZIONE ITALO-BRITANNICA PER L&#8217;ASSISTENZA GIUDIZIARIA IN MATERIA CIVILE E COMMERCIALE<\/td>\n<td>17\/12\/1930<\/td>\n<\/tr>\n<tr>\n<td>SCAMBIO DI NOTE RELATIVO ALLA CONFERMA DELLA CONVENZIONE ITALO-BRITANNICA DEL 05.02.1873 PER LA RECIPROCA ESTRADIZIONE DEI MALFATTORI.<\/td>\n<td>08\/12\/1967<\/td>\n<\/tr>\n<tr>\n<td>ACCORDO DI COOPERAZIONE FINANZIARIA<\/td>\n<td>27\/05\/1983<\/td>\n<\/tr>\n<tr>\n<td>ACCORDO DI COOPERAZIONE ECONOMICA, TECNICA E PER LO SVILUPPO<\/td>\n<td>19\/11\/1985<\/td>\n<\/tr>\n<tr>\n<td>PROTOCOLLO CONCERNENTE LA COOPERAZIONE NEL QUADRO DELLA L. N. 73 DEL 08.03.1985, CON SCAMBIO DI LETTERE E N. 2 ANNESSI<\/td>\n<td>15\/05\/1986<\/td>\n<\/tr>\n<tr>\n<td>N. 3 ACCORDI DI CREDITO RELATIVI A PROGETTI DI COOPERAZIONE: 1) ACCORDO PER LA CONCESSIONE DI UN CREDITO DI AIUTO PER IL FINANZIAMENTO DEL PROGRAMMA DI TELECOMUNICAZIONI &#8220;K2 E K3&#8221;; 2) ACCORDO PER LA CONCESSIONE DI UN CREDITO DI AIUTO PER IL FINANZIAMENTO DEL PROGETTO &#8220;ACQUEDOTTO KILIMANGIARO &#8211; KAJIADO &#8211; MACHAKOS&#8221;; 3) ACCORDO PER LA CONCESSIONE DI UN CREDITO DI AIUTO PER IL FINANZIAMENTO DEL PROGRAMMA &#8220;CASHEWMET PLANT REHEBILITATION&#8221;<\/td>\n<td>16\/07\/1987<\/td>\n<\/tr>\n<tr>\n<td>ACCORDO PER LA GESTIONE DEI FONDI DI CONTROPARTITA<\/td>\n<td>07\/06\/1994<\/td>\n<\/tr>\n<tr>\n<td>SCAMBIO DI NOTE PER L&#8217;INTRODUZIONE DELL&#8217;OBBLIGO DI VISTO PER L&#8217;INGRESSO IN ITALIA DEI CITTADINI KENIOTI<\/td>\n<td>12\/01\/1999<\/td>\n<\/tr>\n<tr>\n<td>ACCORDO SULLA RISTRUTTURAZIONE DEL DEBITO, CON ALLEGATO (CLUB DI PARIGI DEL 15.01.2004)<\/td>\n<td>25\/10\/2004<\/td>\n<\/tr>\n<tr>\n<td>SCAMBIO DI LETTERE DI MODIFICA DELL&#8217;ARTICOLO III PARAGRAFO 4 DELL&#8217;ACCORDO DEL 25.10.2004<\/td>\n<td>28\/02\/2006<\/td>\n<\/tr>\n<tr>\n<td>ACCORDO SULLA CONVERSIONE DEL DEBITO, CON ALLEGATI<\/td>\n<td>27\/10\/2006<\/td>\n<\/tr>\n<tr>\n<td>ACCORDO SUL FINANZIAMENTO DEL &#8220;PROGRAMMA INTEGRATO SOCIO-SANITARIO DELLA REGIONE DI MALINDI&#8221;, CON ALLEGATO<\/td>\n<td>23\/01\/2007<\/td>\n<\/tr>\n<tr>\n<td>SCAMBIO DI LETTERE RELATIVO A UN EMENDAMENTO ALL&#8217;ACCORDO DEL 27.10.2006<\/td>\n<td>06\/06\/2007<\/td>\n<\/tr>\n<\/tbody>\n<\/table>\n<h2 style=\"text-align: justify;\"><strong>SISTEMA POLITICO-ISTITUZIONALE DEL KENYA<\/strong><\/h2>\n<p style=\"text-align: justify;\">Il Kenya \u00e8 una Repubblica Presidenziale indipendente dal dicembre 1963. Il 27 agosto 2010 \u00e8 stata approvata la nuova Carta Costituzionale che ha sostituito quella adottata con la Dichiarazione d\u2019Indipendenza. Le elezioni di marzo 2013 hanno sancito il definitivo passaggio al sistema Presidenziale puro, articolato su un ordinamento statuale nel quale trovano ampio spazio le autonomie locali, in risposta all\u2019esigenza di dare adeguata rappresentanza al complesso mosaico etnico-tribale keniota.<\/p>\n<p style=\"text-align: justify;\">Il Presidente viene eletto con la maggioranza assoluta a livello nazionale pi\u00f9 il 25% in almeno la met\u00e0 delle 47 nuove Contee nelle quali la Costituzione suddivide il territorio nazionale. \u00c8 stata inoltre istituita una Camera Alta del Parlamento, rappresentativa delle autonomie locali. Essa conta 47 membri in rappresentanza delle contee, 16 membri designati dai partiti politici in funzione della loro rappresentativit\u00e0, 2 rappresentanti della giovent\u00f9 e due membri rappresentanti le persone diversamente abili.<\/p>\n<p style=\"text-align: justify;\">Altra novit\u00e0 introdotta dalla Costituzione \u00e8 la riforma della propriet\u00e0 della terra. \u00c8 stata al riguardo istituita una commissione nazionale delle terre, indipendente dal Governo, incaricata di indagare sulle \u201cingiustizie storiche\u201d nella distribuzione delle terre demaniali. La Costituzione limita inoltre l\u2019estensione massima della terra di propriet\u00e0 privata e abolisce la propriet\u00e0 illimitata per gli stranieri trasformandola in un possesso limitato a 99 anni (nella formula del \u201cleasing\u201d derivata dal diritto anglosassone). Tale misura \u00e8 stata adottata lo scorso mese di agosto.<\/p>\n<p style=\"text-align: justify;\">Ulteriori principali novit\u00e0 del nuovo testo costituzionale riguardano il trasferimento di alcuni poteri e competenze dallo Stato centrale alle Contee, l\u2019introduzione di una Carta di Diritti, l\u2019introduzione di un\u2019Alta Corte con funzioni di organo giudiziario di ultima istanza e di corte costituzionale e infine l\u2019abolizione della carica di Primo Ministro.<br \/>\nLe pi\u00f9 recenti elezioni presidenziali, parlamentari e di contea si sono svolte nel 2017 e hanno sancito la conferma del Presidente Uhuru Kenyatta a capo dell\u2019esecutivo keniano per il secondo mandato consecutivo.<br \/>\nLe prossime elezioni presidenziali sono previste per agosto 2022.<\/p>\n","protected":false},"excerpt":{"rendered":"VISITE BILATERALI (dal 2015) 9-10 aprile 2015 (Nairobi): Ministro degli Affari Esteri,\u00a0Paolo Gentiloni\u00a0\u2013 Ministro degli Affari Esteri,\u00a0Amina Mohamed; 14-15 luglio 2015 (Nairobi): Presidente del Consiglio,\u00a0Matteo Renzi\u00a0\u2013 Presidente della Repubblica,\u00a0Uhuru Kenyatta; 7 settembre 2015 (Roma):\u00a0Presidente della Repubblica,\u00a0Uhuru Kenyatta\u00a0\u2013 Presidente della Repubblica,\u00a0Sergio Mattarella; 8 settembre 2015 (Milano):\u00a0Presidente della Repubblica,\u00a0Uhuru Kenyatta, a Milano EXPO 2015; 24 ottobre 2016 [&hellip;]","protected":false},"author":5,"featured_media":0,"parent":161,"menu_order":0,"comment_status":"closed","ping_status":"closed","template":"","meta":{"footnotes":""},"class_list":["post-414","page","type-page","status-publish","hentry"],"_links":{"self":[{"href":"https:\/\/ambnairobi.esteri.it\/en\/wp-json\/wp\/v2\/pages\/414","targetHints":{"allow":["GET"]}}],"collection":[{"href":"https:\/\/ambnairobi.esteri.it\/en\/wp-json\/wp\/v2\/pages"}],"about":[{"href":"https:\/\/ambnairobi.esteri.it\/en\/wp-json\/wp\/v2\/types\/page"}],"author":[{"embeddable":true,"href":"https:\/\/ambnairobi.esteri.it\/en\/wp-json\/wp\/v2\/users\/5"}],"replies":[{"embeddable":true,"href":"https:\/\/ambnairobi.esteri.it\/en\/wp-json\/wp\/v2\/comments?post=414"}],"version-history":[{"count":2,"href":"https:\/\/ambnairobi.esteri.it\/en\/wp-json\/wp\/v2\/pages\/414\/revisions"}],"predecessor-version":[{"id":416,"href":"https:\/\/ambnairobi.esteri.it\/en\/wp-json\/wp\/v2\/pages\/414\/revisions\/416"}],"up":[{"embeddable":true,"href":"https:\/\/ambnairobi.esteri.it\/en\/wp-json\/wp\/v2\/pages\/161"}],"wp:attachment":[{"href":"https:\/\/ambnairobi.esteri.it\/en\/wp-json\/wp\/v2\/media?parent=414"}],"curies":[{"name":"wp","href":"https:\/\/api.w.org\/{rel}","templated":true}]}}