{"id":1045,"date":"2023-10-25T14:44:10","date_gmt":"2023-10-25T12:44:10","guid":{"rendered":"https:\/\/ambnairobi.esteri.it\/?page_id=1045"},"modified":"2023-10-26T16:14:51","modified_gmt":"2023-10-26T14:14:51","slug":"funzionario-di-turno","status":"publish","type":"page","link":"https:\/\/ambnairobi.esteri.it\/it\/chi-siamo\/numeri-di-emergenza\/funzionario-di-turno\/","title":{"rendered":"Funzionario di turno"},"content":{"rendered":"<h1 style=\"text-align: center;\"><span style=\"text-decoration: underline;\"><mark>Attenzione!<\/mark><\/span><\/h1>\n<h2><span style=\"text-decoration: underline;\">Questo numero telefonico \u00e8 riservato alle reali emergenze<\/span> (decessi, feriti, furti, incidenti, arresti, ecc.).<\/h2>\n<h2><strong>\u00a0+254 722 514 327\u00a0 \u2013\u00a0 \u00a0<\/strong><a href=\"mailto:nairobi.fdt@esteri.it\">nairobi.fdt@esteri.it<\/a><\/h2>\n<h2>L&#8217;uso improprio del numero telefonico pu\u00f2 impedire interventi per reali emergenze.<\/h2>\n<h2>Non utilizzare quindi per questioni amministrative o semplici richieste di informazioni.<\/h2>\n<h3>Per questioni ed informazioni riguardanti il\u00a0<span style=\"text-decoration: underline;\">rilascio di visti<\/span> o la <span style=\"text-decoration: underline;\">normale assistenza consolare<\/span>, si invita a contattare l\u2019Ambasciata dal luned\u00ec al gioved\u00ec dalle 08.00 alle 16.00 ed il venerd\u00ec dalle 08.00 alle 14.00, al numero +254 20 513 7500.<\/h3>\n","protected":false},"excerpt":{"rendered":"Attenzione! Questo numero telefonico \u00e8 riservato alle reali emergenze (decessi, feriti, furti, incidenti, arresti, ecc.). \u00a0+254 722 514 327\u00a0 \u2013\u00a0 \u00a0nairobi.fdt@esteri.it L&#8217;uso improprio del numero telefonico pu\u00f2 impedire interventi per reali emergenze. Non utilizzare quindi per questioni amministrative o semplici richieste di informazioni. Per questioni ed informazioni riguardanti il\u00a0rilascio di visti o la normale assistenza [&hellip;]","protected":false},"author":4,"featured_media":0,"parent":41,"menu_order":0,"comment_status":"closed","ping_status":"closed","template":"","meta":{"footnotes":""},"class_list":["post-1045","page","type-page","status-publish","hentry"],"_links":{"self":[{"href":"https:\/\/ambnairobi.esteri.it\/it\/wp-json\/wp\/v2\/pages\/1045","targetHints":{"allow":["GET"]}}],"collection":[{"href":"https:\/\/ambnairobi.esteri.it\/it\/wp-json\/wp\/v2\/pages"}],"about":[{"href":"https:\/\/ambnairobi.esteri.it\/it\/wp-json\/wp\/v2\/types\/page"}],"author":[{"embeddable":true,"href":"https:\/\/ambnairobi.esteri.it\/it\/wp-json\/wp\/v2\/users\/4"}],"replies":[{"embeddable":true,"href":"https:\/\/ambnairobi.esteri.it\/it\/wp-json\/wp\/v2\/comments?post=1045"}],"version-history":[{"count":6,"href":"https:\/\/ambnairobi.esteri.it\/it\/wp-json\/wp\/v2\/pages\/1045\/revisions"}],"predecessor-version":[{"id":1071,"href":"https:\/\/ambnairobi.esteri.it\/it\/wp-json\/wp\/v2\/pages\/1045\/revisions\/1071"}],"up":[{"embeddable":true,"href":"https:\/\/ambnairobi.esteri.it\/it\/wp-json\/wp\/v2\/pages\/41"}],"wp:attachment":[{"href":"https:\/\/ambnairobi.esteri.it\/it\/wp-json\/wp\/v2\/media?parent=1045"}],"curies":[{"name":"wp","href":"https:\/\/api.w.org\/{rel}","templated":true}]}}