{"id":14,"date":"2023-04-11T17:08:52","date_gmt":"2023-04-11T15:08:52","guid":{"rendered":"https:\/\/ambasciatapraga.esteri.it\/?page_id=14"},"modified":"2025-10-30T08:56:37","modified_gmt":"2025-10-30T07:56:37","slug":"italia-e-kenya","status":"publish","type":"page","link":"https:\/\/ambnairobi.esteri.it\/it\/italia-e-kenya\/","title":{"rendered":"Italia e Kenya"},"content":{"rendered":"<h4><span style=\"text-decoration: underline;\"><strong>VISITE BILATERALI\u00a0<\/strong><\/span><\/h4>\n<ul>\n<li><strong>27-30 maggio 2025 (Nairobi)<\/strong>: Missione in Kenya del Sottosegretario di Stato<strong>, Claudio Barbaro, <\/strong>Ministero dell\u2019Ambiente e della Sicurezza energetica, in occasione della Sessione Aggiornata della Seconda Assemblea di UN-Habitat.<\/li>\n<li><strong>25-27 maggio 2025 (Nairobi)<\/strong>: Missione in Kenya del Sottosegretario di Stato, Ministero delle Imprese e del Made in Italy<strong> Fausta Bergamotto<\/strong>.<\/li>\n<li><strong>30 settembre-2 ottobre 2024 (Nairobi)<\/strong>: Visita nella Repubblica del Kenya del <strong>Adolfo Urso, <\/strong>Ministro delle Imprese e del Made in Italy.<\/li>\n<li><strong>14 \u2013 15 giugno 2024 (Borgo Egnazia) <\/strong>Partecipazione del Presidente del Kenya, <strong>William Ruto<\/strong>, alla sessione di <em>outreach \u00a0<\/em>del Vertice G7 organizzata \u00a0dalla Presidenza italiana.<\/li>\n<li><strong>20 \u2013 23 maggio 2024 (Nairobi) <\/strong>Visita del Sottosegretario di Stato del Ministero dell\u2019Ambiente e della Sicurezza Energetica,<strong> Sen. Claudio Barbaro<\/strong>, nell\u2019ambito della nona Conferenza Mondiale sull\u2019Efficienza Energetica<\/li>\n<li><strong>17 \u2013 19 marzo 2024 (Nairobi)<\/strong> Missione congiunta del sistema della Cooperazione italiana in Africa orientale (rappresentanti del Ministero degli Affari Esteri e della Cooperazione internazionale, della Presidenza del Consiglio dei Ministri, dell\u2019Agenzia per la Cooperazione allo Sviluppo, di Cassa Depositi e Prestiti, di UNIDO, della FAO, di Illy Caff\u00e8 e Lavazza.<\/li>\n<li><strong>29 gennaio &#8211; 1 febbraio 2024 (Nairobi)<\/strong> Visita dell\u2019Inviato Speciale, <strong>Ministro Plenipotenziario Stefano Ravagnan,<\/strong> in occasione della Conferenza della Coalizione Globale per il contrasto a Daesh.<\/li>\n<li><strong>29 gennaio 2024 (Roma)<\/strong>: Visita del Presidente del Kenya <strong>William Ruto<\/strong> nell&#8217;ambito del summit Italia Africa.<\/li>\n<li>4-8 settembre 2023 (Nairobi): Visita del Sottosegretario di Stato del Ministero dell&#8217;Ambiente e della Sicurezza Energetica <strong>Sen.<\/strong> <strong>Claudio Barbaro<\/strong> in occasione dell&#8217;Africa Climate Summit.<\/li>\n<li><strong>5-9 giugno 2023 (Nairobi)<\/strong>: Visita del Sottosegretario di Stato del Ministero dell&#8217;Ambiente e della Sicurezza Energetica <strong>Sen.<\/strong> <strong>Claudio Barbaro<\/strong> in occasione della Seconda Assemblea di UN-Habitat.<\/li>\n<li><strong>13-16 marzo 2023 (Nairobi)<\/strong>: Visita di Stato del Presidente della Repubblica <strong>Sergio Mattarella<\/strong> nella Repubblica del Kenya.<\/li>\n<li><strong>13-14 giugno 2022 (Nairobi)<\/strong>: Visita del Ministro degli Esteri e della Cooperazione Internazionale\u00a0<strong>Luigi Di Maio<\/strong>\u00a0ed incontri con il Presidente della Repubblica,\u00a0<strong>Uhuru Kenyatta<\/strong>, con la Ministra degli Esteri\u00a0<strong>Raychelle Omamo<\/strong>\u00a0e con il Ministro dell\u2019ICT, Innovazione e Politiche giovanili\u00a0<strong>Joseph Mucheru<\/strong>.<\/li>\n<li><strong>27 giugno 2021 (Roma)<\/strong>: Ministro degli Esteri e della Cooperazione Internazionale\u00a0Luigi Di Maio \u2013 Ministra degli Esteri\u00a0<strong>Raychelle Omamo<\/strong>, a latere della Conferenza Ministeriale Anti-Daesh<\/li>\n<li><strong>7 novembre 2020 (Roma)<\/strong>: incontro al Quirinale tra il Presidente della Repubblica,\u00a0<strong>Uhuru Kenyatta<\/strong>\u00a0ed il Presidente della Repubblica,\u00a0<strong>Sergio Mattarella.<\/strong><\/li>\n<li><strong><a href=\"https:\/\/ambnairobi.esteri.it\/it\/italia-e-kenya\/diplomazia-economica\/fare-affari-in-kenya\/archivio-delle-visite\/\">Archivio delle visite bilaterali<\/a><\/strong><\/li>\n<\/ul>\n<p>&nbsp;<\/p>\n<h4><span style=\"text-decoration: underline;\"><strong>ACCORDI VIGENTI<\/strong><\/span><\/h4>\n<p><a href=\"http:\/\/https:\/\/itra.esteri.it\/\"><img loading=\"lazy\" decoding=\"async\" class=\"alignleft size-medium wp-image-542 img-fluid\" src=\"https:\/\/ambnairobi.esteri.it\/wp-content\/uploads\/2023\/10\/portale-atrio-300x257.png\" alt=\"\" width=\"300\" height=\"257\" srcset=\"https:\/\/ambnairobi.esteri.it\/wp-content\/uploads\/2023\/10\/portale-atrio-300x257.png 300w, https:\/\/ambnairobi.esteri.it\/wp-content\/uploads\/2023\/10\/portale-atrio.png 490w\" sizes=\"auto, (max-width: 300px) 100vw, 300px\" \/><\/a><\/p>\n<p>Gli accordi vigenti tra l&#8217;Italia ed il Kenya sono consultabili sul nuovo <a href=\"https:\/\/itra.esteri.it\/\">portale A.T.R.I.O<\/a> (Archivio dei trattati internazionali online) del Ministero degli Affari Esteri e della Cooperazione Internazionale.<\/p>\n<p>Accordi precedenti all\u2019indipendenza, stipulati con la Gran Bretagna e rispetto ai quali vi \u00e8 stata la successione del Kenya:<\/p>\n<p>&#8211; Convenzione italo-britannica per la reciproca estradizione dei malfattori (1873);<br \/>\n&#8211; Convenzione italo-britannica per l\u2019assistenza giudiziaria in materia civile e commerciale (1930).<\/p>\n<p>&nbsp;<\/p>\n<h2><\/h2>\n<h2><\/h2>\n<h4><span style=\"text-decoration: underline;\"><strong>SISTEMA POLITICO-ISTITUZIONALE DEL KENYA<\/strong><\/span><\/h4>\n<p>Il Kenya \u00e8 una Repubblica Presidenziale indipendente dal dicembre 1963. Il 27 agosto 2010 \u00e8 stata approvata la nuova Carta Costituzionale che ha sostituito quella adottata con la Dichiarazione d\u2019Indipendenza. Le elezioni di marzo 2013 hanno sancito il definitivo passaggio al sistema Presidenziale puro, articolato su un ordinamento statuale nel quale trovano ampio spazio le autonomie locali, in risposta all\u2019esigenza di dare adeguata rappresentanza al complesso mosaico etnico-tribale keniota.<\/p>\n<p>Il Presidente viene eletto con la maggioranza assoluta a livello nazionale pi\u00f9 il 25% in almeno la met\u00e0 delle 47 nuove Contee nelle quali la Costituzione suddivide il territorio nazionale. \u00c8 stata inoltre istituita una Camera Alta del Parlamento, rappresentativa delle autonomie locali. Essa conta 47 membri in rappresentanza delle contee, 16 membri designati dai partiti politici in funzione della loro rappresentativit\u00e0, 2 rappresentanti della giovent\u00f9 e due membri rappresentanti le persone diversamente abili.<\/p>\n<p>Altra novit\u00e0 introdotta dalla Costituzione \u00e8 la riforma della propriet\u00e0 della terra. \u00c8 stata al riguardo istituita una commissione nazionale delle terre, indipendente dal Governo, incaricata di indagare sulle \u201cingiustizie storiche\u201d nella distribuzione delle terre demaniali. La Costituzione limita inoltre l\u2019estensione massima della terra di propriet\u00e0 privata e abolisce la propriet\u00e0 illimitata per gli stranieri trasformandola in un possesso limitato a 99 anni (nella formula del \u201cleasing\u201d derivata dal diritto anglosassone). Tale misura \u00e8 stata adottata lo scorso mese di agosto.<\/p>\n<p>Ulteriori principali novit\u00e0 del nuovo testo costituzionale riguardano il trasferimento di alcuni poteri e competenze dallo Stato centrale alle Contee, l\u2019introduzione di una Carta di Diritti, l\u2019introduzione di un\u2019Alta Corte con funzioni di organo giudiziario di ultima istanza e di corte costituzionale e infine l\u2019abolizione della carica di Primo Ministro.<br \/>\nLe pi\u00f9 recenti elezioni presidenziali, parlamentari e di contea si sono svolte nel 2017 e hanno sancito la conferma del Presidente Uhuru Kenyatta a capo dell\u2019esecutivo keniano per il secondo mandato consecutivo.<\/p>\n","protected":false},"excerpt":{"rendered":"VISITE BILATERALI\u00a0 27-30 maggio 2025 (Nairobi): Missione in Kenya del Sottosegretario di Stato, Claudio Barbaro, Ministero dell\u2019Ambiente e della Sicurezza energetica, in occasione della Sessione Aggiornata della Seconda Assemblea di UN-Habitat. 25-27 maggio 2025 (Nairobi): Missione in Kenya del Sottosegretario di Stato, Ministero delle Imprese e del Made in Italy Fausta Bergamotto. 30 settembre-2 ottobre [&hellip;]","protected":false},"author":1,"featured_media":0,"parent":0,"menu_order":4,"comment_status":"closed","ping_status":"closed","template":"","meta":{"footnotes":""},"class_list":["post-14","page","type-page","status-publish","hentry"],"_links":{"self":[{"href":"https:\/\/ambnairobi.esteri.it\/it\/wp-json\/wp\/v2\/pages\/14","targetHints":{"allow":["GET"]}}],"collection":[{"href":"https:\/\/ambnairobi.esteri.it\/it\/wp-json\/wp\/v2\/pages"}],"about":[{"href":"https:\/\/ambnairobi.esteri.it\/it\/wp-json\/wp\/v2\/types\/page"}],"author":[{"embeddable":true,"href":"https:\/\/ambnairobi.esteri.it\/it\/wp-json\/wp\/v2\/users\/1"}],"replies":[{"embeddable":true,"href":"https:\/\/ambnairobi.esteri.it\/it\/wp-json\/wp\/v2\/comments?post=14"}],"version-history":[{"count":7,"href":"https:\/\/ambnairobi.esteri.it\/it\/wp-json\/wp\/v2\/pages\/14\/revisions"}],"predecessor-version":[{"id":4074,"href":"https:\/\/ambnairobi.esteri.it\/it\/wp-json\/wp\/v2\/pages\/14\/revisions\/4074"}],"wp:attachment":[{"href":"https:\/\/ambnairobi.esteri.it\/it\/wp-json\/wp\/v2\/media?parent=14"}],"curies":[{"name":"wp","href":"https:\/\/api.w.org\/{rel}","templated":true}]}}