{"id":1412,"date":"2023-12-13T09:53:38","date_gmt":"2023-12-13T08:53:38","guid":{"rendered":"https:\/\/ambnairobi.esteri.it\/?page_id=1412"},"modified":"2025-04-07T08:09:58","modified_gmt":"2025-04-07T06:09:58","slug":"spid","status":"publish","type":"page","link":"https:\/\/ambnairobi.esteri.it\/it\/servizi-consolari-e-visti\/servizi-per-il-cittadino-italiano\/spid\/","title":{"rendered":"SPID"},"content":{"rendered":"<p style=\"text-align: justify;\"><strong>Cos\u2019\u00e8 SPID<\/strong><\/p>\n<p style=\"text-align: justify;\">SPID (Sistema Pubblico di Identit\u00e0 Digitale) \u00e8 una credenziale unica e personale che consente ai cittadini italiani di essere riconosciuti dalle pubbliche amministrazioni locali e centrali, e di utilizzare in maniera personalizzata e sicura i servizi digitali. Questi servizi digitali sono offerti dalle pubbliche amministrazioni italiane, ma anche dagli altri stati membri dell\u2019Unione Europea, e da quelle imprese o commercianti che hanno scelto SPID come strumento di identificazione.<\/p>\n<p style=\"text-align: justify;\">SPID facilita quindi la fruizione dei servizi online, semplifica il rapporto dei cittadini con gli uffici pubblici e migliora l\u2019esperienza dell\u2019utente con le imprese private.<\/p>\n<p style=\"text-align: justify;\">Un cittadino italiano potrebbe avere necessit\u00e0 di dotarsi di SPID per comunicare con la Pubblica Amministrazione, consultare documenti e pratiche, richiedere certificati e attestati, controllare la propria situazione contributiva e svolgere molte altre operazioni.<\/p>\n<p style=\"text-align: justify;\">SPID ha sostituito il sistema precedente per l\u2019accesso ai servizi Fisconline, pertanto questo Consolato non rilascia pi\u00f9 codici PIN.<\/p>\n<p style=\"text-align: justify;\"><strong>Chi pu\u00f2 richiedere SPID <\/strong><\/p>\n<p style=\"text-align: justify;\">Tutti i cittadini italiani maggiorenni (anche quelli residenti all\u2019estero) in possesso di:<\/p>\n<ul style=\"text-align: justify;\">\n<li>documento di identit\u00e0 italiano (carta di identit\u00e0 elettronica,\u00a0passaporto, patente) in corso di validit\u00e0;<\/li>\n<li>certificazione del codice fiscale (carta d\u2019identit\u00e0 elettronica, tessera sanitaria, tesserino del codice fiscale,\u00a0certificato di attribuzione del codice fiscale);<\/li>\n<li>indirizzo email;<\/li>\n<li>numero di cellulare ad uso personale.<\/li>\n<\/ul>\n<p style=\"text-align: justify;\"><strong>Come si richiede SPID<\/strong><\/p>\n<p style=\"text-align: justify;\">L\u2019interessato deve rivolgersi\u00a0<strong>autonomamente<\/strong>\u00a0ad uno dei gestori dell\u2019identit\u00e0 digitale riconosciuti da AgID per il riconoscimento personale. Gli interessati sono invitati a verificare quale gestore offra la procedura di riconoscimento pi\u00f9 adatta al proprio caso, poich\u00e9 queste possono variare.<\/p>\n<p style=\"text-align: justify;\">Per tutte le informazioni su come ottenere SPID se si \u00e8 residenti all\u2019estero si veda: <a href=\"https:\/\/www.spid.gov.it\/cos-e-spid\/come-attivare-spid\/spid-per-i-cittadini-italiani-allestero\/\">Lo SPID per i cittadini italiani all\u2019estero &#8211; Spid<\/a><\/p>\n","protected":false},"excerpt":{"rendered":"Cos\u2019\u00e8 SPID SPID (Sistema Pubblico di Identit\u00e0 Digitale) \u00e8 una credenziale unica e personale che consente ai cittadini italiani di essere riconosciuti dalle pubbliche amministrazioni locali e centrali, e di utilizzare in maniera personalizzata e sicura i servizi digitali. Questi servizi digitali sono offerti dalle pubbliche amministrazioni italiane, ma anche dagli altri stati membri dell\u2019Unione [&hellip;]","protected":false},"author":6,"featured_media":0,"parent":47,"menu_order":19,"comment_status":"closed","ping_status":"closed","template":"","meta":{"footnotes":""},"class_list":["post-1412","page","type-page","status-publish","hentry"],"_links":{"self":[{"href":"https:\/\/ambnairobi.esteri.it\/it\/wp-json\/wp\/v2\/pages\/1412","targetHints":{"allow":["GET"]}}],"collection":[{"href":"https:\/\/ambnairobi.esteri.it\/it\/wp-json\/wp\/v2\/pages"}],"about":[{"href":"https:\/\/ambnairobi.esteri.it\/it\/wp-json\/wp\/v2\/types\/page"}],"author":[{"embeddable":true,"href":"https:\/\/ambnairobi.esteri.it\/it\/wp-json\/wp\/v2\/users\/6"}],"replies":[{"embeddable":true,"href":"https:\/\/ambnairobi.esteri.it\/it\/wp-json\/wp\/v2\/comments?post=1412"}],"version-history":[{"count":4,"href":"https:\/\/ambnairobi.esteri.it\/it\/wp-json\/wp\/v2\/pages\/1412\/revisions"}],"predecessor-version":[{"id":3476,"href":"https:\/\/ambnairobi.esteri.it\/it\/wp-json\/wp\/v2\/pages\/1412\/revisions\/3476"}],"up":[{"embeddable":true,"href":"https:\/\/ambnairobi.esteri.it\/it\/wp-json\/wp\/v2\/pages\/47"}],"wp:attachment":[{"href":"https:\/\/ambnairobi.esteri.it\/it\/wp-json\/wp\/v2\/media?parent=1412"}],"curies":[{"name":"wp","href":"https:\/\/api.w.org\/{rel}","templated":true}]}}