{"id":271,"date":"2023-07-13T10:58:08","date_gmt":"2023-07-13T08:58:08","guid":{"rendered":"https:\/\/ambnairobi.esteri.it\/?page_id=271"},"modified":"2026-03-27T11:00:28","modified_gmt":"2026-03-27T10:00:28","slug":"bandi-di-gara-e-contratti","status":"publish","type":"page","link":"https:\/\/ambnairobi.esteri.it\/it\/amministrazione-trasparente\/bandi-di-gara-e-contratti\/","title":{"rendered":"Bandi di gara e contratti"},"content":{"rendered":"<article id=\"articolo_centro\" class=\"col-md-19 col-sm-19 padding_articolo item-page\" role=\"main\" aria-label=\"articolo\">\n<div>\n<p><strong>27.03.2026<\/strong><\/p>\n<p>Procedura ristretta per l\u2019affidamento dei servizi di ingegneria e architettura per la Direzione dei lavori e Coordinamento della Sicurezza in Fase di Esecuzione relativo alle opere per la costruzione di un nuovo Compound da adibire ad Ambasciata d\u2019Italia nel terreno sito in Limuru Road, Muthaiga, Nairobi, Kenya \u2013 CIG BB05CD82CE<\/p>\n<ul>\n<li><a href=\"https:\/\/ambnairobi.esteri.it\/wp-content\/uploads\/2026\/03\/1-AVVISO-INDIZIONE-ITA-ALL-1_Firmato.pdf\"><strong>Avviso di indizione Gara<\/strong><\/a><\/li>\n<li><a href=\"https:\/\/ambnairobi.esteri.it\/wp-content\/uploads\/2026\/03\/ALLEGATI-AVVISO-INDIZIONE-2026_03_27.pdf\"><strong>Allegati<\/strong><\/a><\/li>\n<\/ul>\n<p><strong>17.02.2026<\/strong><\/p>\n<p class=\"entry-title h3\">Indagine finalizzata all\u2019acquisizione di manifestazione di interesse per la sponsorizzazione degli eventi di promozione integrata previsti per il 2026<\/p>\n<ul>\n<li><strong><a href=\"https:\/\/ambnairobi.esteri.it\/it\/news\/dall_ambasciata\/2026\/03\/indagine-finalizzata-allacquisizione-di-manifestazione-di-interesse-per-la-sponsorizzazione-degli-eventi-di-promozione-integrata-previsti-per-il-2026-dallambasciata-ditalia\/\">Notizia<\/a><\/strong><\/li>\n<li><a href=\"https:\/\/ambnairobi.esteri.it\/wp-content\/uploads\/2026\/02\/bando-sponsorizzazioni-2026-italiano.pdf\"><b>Bando<\/b><\/a><\/li>\n<li><strong><a href=\"https:\/\/ambnairobi.esteri.it\/wp-content\/uploads\/2026\/02\/Modulo-per-manifestazione-di-interesse-IT.pdf\">Modulo per manifestazione di interesse (PDF)<\/a><\/strong><\/li>\n<\/ul>\n<p><strong>24.04.2023<\/strong><\/p>\n<p><a href=\"https:\/\/ambnairobi.esteri.it\/wp-content\/uploads\/2023\/10\/1_2023_festa_della_repubblica_-_avviso_sponsorship_inglese.pdf\"><strong>PUBLIC NOTICE OFFER OF SPONSORSHIP FOR THE ACTIVITIES ORGANISED BY\u00a0THE EMBASSY OF ITALY IN NAIROBI WITHIN THE INTEGRATED PROMOTIONAL PROGRAM 2023<\/strong><br \/>\n<\/a><\/p>\n<p><strong>06.03.2023<\/strong><\/p>\n<p>In seguito all\u2019approvazione della proposta di aggiudicazione della Gara per l\u2019esternalizzazione dei servizi relativi allo svolgimento di attivit\u00e0 ausiliare al rilascio di visti d\u2019ingresso in Italia (CIG. N. 9358313431), si informa che si \u00e8 provveduto alla firma del contratto con l\u2019operatore risultato vincitore.<\/p>\n<p><strong>03.11.2022<\/strong><\/p>\n<p><a href=\"https:\/\/ambnairobi.esteri.it\/wp-content\/uploads\/2023\/10\/2decreto_aggiudicazione_gara_outsourcing.pdf\"><strong>DECRET0 AGGIUDICAZIONE GARA VISTI<\/strong><\/a><\/p>\n<p><strong>31.10.2022<\/strong><\/p>\n<p><strong>VERBALE SECONDA SEDUTA PUBBLICA PER LA PROCEDURA DI GARA PER L\u2019ASSEGNAZIONE DI UN CONTRATTO DI CONCESSIONE PER L\u2019ESTERNALIZZAZIONE DEI SERTVIZI RELATIVI ALLO SVOLGIMENTO DI ATTIVITA\u2019 AUSILIARIE AL RILASCIO DI VISTI D\u2019INGRESSO IN ITALIA<\/strong><\/p>\n<p><strong><a href=\"https:\/\/ambnairobi.esteri.it\/wp-content\/uploads\/2023\/10\/3verbale_seconda_seduta_pubblica_nairobi.pdf\">Verbale Seconda Seduta Pubblica<\/a><\/strong><\/p>\n<p><strong>27.10.2022<\/strong><\/p>\n<p><strong>VERBALE PRIMA SEDUTA PUBBLICA PER LA PROCEDURA DI GARA PER L\u2019ASSEGNAZIONE DI UN CONTRATTO DI CONCESSIONE PER L\u2019ESTERNALIZZAZIONE DEI SERTVIZI RELATIVI ALLO SVOLGIMENTO DI ATTIVITA\u2019 AUSILIARIE AL RILASCIO DI VISTI D\u2019INGRESSO IN ITALIA.<\/strong><\/p>\n<p><strong><a href=\"file:\/\/\/\/\/s0318069\/Ufficio\/Informatica\/SITO\/VECCHIO\/My%20Web%20Sites\/Ambnairobi\/ambnairobi.esteri.it\/ambasciata_nairobi\/resource\/doc\/2022\/10\/verbale_prima_seduta_pubblica.pdf\"> Verbale Prima Seduta Pubblica<\/a><\/strong><\/p>\n<p><strong>26.10.2022<\/strong><\/p>\n<p><strong>AVVISO &#8211; DATA SECONDA SEDUTA PUBBLICA PER LA PROCEDURA DI GARA PER L\u2019ASSEGNAZIONE DI UN CONTRATTO DI CONCESSIONE PER L\u2019ESTERNALIZZAZIONE DEI SERTVIZI RELATIVI ALLO SVOLGIMENTO DI ATTIVITA\u2019 AUSILIARIE AL RILASCIO DI VISTI D\u2019INGRESSO IN ITALIA.<\/strong><\/p>\n<p><strong><a href=\"file:\/\/\/\/\/s0318069\/Ufficio\/Informatica\/SITO\/VECCHIO\/My%20Web%20Sites\/Ambnairobi\/ambnairobi.esteri.it\/ambasciata_nairobi\/resource\/doc\/2022\/10\/avviso_seconda_sessione_31_ottobre_2022.pdf\">Avviso Seconda Sessione 31 ottobre 2022<\/a><\/strong><\/p>\n<p><strong>12.10.2022<\/strong><\/p>\n<p><strong>PROCEDURA DI GARA PER L\u2019ASSEGNAZIONE DI UN CONTRATTO DI CONCESSIONE PER L\u2019ESTERNALIZZAZIONE DI SERVIZI RELATIVI ALLO SVOLGIMENTO DI ATTIVITA\u2019 AUSILIARIE AL RILASCIO DI VISTI D\u2019INGRESSO IN ITALIA.<\/strong><\/p>\n<p><a href=\"https:\/\/ambnairobi.esteri.it\/wp-content\/uploads\/2023\/10\/decreto_nomina_commissione_12.10.2022.pdf\"><strong>DECRETO DI NOMINA DELLA COMMISSIONE GIUDICATRICE<\/strong><\/a><\/p>\n<p><strong>09.08.2022<\/strong><\/p>\n<p><strong>PROCEDURA DI ESTERNALIZZAZIONE DI SERVIZI RELATIVI ALLO SVOLGIMENTO DI ATTIVIT\u00c0 CONNESSE AL RILASCIO DEI VISTI D&#8217;INGRESSO IN ITALIA &#8211; CIG: 9358313431<\/strong><\/p>\n<p>&#8211; <a href=\"file:\/\/\/\/\/s0318069\/Ufficio\/Informatica\/SITO\/VECCHIO\/My%20Web%20Sites\/Ambnairobi\/ambnairobi.esteri.it\/ambasciata_nairobi\/resource\/doc\/2022\/08\/determina_a_contrarre.pdf\">DETERMINA A CONTRARRE<\/a><\/p>\n<p>&#8211; <a href=\"file:\/\/\/\/\/s0318069\/Ufficio\/Informatica\/SITO\/VECCHIO\/My%20Web%20Sites\/Ambnairobi\/ambnairobi.esteri.it\/ambasciata_nairobi\/resource\/doc\/2022\/08\/bando_di_gara.pdf\">BANDO DI GARA<\/a><\/p>\n<p>&#8211; <a href=\"file:\/\/\/\/\/s0318069\/Ufficio\/Informatica\/SITO\/VECCHIO\/My%20Web%20Sites\/Ambnairobi\/ambnairobi.esteri.it\/ambasciata_nairobi\/resource\/doc\/2022\/08\/disciplinare_di_gara.pdf\">DISCIPLINARE DI GARA<\/a><\/p>\n<p>&#8211; <a href=\"file:\/\/\/\/\/s0318069\/Ufficio\/Informatica\/SITO\/VECCHIO\/My%20Web%20Sites\/Ambnairobi\/ambnairobi.esteri.it\/ambasciata_nairobi\/resource\/doc\/2022\/08\/capitolato_tecnico.pdf\">CAPITOLATO TECNICO DI GARA<\/a><\/p>\n<p>&#8211; <a href=\"file:\/\/\/\/\/s0318069\/Ufficio\/Informatica\/SITO\/VECCHIO\/My%20Web%20Sites\/Ambnairobi\/ambnairobi.esteri.it\/ambasciata_nairobi\/resource\/doc\/2022\/08\/dgue.docx\">DGUE<\/a><\/p>\n<p>&#8211; <a href=\"file:\/\/\/\/\/s0318069\/Ufficio\/Informatica\/SITO\/VECCHIO\/My%20Web%20Sites\/Ambnairobi\/ambnairobi.esteri.it\/ambasciata_nairobi\/resource\/doc\/2022\/08\/domanda_di_ammissione.docx\">DOMANDA DI AMMISSIONE<\/a><\/p>\n<p>&#8211; <a href=\"file:\/\/\/\/\/s0318069\/Ufficio\/Informatica\/SITO\/VECCHIO\/My%20Web%20Sites\/Ambnairobi\/ambnairobi.esteri.it\/ambasciata_nairobi\/resource\/doc\/2022\/08\/modello_contratto.docx\">MODELLO CONTRATTO<\/a><\/p>\n<p>&#8211; <a href=\"file:\/\/\/\/\/s0318069\/Ufficio\/Informatica\/SITO\/VECCHIO\/My%20Web%20Sites\/Ambnairobi\/ambnairobi.esteri.it\/ambasciata_nairobi\/resource\/doc\/2022\/08\/accordo_di_confidenzialit.docx\">ACCORDO DI CONFIDENZIALITA\u2019<\/a><\/p>\n<p>&#8211; <a href=\"file:\/\/\/\/\/s0318069\/Ufficio\/Informatica\/SITO\/VECCHIO\/My%20Web%20Sites\/Ambnairobi\/ambnairobi.esteri.it\/ambasciata_nairobi\/resource\/doc\/2022\/08\/italy_stats_-_kenya.pdf\">STATISTICHE VISTI ULTIMI 12 MESI<\/a><\/p>\n<p>&nbsp;<\/p>\n<p><strong>23.05.2022<\/strong><\/p>\n<p><a href=\"file:\/\/\/\/\/s0318069\/Ufficio\/Informatica\/SITO\/VECCHIO\/My%20Web%20Sites\/Ambnairobi\/ambnairobi.esteri.it\/ambasciata_nairobi\/resource\/doc\/2022\/05\/decreto_approvazione_aggiudicazione_cig8508386e3b.pdf\"><strong>DECRETO APPROVAZIONE AGGIUDICAZIONE CIG 8508386E3B<\/strong><\/a><\/p>\n<p>Procedura ristretta per l\u2019affidamento dei servizi di \u201cOutline proposals\u201d, \u201cScheme design\u201d e \u201cDetailed design and production drawings\u201d relativi alla costruzione di un nuovo compound da adibire ad Ambasciata d\u2019Italia nel terreno sito in Limuru Road, nel quartiere di Muthaiga, Nairobi (Kenya) \u2013 CIG 8508386E3B.<\/p>\n<p>&nbsp;<\/p>\n<p><a href=\"file:\/\/\/\/\/s0318069\/Ufficio\/Informatica\/SITO\/VECCHIO\/My%20Web%20Sites\/Ambnairobi\/ambnairobi.esteri.it\/ambasciata_nairobi\/resource\/doc\/2022\/04\/public_notice_sponsorship_2022.pdf\"><strong>PUBLIC NOTICE FOR THE OFFER OF SPONSORSHIP OF THE PROMOTIONAL ACTIVITIES REALIZED BY THE EMBASSY OF ITALY IN NAIROBI FOR THE YEAR 2022<\/strong><\/a><\/p>\n<p>&nbsp;<\/p>\n<p><strong>BANDI DI GARA<\/strong><\/p>\n<p>&nbsp;<\/p>\n<p><strong>08.12.2021<\/strong><\/p>\n<p><a href=\"file:\/\/\/\/\/s0318069\/Ufficio\/Informatica\/SITO\/VECCHIO\/My%20Web%20Sites\/Ambnairobi\/ambnairobi.esteri.it\/ambasciata_nairobi\/resource\/doc\/2021\/12\/pubblicazione_sul_sito.pdf\"><strong>PROCEDURA RISTRETTA PER L\u2019AFFIDAMENTO DEI SERVIZI DI OUTLINE PROPOSALS E DETAILED DESIGN AND PRODUCTION DRAWINGS RELATIVI ALLA COSTRUZIONE DI UN NUOVO COMPOUND DA ADIBIRE AD AMBASCIATA D\u2019ITALIA NEL TERRENO SITO IN LIMURU ROAD, NAIROBI, KENYA. CIG-8508386E3B<\/strong><\/a><br \/>\n<a href=\"file:\/\/\/\/\/s0318069\/Ufficio\/Informatica\/SITO\/VECCHIO\/My%20Web%20Sites\/Ambnairobi\/ambnairobi.esteri.it\/ambasciata_nairobi\/resource\/doc\/2021\/12\/pubblicazione_sul_sito.pdf\"><strong>PUNTEGGI OTTENUTI DAGLI OPERATORI ECONOMICI PARTECIPANTI.\u00a0<\/strong><\/a><\/p>\n<p>&nbsp;<\/p>\n<p>&nbsp;<\/p>\n<p><strong>11.11.2021<\/strong><\/p>\n<p>&nbsp;<\/p>\n<p><a href=\"file:\/\/\/\/\/s0318069\/Ufficio\/Informatica\/SITO\/VECCHIO\/My%20Web%20Sites\/Ambnairobi\/ambnairobi.esteri.it\/ambasciata_nairobi\/resource\/doc\/2021\/11\/avviso_terza_sessione_pubblica_1_dicembre_2021.pdf\"><strong>AVVISO DATA TERZA SEDUTA PUBBLICA PER LA PROCEDURA DI AFFIDAMENTO DEI SERVIZI PER LA COSTRUZIONE DI UN NUOVO COMPOUND DA ADIBIRE AD AMBASCIATA D&#8217;ITALIA<\/strong><\/a><\/p>\n<p>&nbsp;<\/p>\n<p><strong>21.09.2021<\/strong><\/p>\n<p>&nbsp;<\/p>\n<p><a href=\"file:\/\/\/\/\/s0318069\/Ufficio\/Informatica\/SITO\/VECCHIO\/My%20Web%20Sites\/Ambnairobi\/ambnairobi.esteri.it\/ambasciata_nairobi\/resource\/doc\/2021\/09\/avviso_seconda_sessione_pubblica_22_settembre_2021.pdf\"><strong>AVVISO DATA SECONDA SEDUTA PUBBLICA PER LA PROCEDURA DI AFFIDAMENTO DEI SERVIZI PER LA COSTRUZIONE DI UN NUOVO COMPOUND DA ADIBIRE AD AMBASCIATA D&#8217;ITALIA<\/strong><\/a><\/p>\n<p>&nbsp;<\/p>\n<p><strong>10.09.2021<\/strong><\/p>\n<p>&nbsp;<\/p>\n<p><a href=\"file:\/\/\/\/\/s0318069\/Ufficio\/Informatica\/SITO\/VECCHIO\/My%20Web%20Sites\/Ambnairobi\/ambnairobi.esteri.it\/ambasciata_nairobi\/resource\/doc\/2021\/09\/decreto_commissione_10_09_2021.pdf\"><strong>DECRETO DI NOMINA DELLA COMMISSIONE <\/strong>GIUDICATRIC<\/a>E<\/p>\n<p><a href=\"file:\/\/\/\/\/s0318069\/Ufficio\/Informatica\/SITO\/VECCHIO\/My%20Web%20Sites\/Ambnairobi\/ambnairobi.esteri.it\/ambasciata_nairobi\/resource\/doc\/2021\/09\/2_dichiarazione_componenti_commissione_gesi.pdf\"><strong>DICHIARAZIONE COMPONENTE COMMISSIONE COSIMO GESI<\/strong><\/a><\/p>\n<p><a href=\"file:\/\/\/\/\/s0318069\/Ufficio\/Informatica\/SITO\/VECCHIO\/My%20Web%20Sites\/Ambnairobi\/ambnairobi.esteri.it\/ambasciata_nairobi\/resource\/doc\/2021\/09\/2_dichiarazione_componenti_commissione_rossi.pdf\"><strong>DICHIARAZIONE COMPONENTE COMMISSIONE ANGELICA ROSSI<\/strong><\/a><\/p>\n<p><a href=\"file:\/\/\/\/\/s0318069\/Ufficio\/Informatica\/SITO\/VECCHIO\/My%20Web%20Sites\/Ambnairobi\/ambnairobi.esteri.it\/ambasciata_nairobi\/resource\/doc\/2021\/09\/cv_cosimo_gesi.pdf\"><strong>CV COSIMO GESI<\/strong><\/a><\/p>\n<p><a href=\"file:\/\/\/\/\/s0318069\/Ufficio\/Informatica\/SITO\/VECCHIO\/My%20Web%20Sites\/Ambnairobi\/ambnairobi.esteri.it\/ambasciata_nairobi\/resource\/doc\/2021\/09\/cv_angelica_rossi_firmato.pdf\"><strong>CV ANGELICA ROSSI<\/strong><\/a><\/p>\n<p>&nbsp;<\/p>\n<p><strong>07.09.2021<\/strong><\/p>\n<p>&nbsp;<\/p>\n<p><a href=\"file:\/\/\/\/\/s0318069\/Ufficio\/Informatica\/SITO\/VECCHIO\/My%20Web%20Sites\/Ambnairobi\/ambnairobi.esteri.it\/ambasciata_nairobi\/resource\/doc\/2021\/09\/avviso_prima_sessione_pubblica_21_settembre_2021.pdf\"><strong>AVVISO DATA PRIMA SEDUTA PUBBLICA PER LA PROCEDURA DI AFFIDAMENTO DEI SERVIZI PER LA COSTRUZIONE DI UN NUOVO COMPOUND DA ADIBIRE AD AMBASCIATA D&#8217;ITALIA<\/strong><\/a><\/p>\n<p>&nbsp;<\/p>\n<p><strong>01.02.2021<\/strong><\/p>\n<p><strong>AVVISO DI PRE-INFORMAZIONE<\/strong><\/p>\n<p>L\u2019Ambasciata d\u2019Italia a Nairobi informa dell\u2019intenzione di pubblicare a breve termine un bando di gara per l\u2019esternalizzazione dei servizi ausiliari in materia di visti d\u2019ingresso i cui dettagli saranno pubblicati sul sito web dell\u2019Ambasciata www.ambnairobi.esteri.it che si suggerisce pertanto di monitorare costantemente.<\/p>\n<p>La concessione in oggetto riguarda i seguenti servizi: fornire informazioni generali sui requisiti per presentare la domanda di visto nazionale o Schengen, sui documenti giustificativi richiesti, raccogliere le domande di visto e trasmetterle all\u2019Ambasciata, riscuotere i diritti per i visti, gestire gli appuntamenti dei richiedenti, ritirare i documenti di viaggio compresa la notifica di rifiuto, se del caso, presso l\u2019Ambasciata, e restituirli al richiedente, raccogliere la documentazione, incluse le percezioni consolari previste, e consegnarla all\u2019Ambasciata.<\/p>\n<p>Si informa che la media dei visti trattati nell\u2019ultimo triennio \u00e8 stata di circa 12.000 visti.<\/p>\n<p>Alla gara in oggetto sar\u00e0 applicata la procedura ordinaria aperta.<\/p>\n<p>I recapiti dell\u2019Ambasciata sono i seguenti: Ambasciata d\u2019Italia a Nairobi, United Nations Crescent \u2013 Gigiri, Nairobi. Tel. +254 20 513 7500, email: amb.nairobi@esteri.it<\/p>\n<p>&nbsp;<\/p>\n<p><strong>13.01.2021<\/strong><\/p>\n<p><strong>AVVISO DI INDIZIONE GARA CIG. 8508386E3B &#8211; CHIARIMENTI VI<\/strong><\/p>\n<p>Si pubblicano qui di seguito, a seguito relative richieste pervenute, alcuni chiarimenti concernenti l\u2019 avviso di indizione gara CIG. 8508386E3B.<\/p>\n<p>Allegato:<\/p>\n<p><a href=\"file:\/\/\/\/\/s0318069\/Ufficio\/Informatica\/SITO\/VECCHIO\/My%20Web%20Sites\/Ambnairobi\/ambnairobi.esteri.it\/ambasciata_nairobi\/resource\/doc\/2021\/01\/faq_-_13.01.2021.pdf\">FAQ 13.01.2021.pdf<\/a><\/p>\n<p>&nbsp;<\/p>\n<p><strong>11.01.2021<\/strong><\/p>\n<p><strong>AVVISO DI INDIZIONE GARA CIG. 8508386E3B &#8211; CHIARIMENTI V<\/strong><\/p>\n<p>Si pubblicano qui di seguito, a seguito relative richieste pervenute, alcuni chiarimenti concernenti l\u2019 avviso di indizione gara CIG. 8508386E3B.<\/p>\n<p>Allegato:<\/p>\n<ul>\n<li><a href=\"file:\/\/\/\/\/s0318069\/Ufficio\/Informatica\/SITO\/VECCHIO\/My%20Web%20Sites\/Ambnairobi\/ambnairobi.esteri.it\/ambasciata_nairobi\/resource\/doc\/2021\/01\/faq_08.01.2021_bando_gara_-cig._n._8508386e3b_.pdf\">FAQ 08.01.2021.pdf<\/a><\/li>\n<\/ul>\n<p>&nbsp;<\/p>\n<p><strong>07.01.2021<\/strong><\/p>\n<p><strong>AVVISO DI INDIZIONE GARA CIG. 8508386E3B &#8211; CHIARIMENTI IV<\/strong><\/p>\n<p>Si pubblicano qui di seguito, a seguito relative richieste pervenute, alcuni chiarimenti concernenti l\u2019 avviso di indizione gara CIG. 8508386E3B.<\/p>\n<p>Allegato:<\/p>\n<ul>\n<li><a href=\"file:\/\/\/\/\/s0318069\/Ufficio\/Informatica\/SITO\/VECCHIO\/My%20Web%20Sites\/Ambnairobi\/ambnairobi.esteri.it\/ambasciata_nairobi\/resource\/doc\/2021\/01\/faq_04.01.2021.pdf\">FAQ 04.01.2021.pdf<\/a><\/li>\n<\/ul>\n<p>&nbsp;<\/p>\n<p><strong>06.01.2021<\/strong><\/p>\n<p><strong>AVVISO DI INDIZIONE GARA CIG. 8508386E3B &#8211; CHIARIMENTI III<\/strong><\/p>\n<p>Si pubblicano qui di seguito, a seguito relative richieste pervenute, alcuni chiarimenti concernenti l\u2019 avviso di indizione gara CIG. 8508386E3B.<\/p>\n<p>Allegato:<\/p>\n<ul>\n<li><a href=\"file:\/\/\/\/\/s0318069\/Ufficio\/Informatica\/SITO\/VECCHIO\/My%20Web%20Sites\/Ambnairobi\/ambnairobi.esteri.it\/ambasciata_nairobi\/resource\/doc\/2021\/01\/faq_05.01.2021.pdf\">FAQ 05.01.2021.pdf<\/a><\/li>\n<\/ul>\n<p>&nbsp;<\/p>\n<p>&nbsp;<\/p>\n<p><strong>30.12.2020<\/strong><\/p>\n<p><strong>AVVISO DI INDIZIONE GARA CIG. 8508386E3B &#8211; CHIARIMENTI II<\/strong><\/p>\n<p>Si pubblicano qui di seguito, a seguito relative richieste pervenute, alcuni chiarimenti concernenti l\u2019 avviso di indizione gara CIG. 8508386E3B.<\/p>\n<p>Allegato:<\/p>\n<ul>\n<li><a href=\"file:\/\/\/\/\/s0318069\/Ufficio\/Informatica\/SITO\/VECCHIO\/My%20Web%20Sites\/Ambnairobi\/ambnairobi.esteri.it\/ambasciata_nairobi\/resource\/doc\/2021\/01\/faq_-_29.12.2020.pdf\">FAQ 29.12.2020.pdf<\/a><\/li>\n<li><a href=\"file:\/\/\/\/\/s0318069\/Ufficio\/Informatica\/SITO\/VECCHIO\/My%20Web%20Sites\/Ambnairobi\/ambnairobi.esteri.it\/ambasciata_nairobi\/resource\/doc\/2020\/12\/allegati_a_b_c_inglese.doc\">Allegati_A_B_C_inglese.doc<\/a><\/li>\n<li><a href=\"file:\/\/\/\/\/s0318069\/Ufficio\/Informatica\/SITO\/VECCHIO\/My%20Web%20Sites\/Ambnairobi\/ambnairobi.esteri.it\/ambasciata_nairobi\/resource\/doc\/2020\/12\/allegati_a_b_c_italiano.docx\">Allegati_A_B_C_italiano.docx<\/a><\/li>\n<\/ul>\n<p>&nbsp;<\/p>\n<p>&nbsp;<\/p>\n<p><strong>22.12.2020<\/strong><\/p>\n<p><strong>AVVISO DI INDIZIONE GARA CIG. 8508386E3B &#8211; CHIARIMENTI I<\/strong><\/p>\n<p>Si pubblicano qui di seguito, a seguito relative richieste pervenute, alcuni chiarimenti concernenti l\u2019 avviso di indizione gara CIG. 8508386E3B.<\/p>\n<p>Allegato:<\/p>\n<ul>\n<li><a href=\"file:\/\/\/\/\/s0318069\/Ufficio\/Informatica\/SITO\/VECCHIO\/My%20Web%20Sites\/Ambnairobi\/ambnairobi.esteri.it\/ambasciata_nairobi\/resource\/doc\/2020\/12\/faq_16.12.2020_bando_gara_-cig._n._8508386e3b_.pdf\">FAQ 16.12.2020.pdf<\/a><\/li>\n<\/ul>\n<p>&nbsp;<\/p>\n<p>&nbsp;<\/p>\n<p><strong>18.12.2020<\/strong><\/p>\n<p><strong>ERRATA CORRIGE &#8211; AVVISO DI INDIZIONE GARA \u2013 CIG. N. 8508386E3B<\/strong><\/p>\n<p>Si comunica che la versione in lingua italiana dell\u2019Avviso di indizione gara per la progettazione della nuova sede dell\u2019Ambasciata d\u2019Italia a Nairobi, pubblicato il 1 dicembre 2020, causa un errore materiale, va modificata come segue:<\/p>\n<ul>\n<li>All\u2019<strong>Art. 4.2<\/strong> del bando viene aggiunto il seguente nuovo Paragrafo C:<\/li>\n<\/ul>\n<p><strong><em>C. City Council and Ministry of Lands building construction plan approval (Approvazione del progetto di costruzione del compound da parte del \u201cCity Council\u201d di Nairobi e del locale \u201cMinistry of Lands\u201d)<\/em><\/strong><\/p>\n<p><em>L\u2019Operatore economico dovr\u00e0 occuparsi di presentare il progetto definitivo (Scheme Design) alla commissione municipale per la sua approvazione. Una volta ottenuto l\u2019assenso delle competenti autorit\u00e0 locali, l\u2019operatore economico potr\u00e0 procedere con la successiva prestazione indicata di seguito alla lettera D\u201d.<\/em><\/p>\n<p>Il precedente Paragrafo C diventa pertanto il Paragrafo D.<\/p>\n<ul>\n<li>L\u2019<strong>Art. 5.2<\/strong> viene cos\u00ec modificato:<\/li>\n<\/ul>\n<p><em>\u201cL\u2019ammontare presunto per l\u2019espletamento dei servizi di cui all\u2019art.4 \u00e8 di \u2026\u2026\u201d (versione precedente: \u201c L\u2019ammontare presunto del servizio \u00e8 di\u2026.\u201d).<\/em><\/p>\n<ul>\n<li>L\u2019<strong>Art. 5.4<\/strong> viene cos\u00ec modificato:<\/li>\n<\/ul>\n<p><em>5.4. <strong>Il tempo di esecuzione previsto<\/strong> per l\u2019elaborazione dei servizi \u00e8 cos\u00ec ripartito:<\/em><\/p>\n<ul>\n<li>\n<ul>\n<li><em><strong>Outline Proposals (Progetto preliminare): 60 giorni<\/strong> naturali e consecutivi a partire dalla sottoscrizione del contratto.<\/em><\/li>\n<li><em><strong>Scheme Design (Progetto definitivo): 60 giorni<\/strong> decorrenti dall\u2019approvazione del Outline Proposals da parte dell\u2019Ambasciata d\u2019Italia a Nairobi.<\/em><\/li>\n<li><em><strong>City council and Ministry of Lands building construction plan approval<\/strong> (Approvazione del progetto di costruzione del compound da parte del \u201cCity Council\u201d di Nairobi e del locale \u201cMinistry of Lands\u201d)<\/em><\/li>\n<li><em><strong>Detailed Design and Production Drawings (Progetto esecutivo): 90 giorni<\/strong> dall\u2019approvazione dello Scheme Design da parte dell\u2019Ambasciata d\u2019Italia a Nairobi e delle Autorit\u00e0 locali competenti (City Council and Ministry of Lands).<\/em><\/li>\n<\/ul>\n<\/li>\n<\/ul>\n<p>&nbsp;<\/p>\n<p>Si fa presente che la versione in lingua inglese del bando, che gi\u00e0 conteneva le suddette modifiche, rimane invece inalterata.<\/p>\n<p>&nbsp;<\/p>\n<p>&nbsp;<\/p>\n<p><strong>01.12.2020<\/strong><\/p>\n<p><a href=\"file:\/\/\/\/\/s0318069\/Ufficio\/Informatica\/SITO\/VECCHIO\/My%20Web%20Sites\/Ambnairobi\/ambnairobi.esteri.it\/ambasciata_nairobi\/resource\/doc\/2020\/11\/avviso_di_gara_italiano.pdf\"><strong>AVVISO DI INDIZIONE GARA PER L\u2019INDIVIDUAZIONE DEI SOGGETTI DA INVITARE ALLA PROCEDURA RISTRETTA PER L\u2019AFFIDAMENTO DEI SERVIZI DI \u201cOUTLINE PROPOSALS\u201d, \u201cSCHEME DESIGN\u201d E \u201cDETAILED DESIGN AND PRODUCTION DRAWINGS\u201d RELATIVI ALLA COSTRUZIONE DI UN NUOVO COMPOUND DA ADIBIRE AD AMBASCIATA D\u2019ITALIA NEL TERRENO SITO IN LIMURU ROAD, NAIROBI (KENYA) NEL QUARTIERE DI MUTHAIGA \u2013 CIG N. 8508386E3B<\/strong><\/a><\/p>\n<p><strong><a href=\"file:\/\/\/\/\/s0318069\/Ufficio\/Informatica\/SITO\/VECCHIO\/My%20Web%20Sites\/Ambnairobi\/ambnairobi.esteri.it\/ambasciata_nairobi\/resource\/doc\/2020\/11\/anex1_works_cost_estimate_and_fees_services_calculation.pdf\">ALLEGATO 1 &#8220;WORKS COST ESTIMATE AND FEES SERVICES CALCULATION&#8221;<\/a><\/strong><\/p>\n<p>&nbsp;<\/p>\n<p>&nbsp;<\/p>\n<p><strong>2018<\/strong><\/p>\n<p><strong>Bando di esternalizzazione di servizi relativi allo svolgimento di attivit\u00e0 connesse al rilascio dei visti di ingresso in Italia<\/strong><\/p>\n<ul>\n<li><a href=\"file:\/\/\/\/\/s0318069\/Ufficio\/Informatica\/SITO\/VECCHIO\/My%20Web%20Sites\/Ambnairobi\/ambnairobi.esteri.it\/ambasciata_nairobi\/resource\/doc\/2018\/05\/all_2_bando_di_gara.pdf\">Allegato n. 2 &#8211; Bando di gara<\/a><\/li>\n<li><a href=\"file:\/\/\/\/\/s0318069\/Ufficio\/Informatica\/SITO\/VECCHIO\/My%20Web%20Sites\/Ambnairobi\/ambnairobi.esteri.it\/ambasciata_nairobi\/resource\/doc\/2018\/05\/all_3_norme_di_partecipazione.pdf\">Allegato n. 3 &#8211; Norme di partecipazione &#8211; disciplinare<\/a><\/li>\n<li><a href=\"file:\/\/\/\/\/s0318069\/Ufficio\/Informatica\/SITO\/VECCHIO\/My%20Web%20Sites\/Ambnairobi\/ambnairobi.esteri.it\/ambasciata_nairobi\/resource\/doc\/2018\/05\/all_4_capitolato_tecnico.pdf\">Allegato n. 4 &#8211; Capitolato tecnico di gara<\/a><\/li>\n<li><a href=\"file:\/\/\/\/\/s0318069\/Ufficio\/Informatica\/SITO\/VECCHIO\/My%20Web%20Sites\/Ambnairobi\/ambnairobi.esteri.it\/ambasciata_nairobi\/resource\/doc\/2018\/05\/all_5_domanda_di_ammissione.pdf\">Allegato n. 5 &#8211; Domanda di ammissione<\/a><\/li>\n<li><a href=\"file:\/\/\/\/\/s0318069\/Ufficio\/Informatica\/SITO\/VECCHIO\/My%20Web%20Sites\/Ambnairobi\/ambnairobi.esteri.it\/ambasciata_nairobi\/resource\/doc\/2018\/05\/all_6_sconti_incrementali.pdf\">Allegato n. 6 &#8211; Sconti incrementali<\/a><\/li>\n<li><a href=\"file:\/\/\/\/\/s0318069\/Ufficio\/Informatica\/SITO\/VECCHIO\/My%20Web%20Sites\/Ambnairobi\/ambnairobi.esteri.it\/ambasciata_nairobi\/it\/informazioni_e_servizi\/trasparenza_e_merito\/bando-di-esternalizzazione-q-a.html\">Sezione Q&amp;A<\/a><\/li>\n<\/ul>\n<p>26\/06\/2018 &#8211; <a href=\"file:\/\/\/\/\/s0318069\/Ufficio\/Informatica\/SITO\/VECCHIO\/My%20Web%20Sites\/Ambnairobi\/ambnairobi.esteri.it\/ambasciata_nairobi\/resource\/doc\/2018\/06\/nomina_della_commissione_-_prot._1711.pdf\">Pubblicazione della nomina della commissione di aggiudicazione<\/a><\/p>\n<p>03\/07\/2018 &#8211; Si comunica che la seconda seduta pubblica, inizialmente prevista per il venerd\u00ec 6 luglio alle ore 9.00, \u00e8 posticipata a <strong>luned\u00ec 9 luglio alle ore 13.00<\/strong> presso i locali dell\u2019Ambasciata d\u2019Italia a Nairobi.<\/p>\n<p>15\/04\/2019 &#8211; <a href=\"file:\/\/\/\/\/s0318069\/Ufficio\/Informatica\/SITO\/VECCHIO\/My%20Web%20Sites\/Ambnairobi\/ambnairobi.esteri.it\/ambasciata_nairobi\/resource\/doc\/2019\/04\/avviso_annullamento.pdf\">Comunicazione riguardante la gara per l\u2019esternalizzazione dei visti, avviata con determina a contrarre prot. 1145 del 3 maggio 2018<\/a><\/p>\n<p>&nbsp;<\/p>\n<p><strong>CONTRATTI<\/strong><\/p>\n<p>&nbsp;<\/p>\n<p><strong>Elenco dei pagamenti:<\/strong><\/p>\n<p>&#8211; <a href=\"file:\/\/\/\/\/s0318069\/Ufficio\/Informatica\/SITO\/VECCHIO\/My%20Web%20Sites\/Ambnairobi\/ambnairobi.esteri.it\/ambasciata_nairobi\/resource\/doc\/2018\/04\/elenco_pagamenti_superiori_ai_1000_euro_-_anno_2016_v2.pdf\">Elenco pagamenti superiori ai 1000 euro &#8211; Anno 2016<\/a><\/p>\n<p>&#8211; <a href=\"file:\/\/\/\/\/s0318069\/Ufficio\/Informatica\/SITO\/VECCHIO\/My%20Web%20Sites\/Ambnairobi\/ambnairobi.esteri.it\/ambasciata_nairobi\/resource\/doc\/2020\/06\/elenco_pagamenti_superiori_ai_1000_euro_2017.1.xlsx\">Elenco pagamenti superiori ai 1000 euro &#8211; Anno 2017<\/a><\/p>\n<p>&#8211; <a href=\"file:\/\/\/\/\/s0318069\/Ufficio\/Informatica\/SITO\/VECCHIO\/My%20Web%20Sites\/Ambnairobi\/ambnairobi.esteri.it\/ambasciata_nairobi\/resource\/doc\/2020\/05\/determine_2018_1_vers.xlsx\">Elenco pagamenti superiori ai 1000 euro &#8211; Anno 2018<\/a><\/p>\n<p>&#8211; <a href=\"https:\/\/www.esteri.it\/mae\/it\/trasparenza_comunicazioni_legali\/bandi-gara-contratti\/informazioni-sulle-singole-procedure.html\">Elenco Pagamenti Anno 2019<\/a><\/p>\n<p>Data di ultimo aggiornamento:<strong> 29 Giugno 2023<\/strong><\/p>\n<\/div>\n<hr \/>\n<div class=\"row\"><\/div>\n<\/article>\n<p><span class=\"testobianco\">315<\/span><\/p>\n","protected":false},"excerpt":{"rendered":"27.03.2026 Procedura ristretta per l\u2019affidamento dei servizi di ingegneria e architettura per la Direzione dei lavori e Coordinamento della Sicurezza in Fase di Esecuzione relativo alle opere per la costruzione di un nuovo Compound da adibire ad Ambasciata d\u2019Italia nel terreno sito in Limuru Road, Muthaiga, Nairobi, Kenya \u2013 CIG BB05CD82CE Avviso di indizione Gara [&hellip;]","protected":false},"author":1,"featured_media":0,"parent":35,"menu_order":8,"comment_status":"closed","ping_status":"closed","template":"","meta":{"footnotes":""},"class_list":["post-271","page","type-page","status-publish","hentry"],"_links":{"self":[{"href":"https:\/\/ambnairobi.esteri.it\/it\/wp-json\/wp\/v2\/pages\/271","targetHints":{"allow":["GET"]}}],"collection":[{"href":"https:\/\/ambnairobi.esteri.it\/it\/wp-json\/wp\/v2\/pages"}],"about":[{"href":"https:\/\/ambnairobi.esteri.it\/it\/wp-json\/wp\/v2\/types\/page"}],"author":[{"embeddable":true,"href":"https:\/\/ambnairobi.esteri.it\/it\/wp-json\/wp\/v2\/users\/1"}],"replies":[{"embeddable":true,"href":"https:\/\/ambnairobi.esteri.it\/it\/wp-json\/wp\/v2\/comments?post=271"}],"version-history":[{"count":7,"href":"https:\/\/ambnairobi.esteri.it\/it\/wp-json\/wp\/v2\/pages\/271\/revisions"}],"predecessor-version":[{"id":5110,"href":"https:\/\/ambnairobi.esteri.it\/it\/wp-json\/wp\/v2\/pages\/271\/revisions\/5110"}],"up":[{"embeddable":true,"href":"https:\/\/ambnairobi.esteri.it\/it\/wp-json\/wp\/v2\/pages\/35"}],"wp:attachment":[{"href":"https:\/\/ambnairobi.esteri.it\/it\/wp-json\/wp\/v2\/media?parent=271"}],"curies":[{"name":"wp","href":"https:\/\/api.w.org\/{rel}","templated":true}]}}