{"id":305,"date":"2023-07-19T10:19:15","date_gmt":"2023-07-19T08:19:15","guid":{"rendered":"https:\/\/ambnairobi.esteri.it\/?page_id=305"},"modified":"2025-11-15T14:12:51","modified_gmt":"2025-11-15T13:12:51","slug":"messaggio-dellambasciatore","status":"publish","type":"page","link":"https:\/\/ambnairobi.esteri.it\/it\/chi-siamo\/lambasciatore\/messaggio-dellambasciatore\/","title":{"rendered":"Messaggio dell\u2019Ambasciatore"},"content":{"rendered":"<p><strong>Messaggio dell\u2019Ambasciatore Designato Vincenzo Del Monaco<\/strong><\/p>\n<p>&#8220;Onorato, assieme alla mia squadra, di fare leva sul dinamismo delle relazioni con il Kenya e coglierne il potenziale nella cornice del Piano Mattei. Contribuir\u00f2 al dialogo con la UE. Ricercher\u00f2 convergenze con Nairobi nelle organizzazioni e fori di comune appartenenza. Servir\u00f2 la collettivit\u00e0 italiana.&#8221;<\/p>\n","protected":false},"excerpt":{"rendered":"Messaggio dell\u2019Ambasciatore Designato Vincenzo Del Monaco &#8220;Onorato, assieme alla mia squadra, di fare leva sul dinamismo delle relazioni con il Kenya e coglierne il potenziale nella cornice del Piano Mattei. Contribuir\u00f2 al dialogo con la UE. Ricercher\u00f2 convergenze con Nairobi nelle organizzazioni e fori di comune appartenenza. Servir\u00f2 la collettivit\u00e0 italiana.&#8221;","protected":false},"author":4,"featured_media":0,"parent":38,"menu_order":0,"comment_status":"closed","ping_status":"closed","template":"","meta":{"footnotes":""},"class_list":["post-305","page","type-page","status-publish","hentry"],"_links":{"self":[{"href":"https:\/\/ambnairobi.esteri.it\/it\/wp-json\/wp\/v2\/pages\/305","targetHints":{"allow":["GET"]}}],"collection":[{"href":"https:\/\/ambnairobi.esteri.it\/it\/wp-json\/wp\/v2\/pages"}],"about":[{"href":"https:\/\/ambnairobi.esteri.it\/it\/wp-json\/wp\/v2\/types\/page"}],"author":[{"embeddable":true,"href":"https:\/\/ambnairobi.esteri.it\/it\/wp-json\/wp\/v2\/users\/4"}],"replies":[{"embeddable":true,"href":"https:\/\/ambnairobi.esteri.it\/it\/wp-json\/wp\/v2\/comments?post=305"}],"version-history":[{"count":4,"href":"https:\/\/ambnairobi.esteri.it\/it\/wp-json\/wp\/v2\/pages\/305\/revisions"}],"predecessor-version":[{"id":4204,"href":"https:\/\/ambnairobi.esteri.it\/it\/wp-json\/wp\/v2\/pages\/305\/revisions\/4204"}],"up":[{"embeddable":true,"href":"https:\/\/ambnairobi.esteri.it\/it\/wp-json\/wp\/v2\/pages\/38"}],"wp:attachment":[{"href":"https:\/\/ambnairobi.esteri.it\/it\/wp-json\/wp\/v2\/media?parent=305"}],"curies":[{"name":"wp","href":"https:\/\/api.w.org\/{rel}","templated":true}]}}