{"id":3063,"date":"2025-04-02T12:50:10","date_gmt":"2025-04-02T10:50:10","guid":{"rendered":"https:\/\/ambnairobi.esteri.it\/?page_id=3063"},"modified":"2025-04-30T14:38:48","modified_gmt":"2025-04-30T12:38:48","slug":"voto-per-corrispondenza-dei-cittadini-italiani-residenti-allestero-e-opzione-per-il-voto-in-italia","status":"publish","type":"page","link":"https:\/\/ambnairobi.esteri.it\/it\/servizi-consolari-e-visti\/servizi-per-il-cittadino-italiano\/servizi-elettorali-2\/referendum-abrogativi-dell08-09-giugno-2025\/voto-per-corrispondenza-dei-cittadini-italiani-residenti-allestero-e-opzione-per-il-voto-in-italia\/","title":{"rendered":"Voto per Corrispondenza &#8211; cittadini italiani residenti all\u2019estero e opzione per il voto in Italia"},"content":{"rendered":"<p style=\"text-align: justify;\">Con decreti del Presidente della Repubblica del 31\/03\/2025, pubblicati nella Gazzetta Ufficiale del 31\/03\/2025, \u00e8 stata fissata ai\u00a0<strong>giorni 8 e 9 GIUGNO 2025\u00a0<\/strong>la data dei referendum abrogativi ex art. 75 della Costituzione.<\/p>\n<p style=\"text-align: justify;\">Si ricorda che\u00a0<strong>il VOTO \u00e8 un DIRITTO<\/strong>\u00a0tutelato dalla Costituzione Italiana e che, in base alla Legge 27 dicembre 2001, n. 459, i cittadini italiani residenti all\u2019estero, iscritti nelle liste elettorali, possono<strong>\u00a0VOTARE PER POSTA<\/strong>, ricevendo il plico elettorale al proprio indirizzo di residenza. A tal fine, si raccomanda di controllare e regolarizzare la propria situazione anagrafica e di indirizzo presso l\u2019Ufficio consolare competente, utilizzando il portale online dei servizi consolari\u00a0<a href=\"https:\/\/serviziconsolari.esteri.it\/ScoFE\/index.sco\"><strong>Fast It<\/strong><\/a>.<\/p>\n<p style=\"text-align: justify;\"><strong>In alternativa al voto per corrispondenza,\u00a0gli elettori iscritti all\u2019AIRE\u00a0possono SCEGLIERE DI VOTARE IN ITALIA PRESSO IL PROPRIO COMUNE DI ISCRIZIONE ELETTORALE,\u00a0comunicando\u00a0per iscritto la propria scelta (OPZIONE) al Consolato entro il 10\u00b0 giorno successivo alla indizione delle votazioni<\/strong>. Gli elettori che scelgono di votare in Italia in occasione della prossima consultazione referendaria, riceveranno dai rispettivi Comuni italiani la cartolina-avviso per votare presso i seggi elettorali in Italia. La scelta (opzione) di votare in Italia vale solo per la consultazione referendaria rispetto alla quale \u00e8 espressa.<\/p>\n<p style=\"text-align: justify;\">Si ribadisce che in ogni caso<strong>\u00a0<\/strong><strong>l\u2019opzione\u00a0<\/strong><strong>DEVE\u00a0PERVENIRE<\/strong><strong>\u00a0all\u2019Ufficio consolare NON OLTRE I DIECI GIORNI SUCCESSIVI A QUELLO DELL\u2019INDIZIONE DELLE VOTAZIONI, OVVERO\u00a0<\/strong><strong>ENTRO IL GIORNO\u00a0<u>10\/04\/2025<\/u>.\u00a0<\/strong>Tale comunicazione pu\u00f2 essere scritta su carta semplice e \u2013 per essere valida \u2013 deve contenere nome, cognome, data e luogo di nascita, luogo di residenza e\u00a0<strong>firma<\/strong>\u00a0dell\u2019elettore, accompagnata da copia di un documento di identit\u00e0 del dichiarante. \u00a0Per tale comunicazione si pu\u00f2 anche utilizzare l\u2019apposito modulo scaricabile dal sito web del Ministero degli Affari Esteri e della Cooperazione Internazionale (<a href=\"http:\/\/www.esteri.it\/\">www.esteri.it<\/a>) oppure si pu\u00f2 utilizzare il modulo (<a href=\"https:\/\/ambnairobi.esteri.it\/wp-content\/uploads\/2025\/04\/Referendum2025.pdf\">clicca qui per scaricarlo<\/a>) debitamente compilato, firmato e accompagnato da un documento d\u2019identit\u00e0. La comunicazione in carta libera o il modulo deve essere inviato\/consegnato:<\/p>\n<ul style=\"text-align: justify;\">\n<li>per posta elettronica ordinaria a\u00a0\u2013\u00a0<a href=\"mailto:consolare.nairobi@esteri.it\">consolare.nairobi@esteri.it<\/a>\u00a0<strong>;<\/strong><\/li>\n<li>per posta elettronica certificata (PEC) \u2013\u00a0<a href=\"mailto:amb.nairobi@cert.esteri.it%20\">amb.nairobi@cert.esteri.it\u00a0<\/a><strong>;<\/strong><\/li>\n<li><strong>per posta ordinaria \u2013\u00a0<\/strong>l\u2019Ambasciata d\u2019Italia a Nairobi\u00a0<strong>P.O. BOX 63389 \u2013 00619, Muthaiga, Nairobi<\/strong><\/li>\n<li>a mano, presso l\u2019Ambasciata d\u2019Italia a Nairobi \u2013 United Nations Crescent, Gigiri, Nairobi \u2013 dal luned\u00ec al gioved\u00ec dalle ore 8:00 alle ore 16:00 e il venerd\u00ec dalle ore 08:00 alle ore 14:00.<\/li>\n<\/ul>\n<p style=\"text-align: justify;\">Come prescritto dalla normativa vigente, sar\u00e0 cura degli elettori verificare che la comunicazione di opzione spedita per posta sia stata ricevuta in tempo utile dal proprio Ufficio consolare.\u00a0<strong>Le richieste pervenute oltre il termine sopra indicato NON potranno essere ritenute valide.<\/strong><\/p>\n<p style=\"text-align: justify;\">La scelta di votare in Italia pu\u00f2 essere successivamente\u00a0<strong>REVOCATA<\/strong>\u00a0con una comunicazione scritta da inviare o consegnare all\u2019Ufficio consolare con le stesse modalit\u00e0 ed entro la stessa data prevista per l\u2019esercizio dell\u2019opzione.<\/p>\n<p style=\"text-align: justify;\">Se si sceglie di rientrare in Italia per votare, la Legge\u00a0<strong>NON<\/strong>\u00a0prevede alcun tipo di\u00a0<strong>rimborso<\/strong>\u00a0per le spese di viaggio sostenute, ma solo agevolazioni tariffarie all\u2019interno del territorio italiano.<\/p>\n<p style=\"text-align: justify;\"><strong>L\u2019AMBASCIATA D\u2019ITALIA A NAIROBI \u00c8 A DISPOSIZIONE PER OGNI ULTERIORE CHIARIMENTO.<\/strong><\/p>\n","protected":false},"excerpt":{"rendered":"Con decreti del Presidente della Repubblica del 31\/03\/2025, pubblicati nella Gazzetta Ufficiale del 31\/03\/2025, \u00e8 stata fissata ai\u00a0giorni 8 e 9 GIUGNO 2025\u00a0la data dei referendum abrogativi ex art. 75 della Costituzione. Si ricorda che\u00a0il VOTO \u00e8 un DIRITTO\u00a0tutelato dalla Costituzione Italiana e che, in base alla Legge 27 dicembre 2001, n. 459, i cittadini [&hellip;]","protected":false},"author":6,"featured_media":0,"parent":3040,"menu_order":0,"comment_status":"closed","ping_status":"closed","template":"","meta":{"footnotes":""},"class_list":["post-3063","page","type-page","status-publish","hentry"],"_links":{"self":[{"href":"https:\/\/ambnairobi.esteri.it\/it\/wp-json\/wp\/v2\/pages\/3063","targetHints":{"allow":["GET"]}}],"collection":[{"href":"https:\/\/ambnairobi.esteri.it\/it\/wp-json\/wp\/v2\/pages"}],"about":[{"href":"https:\/\/ambnairobi.esteri.it\/it\/wp-json\/wp\/v2\/types\/page"}],"author":[{"embeddable":true,"href":"https:\/\/ambnairobi.esteri.it\/it\/wp-json\/wp\/v2\/users\/6"}],"replies":[{"embeddable":true,"href":"https:\/\/ambnairobi.esteri.it\/it\/wp-json\/wp\/v2\/comments?post=3063"}],"version-history":[{"count":4,"href":"https:\/\/ambnairobi.esteri.it\/it\/wp-json\/wp\/v2\/pages\/3063\/revisions"}],"predecessor-version":[{"id":3692,"href":"https:\/\/ambnairobi.esteri.it\/it\/wp-json\/wp\/v2\/pages\/3063\/revisions\/3692"}],"up":[{"embeddable":true,"href":"https:\/\/ambnairobi.esteri.it\/it\/wp-json\/wp\/v2\/pages\/3040"}],"wp:attachment":[{"href":"https:\/\/ambnairobi.esteri.it\/it\/wp-json\/wp\/v2\/media?parent=3063"}],"curies":[{"name":"wp","href":"https:\/\/api.w.org\/{rel}","templated":true}]}}