{"id":3136,"date":"2025-04-04T09:20:21","date_gmt":"2025-04-04T07:20:21","guid":{"rendered":"https:\/\/ambnairobi.esteri.it\/?page_id=3136"},"modified":"2025-04-30T13:49:58","modified_gmt":"2025-04-30T11:49:58","slug":"decreto-consolare","status":"publish","type":"page","link":"https:\/\/ambnairobi.esteri.it\/it\/servizi-consolari-e-visti\/servizi-per-il-cittadino-italiano\/passaporti-e-carte-didentita\/passaporti\/decreto-consolare\/","title":{"rendered":"Decreto Consolare"},"content":{"rendered":"<p style=\"text-align: justify;\">Se un genitore si rifiuta di firmare l\u2019atto di assenso il richiedente pu\u00f2 avviare la procedura di richiesta di emissione di un Decreto Consolare con il quale il Console Generale, in veste di Giudice Tutelare, puo\u2019 eccezionalmente autorizzare il rilascio del passaporto o della carta d\u2019identit\u00e0. Questo procedimento deve essere richiesto tramite una domanda scritta dell\u2019interessato, indicando i motivi del mancato assenso e le ragioni per cui il rifiuto viene eventualmente ritenuto pretestuoso o ingiustificato. La domanda deve contenere informazioni dettagliate circa gli obblighi imposti alla patria potest\u00e0 e all\u2019affidamento del minore. La richiesta deve indicare inoltre l\u2019ultimo indirizzo ed il numero(i) di telefono del genitore non consenziente, in modo che l\u2019Ufficio Consolare provi a contattarlo direttamente. Si fa presente che, in fase istruttoria, l\u2019Ufficio potr\u00e0 richiedere documentazione supplementare a comprova delle dichiarazioni ricevute.<\/p>\n<p style=\"text-align: justify;\">Se si verifica che le ragioni del dissenso dell\u2019altro genitore sono effettivamente ingiustificate, il Capo della Cancelleria Consolare, in qualit\u00e0 di Giudice Tutelare e con apposito Decreto, pu\u00f2 autorizzare il rilascio del passaporto e\/o della Carta d\u2019Identit\u00e0.<\/p>\n<p style=\"text-align: justify;\">Questa procedura di volontaria giurisdizione \u00e8 da considerarsi di natura eccezionale e pu\u00f2 essere di conseguenza utilizzata solo in caso di assoluta impossibilit\u00e0 ad ottenere l\u2019atto di assenso previsto dalla legge da parte del richiedente.<\/p>\n","protected":false},"excerpt":{"rendered":"Se un genitore si rifiuta di firmare l\u2019atto di assenso il richiedente pu\u00f2 avviare la procedura di richiesta di emissione di un Decreto Consolare con il quale il Console Generale, in veste di Giudice Tutelare, puo\u2019 eccezionalmente autorizzare il rilascio del passaporto o della carta d\u2019identit\u00e0. Questo procedimento deve essere richiesto tramite una domanda scritta [&hellip;]","protected":false},"author":6,"featured_media":0,"parent":3674,"menu_order":0,"comment_status":"closed","ping_status":"closed","template":"","meta":{"footnotes":""},"class_list":["post-3136","page","type-page","status-publish","hentry"],"_links":{"self":[{"href":"https:\/\/ambnairobi.esteri.it\/it\/wp-json\/wp\/v2\/pages\/3136","targetHints":{"allow":["GET"]}}],"collection":[{"href":"https:\/\/ambnairobi.esteri.it\/it\/wp-json\/wp\/v2\/pages"}],"about":[{"href":"https:\/\/ambnairobi.esteri.it\/it\/wp-json\/wp\/v2\/types\/page"}],"author":[{"embeddable":true,"href":"https:\/\/ambnairobi.esteri.it\/it\/wp-json\/wp\/v2\/users\/6"}],"replies":[{"embeddable":true,"href":"https:\/\/ambnairobi.esteri.it\/it\/wp-json\/wp\/v2\/comments?post=3136"}],"version-history":[{"count":1,"href":"https:\/\/ambnairobi.esteri.it\/it\/wp-json\/wp\/v2\/pages\/3136\/revisions"}],"predecessor-version":[{"id":3139,"href":"https:\/\/ambnairobi.esteri.it\/it\/wp-json\/wp\/v2\/pages\/3136\/revisions\/3139"}],"up":[{"embeddable":true,"href":"https:\/\/ambnairobi.esteri.it\/it\/wp-json\/wp\/v2\/pages\/3674"}],"wp:attachment":[{"href":"https:\/\/ambnairobi.esteri.it\/it\/wp-json\/wp\/v2\/media?parent=3136"}],"curies":[{"name":"wp","href":"https:\/\/api.w.org\/{rel}","templated":true}]}}