{"id":3164,"date":"2025-04-04T09:32:45","date_gmt":"2025-04-04T07:32:45","guid":{"rendered":"https:\/\/ambnairobi.esteri.it\/?page_id=3164"},"modified":"2025-04-04T09:32:45","modified_gmt":"2025-04-04T07:32:45","slug":"modulo-di-assenso","status":"publish","type":"page","link":"https:\/\/ambnairobi.esteri.it\/it\/servizi-consolari-e-visti\/servizi-per-il-cittadino-italiano\/passaporti-e-carte-didentita\/modulo-di-assenso\/","title":{"rendered":"Modulo di assenso"},"content":{"rendered":"<p style=\"text-align: justify;\">In caso di decesso di uno dei genitori basta presentare una copia del certificato di morte.<br \/>\nLa legge non consente deroghe all&#8217;atto di assenso, tranne in caso di emissione di un Decreto Consolare (vedi sotto).<\/p>\n<p style=\"text-align: justify;\">Modalit\u00e0 di apposizione della firma per la concessione dell\u2019assenso:<br \/>\n&#8211; cittadini dell&#8217;Unione europea*: si pu\u00f2 firmare l&#8217;assenso a casa ed allegare una fotocopia di un documento d&#8217;identit\u00e0 valido UE limitatamente alle pagine che mostrano la foto, i dati personali e la firma. L&#8217;assenso pu\u00f2 essere presentato dal richiedente assieme alla domanda di passaporto o carta d&#8217;identit\u00e0;<br \/>\n&#8211; cittadini non comunitari (NON UE): devono firmare l&#8217;assenso alla presenza di un funzionario Consolare.<\/p>\n<p style=\"text-align: justify;\">(*) L&#8217;Unione Europea comprende i seguenti 27 paesi membri: Austria, Belgio, Bulgaria, Cipro, Danimarca, Estonia, Finlandia, Francia, Germania, Grecia, Irlanda, Italia, Lettonia, Lituania, Lussemburgo, Malta, Paesi Bassi, Polonia, Portogallo, Regno Unito, Repubblica Ceca, Romania, Slovacchia, Slovenia, Spagna, Svezia, Ungheria.<\/p>\n<p style=\"text-align: justify;\">In quest\u2019ultimo caso l&#8217;autentica della firma pu\u00f2 essere effettuata:<br \/>\n&#8211; dal funzionario Consolare addetto, nel caso di domanda presentata personalmente presso l\u2019Ambasciata d\u2019Italia a Nairobi;<br \/>\n&#8211; dal funzionario del Consolato Onorario pi\u00f9 vicino alla propria residenza (vedi\u00a0<a title=\"Vai alla sezione della Rete Consolare\" href=\"https:\/\/ambnairobi.esteri.it\/it\/chi-siamo\/la-rete-consolare\/\"><strong>rete consolare<\/strong><\/a>);<br \/>\n&#8211; da un funzionario Consolare in qualsiasi altro Paese del mondo dove vi \u00e8 una rappresentanza diplomatica Italiana;<br \/>\n&#8211; da un\u2019altra pubblica Autorit\u00e0 preposta a tale compito (ad esempio: Notaio, Ufficio di Polizia, Funzionario Comunale, ecc.).<\/p>\n<p>Modulo &#8211; <strong> <a href=\"https:\/\/ambnairobi.esteri.it\/it\/servizi-consolari-e-visti\/servizi-per-il-cittadino-italiano\/modulistica-consolare\/\">Modulistica Consolare \u2013 Ambasciata d&#8217;Italia Nairobi<\/a><\/strong><\/p>\n","protected":false},"excerpt":{"rendered":"In caso di decesso di uno dei genitori basta presentare una copia del certificato di morte. La legge non consente deroghe all&#8217;atto di assenso, tranne in caso di emissione di un Decreto Consolare (vedi sotto). Modalit\u00e0 di apposizione della firma per la concessione dell\u2019assenso: &#8211; cittadini dell&#8217;Unione europea*: si pu\u00f2 firmare l&#8217;assenso a casa ed [&hellip;]","protected":false},"author":6,"featured_media":0,"parent":49,"menu_order":0,"comment_status":"closed","ping_status":"closed","template":"","meta":{"footnotes":""},"class_list":["post-3164","page","type-page","status-publish","hentry"],"_links":{"self":[{"href":"https:\/\/ambnairobi.esteri.it\/it\/wp-json\/wp\/v2\/pages\/3164","targetHints":{"allow":["GET"]}}],"collection":[{"href":"https:\/\/ambnairobi.esteri.it\/it\/wp-json\/wp\/v2\/pages"}],"about":[{"href":"https:\/\/ambnairobi.esteri.it\/it\/wp-json\/wp\/v2\/types\/page"}],"author":[{"embeddable":true,"href":"https:\/\/ambnairobi.esteri.it\/it\/wp-json\/wp\/v2\/users\/6"}],"replies":[{"embeddable":true,"href":"https:\/\/ambnairobi.esteri.it\/it\/wp-json\/wp\/v2\/comments?post=3164"}],"version-history":[{"count":1,"href":"https:\/\/ambnairobi.esteri.it\/it\/wp-json\/wp\/v2\/pages\/3164\/revisions"}],"predecessor-version":[{"id":3166,"href":"https:\/\/ambnairobi.esteri.it\/it\/wp-json\/wp\/v2\/pages\/3164\/revisions\/3166"}],"up":[{"embeddable":true,"href":"https:\/\/ambnairobi.esteri.it\/it\/wp-json\/wp\/v2\/pages\/49"}],"wp:attachment":[{"href":"https:\/\/ambnairobi.esteri.it\/it\/wp-json\/wp\/v2\/media?parent=3164"}],"curies":[{"name":"wp","href":"https:\/\/api.w.org\/{rel}","templated":true}]}}