{"id":3269,"date":"2025-04-04T11:44:59","date_gmt":"2025-04-04T09:44:59","guid":{"rendered":"https:\/\/ambnairobi.esteri.it\/?page_id=3269"},"modified":"2025-04-04T14:02:01","modified_gmt":"2025-04-04T12:02:01","slug":"procedura-per-la-presentazione-della-domanda-di-cittadinanza","status":"publish","type":"page","link":"https:\/\/ambnairobi.esteri.it\/it\/servizi-consolari-e-visti\/servizi-per-il-cittadino-straniero\/cittadinanza\/cittadinanza-italiana-tramite-jure-matrimonii\/procedura-per-la-presentazione-della-domanda-di-cittadinanza\/","title":{"rendered":"PROCEDURA PER LA PRESENTAZIONE DELLA DOMANDA DI CITTADINANZA"},"content":{"rendered":"<p style=\"text-align: justify; padding-left: 40px;\">Si segnala che, a partire dal 18 gennaio 2021, \u00e8 operativo il portale \u201cCIVES\u201d, il nuovo sistema di gestione informatizzata delle istanze di conferimento della cittadinanza italiana.<br \/>\nLe domande di cittadinanza dovranno pertanto essere presentate online, tramite tale Portale.<br \/>\nPer ricevere le credenziali personali di accesso al Portale, occorre registrarsi sul sito:\u00a0<a href=\"https:\/\/portaleservizi.dlci.interno.it\/AliCittadinanza\/ali\/home.htm\">https:\/\/portaleservizi.dlci.interno.it\/AliCittadinanza\/ali\/home.htm<\/a><\/p>\n<p style=\"text-align: justify; padding-left: 40px;\">NOTA:<\/p>\n<ul>\n<li style=\"list-style-type: none;\">\n<ul style=\"text-align: justify;\">\n<li>il portale \u00e8 disponibile solo in lingua italiana;<\/li>\n<li>Il portale \u00e8 disponibile dal luned\u00ec al venerd\u00ec 08:00 &#8211; 20:00 e il sabato 08:00 &#8211; 14:00 ore Italiane.<\/li>\n<\/ul>\n<\/li>\n<\/ul>\n<p style=\"text-align: justify; padding-left: 40px;\">Una volta effettuato l\u2019accesso al Portale, il\/la richiedente dovr\u00e0 inserire una serie di dati e i seguenti documenti:<\/p>\n<ol>\n<li style=\"list-style-type: none;\">\n<ol>\n<li style=\"text-align: justify;\">documento di riconoscimento in corso di validit\u00e0;<\/li>\n<li style=\"text-align: justify;\">certificato di nascita;<\/li>\n<li style=\"text-align: justify;\">certificato penale del Paese di origine;<\/li>\n<li style=\"text-align: justify;\">Eventuali Certificati penali degli altri paesi in cui si \u00e8 risieduto dopo il compimento dei quattordici (14) anni di et\u00e0;<\/li>\n<li style=\"text-align: justify;\">Estratto per riassunto dai registri dell\u2019atto di matrimonio rilasciato dal competente Comune italiano;<\/li>\n<li style=\"text-align: justify;\">Certificazione attestante la conoscenza della lingua italiana, non inferiore al livello B1 del <strong><a href=\"https:\/\/italiana.esteri.it\/italiana\/wp-content\/uploads\/2020\/12\/Tabella-Certificazioni-Lingua-Italiana-2020.pdf\">QCER<\/a><\/strong> (Quadro Comune Europeo Di Riferimento Per Le Lingue);<\/li>\n<li style=\"text-align: justify;\">Ricevuta del pagamento del contributo di euro 250,00 previsto dal Decreto Legge 4 ottobre 2018, n.113, con l\u2019indicazione del NOME e COGNOME del richiedente la cittadinanza, da effettuare a favore del Ministero dell\u2019Interno sul conto corrente postale intestato a:<\/li>\n<\/ol>\n<\/li>\n<\/ol>\n<ul>\n<li style=\"list-style-type: none;\">\n<ul>\n<li style=\"list-style-type: none;\">\n<ul>\n<li style=\"text-align: justify;\"><strong>\u201cMinistero dell\u2019Interno D.L.C.I Cittadinanza\u201d<\/strong>\n<ul>\n<li style=\"text-align: justify;\">Nome della Banca: <strong>Poste Italiane S.p.A.<\/strong><\/li>\n<li style=\"text-align: justify;\">Indirizzo della Banca: <strong>Viale Europa 175 &#8211; Roma<\/strong><\/li>\n<li style=\"text-align: justify;\">IBAN: <strong>IT54D0760103200000000809020<\/strong><\/li>\n<li style=\"text-align: justify;\">Motivo della rimessa: <strong>Richiesta cittadinanza per matrimonio ex art. 5 L. 91\/1992 + nome e cognome del richiedente<\/strong><\/li>\n<li style=\"text-align: justify;\">BIC \/ SWIFT CODE di Poste Italiane: <strong>BPPIITRRXX<\/strong><\/li>\n<li style=\"text-align: justify;\">BIC\/SWIFT Code: <strong>PIBPITRA<\/strong> (for transactions of the EUROGIRO system)<\/li>\n<li style=\"text-align: justify;\">Euro <strong>250,00<\/strong><\/li>\n<\/ul>\n<\/li>\n<\/ul>\n<\/li>\n<\/ul>\n<\/li>\n<\/ul>\n<p style=\"text-align: justify;\"><strong>NOTA BENE:<\/strong><\/p>\n<ul>\n<li style=\"list-style-type: none;\">\n<ul style=\"text-align: justify;\">\n<li>I documenti menzionati nei punti 1, 2, 3 e 4 dovranno essere corredati da legalizzazione e traduzione prima di essere caricati sul portale.<\/li>\n<\/ul>\n<\/li>\n<\/ul>\n<ul>\n<li style=\"list-style-type: none;\">\n<ul style=\"text-align: justify;\">\n<li>La legalizzazione viene effettuata con Apostille se il Paese ha firmato la Convenzione dell\u2019Aja del 05.10.1961. Se il Paese non \u00e8 firmatario di tale Convenzione, la legalizzazione deve essere effettuata dall\u2019Ambasciata o dal Consolato Generale competente per il Paese di rilascio.\n<div><\/div>\n<\/li>\n<li>I documenti in lingua straniera devono essere corredati da una traduzione in lingua italiana certificata conforme al testo straniero dall\u2019Ambasciata\/Consolato competente oppure legalizzata con Apostille.\n<div><\/div>\n<\/li>\n<li>I certificati indicati nei punti 3) e 4) hanno una validit\u00e0 massima di sei (6) mesi a partire dalla data di rilascio.\n<div><\/div>\n<\/li>\n<li>Si raccomanda di inserire i dati in maniera completa e corretta. Eventuali errori di digitazione o l\u2019invio di domande incomplete comportano infatti il rigetto della domanda.\n<div><\/div>\n<\/li>\n<li>In caso una domanda fosse rigettata il richiedente dovr\u00e0 ricaricare la domanda dall\u2019inizio ed effettuare un nuovo pagamento.\n<div><\/div>\n<\/li>\n<li>Le generalit\u00e0 inserite dovranno corrispondere esattamente a quelle riportate nell\u2019atto di nascita del Paese di origine del richiedente (Circolare n. 462 del 18\/01\/2019 del Ministero dell\u2019Interno) e a quelle contenute nel\/nei certificato\/i penale\/i \u2013 oltrech\u00e9, ovviamente, nel passaporto e in tutti gli atti rilasciati a suo favore. Per le donne, deve essere riportato il cognome da nubile.<\/li>\n<\/ul>\n<\/li>\n<\/ul>\n","protected":false},"excerpt":{"rendered":"Si segnala che, a partire dal 18 gennaio 2021, \u00e8 operativo il portale \u201cCIVES\u201d, il nuovo sistema di gestione informatizzata delle istanze di conferimento della cittadinanza italiana. Le domande di cittadinanza dovranno pertanto essere presentate online, tramite tale Portale. Per ricevere le credenziali personali di accesso al Portale, occorre registrarsi sul sito:\u00a0https:\/\/portaleservizi.dlci.interno.it\/AliCittadinanza\/ali\/home.htm NOTA: il portale [&hellip;]","protected":false},"author":6,"featured_media":0,"parent":365,"menu_order":0,"comment_status":"closed","ping_status":"closed","template":"","meta":{"footnotes":""},"class_list":["post-3269","page","type-page","status-publish","hentry"],"_links":{"self":[{"href":"https:\/\/ambnairobi.esteri.it\/it\/wp-json\/wp\/v2\/pages\/3269","targetHints":{"allow":["GET"]}}],"collection":[{"href":"https:\/\/ambnairobi.esteri.it\/it\/wp-json\/wp\/v2\/pages"}],"about":[{"href":"https:\/\/ambnairobi.esteri.it\/it\/wp-json\/wp\/v2\/types\/page"}],"author":[{"embeddable":true,"href":"https:\/\/ambnairobi.esteri.it\/it\/wp-json\/wp\/v2\/users\/6"}],"replies":[{"embeddable":true,"href":"https:\/\/ambnairobi.esteri.it\/it\/wp-json\/wp\/v2\/comments?post=3269"}],"version-history":[{"count":1,"href":"https:\/\/ambnairobi.esteri.it\/it\/wp-json\/wp\/v2\/pages\/3269\/revisions"}],"predecessor-version":[{"id":3272,"href":"https:\/\/ambnairobi.esteri.it\/it\/wp-json\/wp\/v2\/pages\/3269\/revisions\/3272"}],"up":[{"embeddable":true,"href":"https:\/\/ambnairobi.esteri.it\/it\/wp-json\/wp\/v2\/pages\/365"}],"wp:attachment":[{"href":"https:\/\/ambnairobi.esteri.it\/it\/wp-json\/wp\/v2\/media?parent=3269"}],"curies":[{"name":"wp","href":"https:\/\/api.w.org\/{rel}","templated":true}]}}