{"id":3320,"date":"2025-04-04T12:31:09","date_gmt":"2025-04-04T10:31:09","guid":{"rendered":"https:\/\/ambnairobi.esteri.it\/?page_id=3320"},"modified":"2025-04-04T12:31:09","modified_gmt":"2025-04-04T10:31:09","slug":"la-sicurezza-sociale","status":"publish","type":"page","link":"https:\/\/ambnairobi.esteri.it\/it\/servizi-consolari-e-visti\/servizi-per-il-cittadino-italiano\/pensioni\/la-sicurezza-sociale\/","title":{"rendered":"LA SICUREZZA SOCIALE"},"content":{"rendered":"<p style=\"text-align: justify;\">Per &#8220;sicurezza sociale&#8221; si intende quell\u2019insieme di interventi finalizzati all\u2019erogazione di beni e servizi in favore dei cittadini che si trovano in condizioni di bisogno; tali interventi vanno dalle cure gratuite agli indigenti, alla predisposizione e integrazione di organi ed istituti che assicurino ai cittadini inabili al lavoro e sprovvisti dei mezzi sociali per vivere il mantenimento e l\u2019assistenza sociale, e, ai lavoratori, mezzi adeguati alle esigenze di vita in caso di infortunio, malattia, invalidit\u00e0, vecchiaia e disoccupazione involontaria.<\/p>\n<p>La sicurezza sociale comprende:<\/p>\n<ul>\n<li style=\"text-align: justify;\">l\u2019assistenza sociale che assolve ad una generica funzione di tutela degli indigenti, tutela estesa a tutti i cittadini in ogni occasione di bisogno, nel limite della disponibilit\u00e0 dell\u2019ente erogatore; la previdenza sociale che assolve alla funzione specifica di tutela dei lavoratori.<\/li>\n<li style=\"text-align: justify;\">I soggetti aventi diritto alla tutela sono:\n<ul>\n<li style=\"text-align: justify;\">i lavoratori subordinati e autonomi;\n<ul>\n<li style=\"text-align: justify;\">i dipendenti pubblici;<\/li>\n<li style=\"text-align: justify;\">gli studenti; i pensionati;<\/li>\n<li style=\"text-align: justify;\">i familiari e superstiti dei soggetti di cui sopra.<\/li>\n<\/ul>\n<\/li>\n<\/ul>\n<\/li>\n<\/ul>\n<p style=\"text-align: justify;\">Le prestazioni principali per quanto riguarda lavoratori dipendenti ed autonomi sono le seguenti:<\/p>\n<p style=\"text-align: justify;\">1. PENSIONE DI VECCHIAIA: a seguito dell\u2019entrata in vigore della legge 335\/95, il diritto a richiedere la pensione di vecchiaia \u00e8 condizionato al possesso da parte del lavoratore di almeno 20 anni di contributi, di 65 anni di et\u00e0 per gli uomini e di 60 anni di et\u00e0 per le donne.<\/p>\n<p style=\"text-align: justify;\">\n2. PENSIONE DI ANZIANIT\u00c0: la pensione di anzianit\u00e0 \u00e8 disciplinata dalla legge 335\/95; secondo la predetta legge, il diritto alla pensione di anzianit\u00e0 del lavoratore dipendente si consegue al raggiungimento di un\u2019anzianit\u00e0 pari o superiore a 35 anni, in concorrenza con almeno 57 anni di et\u00e0 anagrafica o al raggiungimento di un\u2019anzianit\u00e0 contributiva non inferiore a 40 anni.<\/p>\n<p style=\"text-align: justify;\">\n3. ASSEGNO ORDINARIO DI INVALIDIT\u00c0: l\u2019assegno ordinario di invalidit\u00e0 spetta al lavoratore\u00a0 la cui capacit\u00e0 di lavoro, in occupazioni confacenti alle sue abitudini, sia ridotta in modo permanente a causa di infermit\u00e0 o di difetto fisico o mentale a meno di un terzo. Per avere diritto all\u2019assegno, il lavoratore deve avere 5 anni di assicurazione e di contribuzione: di questi ultimi almeno 3 anni devono essere stati versati nei 5 anni antecedenti alla domanda di assicurazione.<\/p>\n<p style=\"text-align: justify;\">\nL\u2019assegno \u00e8 riconosciuto per la durata di 3 anni e pu\u00f2 essere confermato previa revisione da parte dell\u2019INPS su domanda dell\u2019interessato per periodi della stessa durata. Dopo 3 riconoscimenti successivi, l\u2019assegno viene confermato in via definitiva.<\/p>\n<p style=\"text-align: justify;\">\nL\u2019assegno ordinario di invalidit\u00e0 non \u00e8 reversibile ai superstiti.<\/p>\n<p style=\"text-align: justify;\">\n4. PENSIONE ORDINARIA DI INVALIDIT\u00c0: la pensione ordinaria di invalidit\u00e0 spetta all\u2019assicurato che a causa di infermit\u00e0 o di difetto fisico o mentale si trovi nell\u2019impossibilit\u00e0 di svolgere qualsiasi attivit\u00e0 lavorativa. Per avere diritto alla pensione, l\u2019assicurato deve poter far valere 5 anni di assicurazione e 5 anni di contribuzione, di questi ultimi almeno 3 anni devono essere stati versati nei 5 anni antecedenti la domanda di assicurazione.<\/p>\n<p style=\"text-align: justify;\">\nLa pensione \u00e8 costituita dall\u2019importo dell\u2019assegno di invalidit\u00e0 e da una maggiorazione calcolata in base ai contributi che il lavoratore avrebbe maturato se avesse potuto continuare a lavorare fino al compimento dell\u2019et\u00e0 pensionabile.<\/p>\n<p style=\"text-align: justify;\">\n5. PENSIONE AI SUPERSTITI: la pensione ai superstiti spetta ai familiari del lavoratore deceduto ed assume la denominazione di pensione di reversibilit\u00e0, se il lavoratore defunto era titolare di pensione diretta e di pensione indiretta, se il lavoratore defunto non era titolare di pensione diretta, ma al momento della morte, possedeva i requisiti assicurativi e contributivi previsti per ottenere l\u2019assegno ordinario di invalidit\u00e0 o la pensione di invalidit\u00e0.<\/p>\n<p style=\"text-align: justify;\">\nI familiari che hanno diritto alla pensione sono: il coniuge e i figli che alla data della morte del lavoratore siano minori, studenti o inabili; i genitori che alla data della morte del lavoratore abbiano compiuto 65 anni, non siano titolari di pensione e siano a carico del deceduto; in assenza di tali beneficiari, fratelli celibi e sorelle nubili che alla data della morte del lavoratore siano inabili, non siano titolari di pensione diretta o indiretta e siano a carico del deceduto.<\/p>\n<p style=\"text-align: justify;\">\n6. PENSIONE SOCIALE: la pensione sociale viene concessa ai cittadini ultrasessantacinquenni (italiani o di uno Stato della Comunit\u00e0 europea) residenti abitualmente nel territorio nazionale privi di qualsiasi forma di tutela assicurativa e i cui redditi, compresi quelli del coniuge, siano inferiori a quelli stabiliti dalla legge.<\/p>\n","protected":false},"excerpt":{"rendered":"Per &#8220;sicurezza sociale&#8221; si intende quell\u2019insieme di interventi finalizzati all\u2019erogazione di beni e servizi in favore dei cittadini che si trovano in condizioni di bisogno; tali interventi vanno dalle cure gratuite agli indigenti, alla predisposizione e integrazione di organi ed istituti che assicurino ai cittadini inabili al lavoro e sprovvisti dei mezzi sociali per vivere [&hellip;]","protected":false},"author":6,"featured_media":0,"parent":383,"menu_order":0,"comment_status":"closed","ping_status":"closed","template":"","meta":{"footnotes":""},"class_list":["post-3320","page","type-page","status-publish","hentry"],"_links":{"self":[{"href":"https:\/\/ambnairobi.esteri.it\/it\/wp-json\/wp\/v2\/pages\/3320","targetHints":{"allow":["GET"]}}],"collection":[{"href":"https:\/\/ambnairobi.esteri.it\/it\/wp-json\/wp\/v2\/pages"}],"about":[{"href":"https:\/\/ambnairobi.esteri.it\/it\/wp-json\/wp\/v2\/types\/page"}],"author":[{"embeddable":true,"href":"https:\/\/ambnairobi.esteri.it\/it\/wp-json\/wp\/v2\/users\/6"}],"replies":[{"embeddable":true,"href":"https:\/\/ambnairobi.esteri.it\/it\/wp-json\/wp\/v2\/comments?post=3320"}],"version-history":[{"count":2,"href":"https:\/\/ambnairobi.esteri.it\/it\/wp-json\/wp\/v2\/pages\/3320\/revisions"}],"predecessor-version":[{"id":3326,"href":"https:\/\/ambnairobi.esteri.it\/it\/wp-json\/wp\/v2\/pages\/3320\/revisions\/3326"}],"up":[{"embeddable":true,"href":"https:\/\/ambnairobi.esteri.it\/it\/wp-json\/wp\/v2\/pages\/383"}],"wp:attachment":[{"href":"https:\/\/ambnairobi.esteri.it\/it\/wp-json\/wp\/v2\/media?parent=3320"}],"curies":[{"name":"wp","href":"https:\/\/api.w.org\/{rel}","templated":true}]}}