{"id":336,"date":"2023-07-20T10:40:42","date_gmt":"2023-07-20T08:40:42","guid":{"rendered":"https:\/\/ambnairobi.esteri.it\/?page_id=336"},"modified":"2025-04-02T15:37:36","modified_gmt":"2025-04-02T13:37:36","slug":"studiare-in-italia","status":"publish","type":"page","link":"https:\/\/ambnairobi.esteri.it\/it\/servizi-consolari-e-visti\/servizi-per-il-cittadino-straniero\/studiare-in-italia\/","title":{"rendered":"Studi"},"content":{"rendered":"<p style=\"text-align: justify;\">L&#8217;Ufficio Studi fornisce informazioni e consulenza per l&#8217;iscrizione a Scuole e Universit\u00e0 in Italia e rilascia le necessarie dichiarazioni di valore per i titoli conseguiti presso Scuole e Universit\u00e0 della circoscrizione consolare perch\u00e9 gli interessati possano ottenere l\u2019equipollenza dei titoli di studio primari e secondari con analoghi titoli italiani, l\u2019iscrizione a scuole ed Universit\u00e0 italiane, il riconoscimento in Italia degli studi universitari e l\u2019assegnazione di borse di studio.<\/p>\n<p style=\"text-align: justify;\">Per maggiori informazioni consultare la pagina <strong><a href=\"https:\/\/ambnairobi.esteri.it\/it\/italia-e-kenya\/diplomazia-culturale\/studiare-in-italia\/\">Studiare in Italia<\/a> <\/strong>del sito.<\/p>\n<p style=\"text-align: justify;\">Servizi:<\/p>\n<ul style=\"text-align: justify;\">\n<li><a href=\"https:\/\/ambnairobi.esteri.it\/it\/servizi-consolari-e-visti\/servizi-per-il-cittadino-straniero\/dichiarazioni-di-valore\/\">Richiesta di Dichiarazione di Valore ai fini di Studio<\/a><\/li>\n<li><a href=\"https:\/\/ambnairobi.esteri.it\/it\/servizi-consolari-e-visti\/servizi-per-il-cittadino-straniero\/studiare-in-italia\/pre-enrolment\/\">Iscrizioni Universitarie<\/a><\/li>\n<li><a href=\"https:\/\/ambnairobi.esteri.it\/it\/servizi-consolari-e-visti\/servizi-per-il-cittadino-straniero\/studiare-in-italia\/scholarship-borse-di-studio\/\">Borse di Studio (Scholarship)<\/a><\/li>\n<li><a href=\"https:\/\/ambnairobi.esteri.it\/it\/servizi-consolari-e-visti\/servizi-per-il-cittadino-straniero\/studiare-in-italia\/international-medical-admissions-test-imat\/\">International Medical Admissions Test \u2013 IMAT<\/a><\/li>\n<\/ul>\n<p>Altri Servizi:<\/p>\n<ul>\n<li><a href=\"https:\/\/ambnairobi.esteri.it\/it\/servizi-consolari-e-visti\/servizi-per-il-cittadino-straniero\/studiare-in-italia\/richiesta-di-convalida-documenti-ai-fini-di-borsa-di-studio\/\">Richiesta di Convalida Documenti ai fini di Borsa di Studio<\/a><\/li>\n<li><a href=\"https:\/\/ambnairobi.esteri.it\/it\/servizi-consolari-e-visti\/servizi-per-il-cittadino-straniero\/codice-fiscale-per-cittadini-stranieri-non-residenti-in-italia\/\">Codice Fiscale per Cittadini Stranieri non Residenti in Italia \u2013 Ambasciata d&#8217;Italia Nairobi<\/a><\/li>\n<li><a href=\"https:\/\/ambnairobi.esteri.it\/it\/servizi-consolari-e-visti\/servizi-per-il-cittadino-straniero\/visti\/\">Visto Per Studio<\/a><\/li>\n<\/ul>\n<p style=\"text-align: justify;\">\n","protected":false},"excerpt":{"rendered":"L&#8217;Ufficio Studi fornisce informazioni e consulenza per l&#8217;iscrizione a Scuole e Universit\u00e0 in Italia e rilascia le necessarie dichiarazioni di valore per i titoli conseguiti presso Scuole e Universit\u00e0 della circoscrizione consolare perch\u00e9 gli interessati possano ottenere l\u2019equipollenza dei titoli di studio primari e secondari con analoghi titoli italiani, l\u2019iscrizione a scuole ed Universit\u00e0 italiane, [&hellip;]","protected":false},"author":4,"featured_media":0,"parent":48,"menu_order":0,"comment_status":"closed","ping_status":"closed","template":"","meta":{"footnotes":""},"class_list":["post-336","page","type-page","status-publish","hentry"],"_links":{"self":[{"href":"https:\/\/ambnairobi.esteri.it\/it\/wp-json\/wp\/v2\/pages\/336","targetHints":{"allow":["GET"]}}],"collection":[{"href":"https:\/\/ambnairobi.esteri.it\/it\/wp-json\/wp\/v2\/pages"}],"about":[{"href":"https:\/\/ambnairobi.esteri.it\/it\/wp-json\/wp\/v2\/types\/page"}],"author":[{"embeddable":true,"href":"https:\/\/ambnairobi.esteri.it\/it\/wp-json\/wp\/v2\/users\/4"}],"replies":[{"embeddable":true,"href":"https:\/\/ambnairobi.esteri.it\/it\/wp-json\/wp\/v2\/comments?post=336"}],"version-history":[{"count":7,"href":"https:\/\/ambnairobi.esteri.it\/it\/wp-json\/wp\/v2\/pages\/336\/revisions"}],"predecessor-version":[{"id":3084,"href":"https:\/\/ambnairobi.esteri.it\/it\/wp-json\/wp\/v2\/pages\/336\/revisions\/3084"}],"up":[{"embeddable":true,"href":"https:\/\/ambnairobi.esteri.it\/it\/wp-json\/wp\/v2\/pages\/48"}],"wp:attachment":[{"href":"https:\/\/ambnairobi.esteri.it\/it\/wp-json\/wp\/v2\/media?parent=336"}],"curies":[{"name":"wp","href":"https:\/\/api.w.org\/{rel}","templated":true}]}}