{"id":3368,"date":"2025-04-04T12:57:38","date_gmt":"2025-04-04T10:57:38","guid":{"rendered":"https:\/\/ambnairobi.esteri.it\/?page_id=3368"},"modified":"2025-12-31T09:43:54","modified_gmt":"2025-12-31T08:43:54","slug":"procure","status":"publish","type":"page","link":"https:\/\/ambnairobi.esteri.it\/it\/servizi-consolari-e-visti\/servizi-per-il-cittadino-italiano\/servizi-notarili\/procure\/","title":{"rendered":"PROCURE"},"content":{"rendered":"<p style=\"text-align: justify;\">La procura \u00e8 un atto con il quale si d\u00e0 la facolt\u00e0 ad un\u2019altra persona di agire in propria vece e rappresentanza ed a compiere gli atti necessari per raggiungere un determinato scopo (es. vendere, acquistare, amministrare, fare donazione, accettare donazione, costituire o sciogliere societ\u00e0, richiedere pubblicazioni di matrimonio, ecc.). Le procure si dividono in due categorie:<\/p>\n<ul style=\"text-align: justify;\">\n<li>procure generali: con questi atti l&#8217;interessato affida al rappresentante la gestione di tutti i suoi affari, sia presenti sia futuri. La procura generale \u00e8 rilasciata a tempo indeterminato.<\/li>\n<li>procure speciali: con questi atti l&#8217;interessato affida al rappresentante la gestione di una parte dei suoi affari. La procura speciale cessa di avere efficacia nel momento in cui l\u2019incarico particolare per il quale \u00e8 stata rilasciata si conclude.<\/li>\n<\/ul>\n","protected":false},"excerpt":{"rendered":"La procura \u00e8 un atto con il quale si d\u00e0 la facolt\u00e0 ad un\u2019altra persona di agire in propria vece e rappresentanza ed a compiere gli atti necessari per raggiungere un determinato scopo (es. vendere, acquistare, amministrare, fare donazione, accettare donazione, costituire o sciogliere societ\u00e0, richiedere pubblicazioni di matrimonio, ecc.). Le procure si dividono in [&hellip;]","protected":false},"author":6,"featured_media":0,"parent":71,"menu_order":0,"comment_status":"closed","ping_status":"closed","template":"","meta":{"footnotes":""},"class_list":["post-3368","page","type-page","status-publish","hentry"],"_links":{"self":[{"href":"https:\/\/ambnairobi.esteri.it\/it\/wp-json\/wp\/v2\/pages\/3368","targetHints":{"allow":["GET"]}}],"collection":[{"href":"https:\/\/ambnairobi.esteri.it\/it\/wp-json\/wp\/v2\/pages"}],"about":[{"href":"https:\/\/ambnairobi.esteri.it\/it\/wp-json\/wp\/v2\/types\/page"}],"author":[{"embeddable":true,"href":"https:\/\/ambnairobi.esteri.it\/it\/wp-json\/wp\/v2\/users\/6"}],"replies":[{"embeddable":true,"href":"https:\/\/ambnairobi.esteri.it\/it\/wp-json\/wp\/v2\/comments?post=3368"}],"version-history":[{"count":1,"href":"https:\/\/ambnairobi.esteri.it\/it\/wp-json\/wp\/v2\/pages\/3368\/revisions"}],"predecessor-version":[{"id":3369,"href":"https:\/\/ambnairobi.esteri.it\/it\/wp-json\/wp\/v2\/pages\/3368\/revisions\/3369"}],"up":[{"embeddable":true,"href":"https:\/\/ambnairobi.esteri.it\/it\/wp-json\/wp\/v2\/pages\/71"}],"wp:attachment":[{"href":"https:\/\/ambnairobi.esteri.it\/it\/wp-json\/wp\/v2\/media?parent=3368"}],"curies":[{"name":"wp","href":"https:\/\/api.w.org\/{rel}","templated":true}]}}