{"id":3375,"date":"2025-04-04T12:59:27","date_gmt":"2025-04-04T10:59:27","guid":{"rendered":"https:\/\/ambnairobi.esteri.it\/?page_id=3375"},"modified":"2025-12-31T09:43:04","modified_gmt":"2025-12-31T08:43:04","slug":"attivita-di-autenticazione","status":"publish","type":"page","link":"https:\/\/ambnairobi.esteri.it\/it\/servizi-consolari-e-visti\/servizi-per-il-cittadino-italiano\/servizi-notarili\/attivita-di-autenticazione\/","title":{"rendered":"ATTIVIT\u00c0 DI AUTENTICAZIONE"},"content":{"rendered":"<p>L&#8217;attivit\u00e0 di autenticazione \u00e8 normalmente svolta da un pubblico funzionario del Consolato ma pu\u00f2 anche essere svolta da un funzionario delegato alle funzioni notarili. Trattasi in particolare di:<\/p>\n<ul style=\"text-align: justify;\">\n<li>AUTENTICA DI FIRMA: consiste nell&#8217;attestazione da parte del pubblico funzionario della provenienza di un atto da parte del soggetto che lo ha firmato.<br \/>\nPer procedere all&#8217;autenticazione della firma, \u00e8 necessario presentarsi personalmente presso l\u2019Ufficio Notarile con un documento di riconoscimento ed il proprio codice fiscale;<\/li>\n<li>AUTENTICA DI FOTOGRAFIA: a tal fine \u00e8 necessario presentarsi personalmente presso l\u2019Ufficio Notarile con un documento di riconoscimento e tre fotografie uguali.<\/li>\n<\/ul>\n","protected":false},"excerpt":{"rendered":"L&#8217;attivit\u00e0 di autenticazione \u00e8 normalmente svolta da un pubblico funzionario del Consolato ma pu\u00f2 anche essere svolta da un funzionario delegato alle funzioni notarili. Trattasi in particolare di: AUTENTICA DI FIRMA: consiste nell&#8217;attestazione da parte del pubblico funzionario della provenienza di un atto da parte del soggetto che lo ha firmato. Per procedere all&#8217;autenticazione della [&hellip;]","protected":false},"author":6,"featured_media":0,"parent":71,"menu_order":0,"comment_status":"closed","ping_status":"closed","template":"","meta":{"footnotes":""},"class_list":["post-3375","page","type-page","status-publish","hentry"],"_links":{"self":[{"href":"https:\/\/ambnairobi.esteri.it\/it\/wp-json\/wp\/v2\/pages\/3375","targetHints":{"allow":["GET"]}}],"collection":[{"href":"https:\/\/ambnairobi.esteri.it\/it\/wp-json\/wp\/v2\/pages"}],"about":[{"href":"https:\/\/ambnairobi.esteri.it\/it\/wp-json\/wp\/v2\/types\/page"}],"author":[{"embeddable":true,"href":"https:\/\/ambnairobi.esteri.it\/it\/wp-json\/wp\/v2\/users\/6"}],"replies":[{"embeddable":true,"href":"https:\/\/ambnairobi.esteri.it\/it\/wp-json\/wp\/v2\/comments?post=3375"}],"version-history":[{"count":1,"href":"https:\/\/ambnairobi.esteri.it\/it\/wp-json\/wp\/v2\/pages\/3375\/revisions"}],"predecessor-version":[{"id":3378,"href":"https:\/\/ambnairobi.esteri.it\/it\/wp-json\/wp\/v2\/pages\/3375\/revisions\/3378"}],"up":[{"embeddable":true,"href":"https:\/\/ambnairobi.esteri.it\/it\/wp-json\/wp\/v2\/pages\/71"}],"wp:attachment":[{"href":"https:\/\/ambnairobi.esteri.it\/it\/wp-json\/wp\/v2\/media?parent=3375"}],"curies":[{"name":"wp","href":"https:\/\/api.w.org\/{rel}","templated":true}]}}