{"id":3381,"date":"2025-04-04T13:01:02","date_gmt":"2025-04-04T11:01:02","guid":{"rendered":"https:\/\/ambnairobi.esteri.it\/?page_id=3381"},"modified":"2025-12-31T09:42:35","modified_gmt":"2025-12-31T08:42:35","slug":"lautocertificazione","status":"publish","type":"page","link":"https:\/\/ambnairobi.esteri.it\/it\/servizi-consolari-e-visti\/servizi-per-il-cittadino-italiano\/servizi-notarili\/lautocertificazione\/","title":{"rendered":"L\u2019AUTOCERTIFICAZIONE"},"content":{"rendered":"<p>Per &#8220;autocertificazione&#8221; si intende &#8220;la certificazione prodotta dall\u2019interessato in sostituzione della normale certificazione&#8221; (art.2, legge 15\/1968). Essa rappresenta cio\u00e8 la possibilit\u00e0 per il cittadino di fornire le stesse notizie presenti in un registro pubblico in modo pi\u00f9 semplice e con meno oneri. La possibilit\u00e0 di avvalersi dell\u2019autocertificazione \u00e8 concessa a tutti i cittadini italiani e dei Paesi europei.<br \/>\nLa facolt\u00e0 di avvalersi di dichiarazioni sostitutive \u00e8 stata estesa anche ai cittadini extracomunitari regolarmente soggiornanti in Italia limitatamente ai dati verificabili o certificabili in Italia da soggetti pubblici. L\u2019autocertificazione e le dichiarazioni sostitutive possono essere utilizzate nei rapporti con la Pubblica Amministrazione e con i concessionari e i gestori di pubblici servizi.<br \/>\nNon possono invece essere utilizzate nei rapporti tra i privati, salvo che gli stessi non vi acconsentano, e davanti all\u2019autorit\u00e0 giudiziaria nello svolgimento di funzioni giurisdizionali.<\/p>\n<p>&nbsp;<\/p>\n<p><strong>Certificati sostituiti dall\u2019autocertificazione<\/strong><\/p>\n<p>L\u2019autocertificazione pu\u00f2 essere sostitutiva di:<\/p>\n<p><strong>NORMALI CERTIFICAZIONI<\/strong><\/p>\n<p>Si pu\u00f2 dunque ricorrere all\u2019autocertificazione nei seguenti casi:<\/p>\n<ul style=\"text-align: justify;\">\n<li>data e luogo di nascita;<\/li>\n<li>residenza;<\/li>\n<li>cittadinanza;<\/li>\n<li>godimento dei diritti politici;<\/li>\n<li>stato di celibe, coniugato o vedovo;<\/li>\n<li>stato di famiglia;<\/li>\n<li>esistenza in vita;<\/li>\n<li>nascita del figlio;<\/li>\n<li>decesso del coniuge, dell\u2019ascendente o discendente;<\/li>\n<li>posizione agli effetti degli obblighi militari;<\/li>\n<li>iscrizione in albi o elenchi tenuti dalla Pubblica Amministrazione;<\/li>\n<li>titoli di studio acquisiti;<\/li>\n<li>qualifiche professionali;<\/li>\n<li>esami sostenuti universitari e di stato;<\/li>\n<li>titoli di specializzazione;<\/li>\n<li>titoli di abilitazione;<\/li>\n<li>titoli di formazione;<\/li>\n<li>titoli di aggiornamento;<\/li>\n<li>titoli di qualificazione tecnica;<\/li>\n<li>situazione reddituale o economica anche ai fini della concessione di benefici e vantaggi di qualsiasi tipo previsti da leggi speciali;<\/li>\n<li>assolvimento di specifici obblighi contributivi con l\u2019indicazione dell\u2019ammontare;<\/li>\n<li>codice fiscale o partita IVA;<\/li>\n<li>qualsiasi dato dell\u2019anagrafe tributaria;<\/li>\n<li>stato di disoccupazione;<\/li>\n<li>qualit\u00e0 di pensionato e categoria di pensione;<\/li>\n<li>qualit\u00e0 di studente; qualit\u00e0 di casalinga;<\/li>\n<li>qualit\u00e0 di legale rappresentante di persone fisiche o giuridiche, di tutore, di curatore e simili;<\/li>\n<li>iscrizione presso associazioni o formazioni sociali di qualsiasi tipo;<\/li>\n<li>adempimento o meno degli obblighi militari compresi quelli di cui all\u2019art. 77 del D.P.R. n. 237\/64 come modificato dall\u2019art. 22 della legge 958\/86;<\/li>\n<li>assenza di condanne penali;<\/li>\n<li>qualit\u00e0 di vivenza a carico;<\/li>\n<li>tutti i dati a diretta conoscenza dell\u2019interessato contenuti nei registri dello stato civile.<\/li>\n<\/ul>\n<p style=\"text-align: justify;\"><strong>Modalit\u00e0 della dichiarazione sostitutiva di certificati:<\/strong><\/p>\n<p>La dichiarazione sostitutiva delle normali certificazioni si pu\u00f2 fare scrivendo su carta semplice e firmando sotto la propria ed esclusiva responsabilit\u00e0 (non \u00e8 necessario firmare davanti all\u2019impiegato) o compilando dichiarazioni sostitutive.<br \/>\nInoltre, \u00e8 possibile trasmettere documenti, atti e certificati per fax, per posta o mezzo telematico e informatico alle Amministrazioni Pubbliche.<\/p>\n","protected":false},"excerpt":{"rendered":"Per &#8220;autocertificazione&#8221; si intende &#8220;la certificazione prodotta dall\u2019interessato in sostituzione della normale certificazione&#8221; (art.2, legge 15\/1968). Essa rappresenta cio\u00e8 la possibilit\u00e0 per il cittadino di fornire le stesse notizie presenti in un registro pubblico in modo pi\u00f9 semplice e con meno oneri. La possibilit\u00e0 di avvalersi dell\u2019autocertificazione \u00e8 concessa a tutti i cittadini italiani e [&hellip;]","protected":false},"author":6,"featured_media":0,"parent":71,"menu_order":0,"comment_status":"closed","ping_status":"closed","template":"","meta":{"footnotes":""},"class_list":["post-3381","page","type-page","status-publish","hentry"],"_links":{"self":[{"href":"https:\/\/ambnairobi.esteri.it\/it\/wp-json\/wp\/v2\/pages\/3381","targetHints":{"allow":["GET"]}}],"collection":[{"href":"https:\/\/ambnairobi.esteri.it\/it\/wp-json\/wp\/v2\/pages"}],"about":[{"href":"https:\/\/ambnairobi.esteri.it\/it\/wp-json\/wp\/v2\/types\/page"}],"author":[{"embeddable":true,"href":"https:\/\/ambnairobi.esteri.it\/it\/wp-json\/wp\/v2\/users\/6"}],"replies":[{"embeddable":true,"href":"https:\/\/ambnairobi.esteri.it\/it\/wp-json\/wp\/v2\/comments?post=3381"}],"version-history":[{"count":1,"href":"https:\/\/ambnairobi.esteri.it\/it\/wp-json\/wp\/v2\/pages\/3381\/revisions"}],"predecessor-version":[{"id":3382,"href":"https:\/\/ambnairobi.esteri.it\/it\/wp-json\/wp\/v2\/pages\/3381\/revisions\/3382"}],"up":[{"embeddable":true,"href":"https:\/\/ambnairobi.esteri.it\/it\/wp-json\/wp\/v2\/pages\/71"}],"wp:attachment":[{"href":"https:\/\/ambnairobi.esteri.it\/it\/wp-json\/wp\/v2\/media?parent=3381"}],"curies":[{"name":"wp","href":"https:\/\/api.w.org\/{rel}","templated":true}]}}