{"id":342,"date":"2023-07-20T11:38:10","date_gmt":"2023-07-20T09:38:10","guid":{"rendered":"https:\/\/ambnairobi.esteri.it\/?page_id=342"},"modified":"2023-11-02T13:43:13","modified_gmt":"2023-11-02T12:43:13","slug":"servizi-per-le-imprese","status":"publish","type":"page","link":"https:\/\/ambnairobi.esteri.it\/it\/italia-e-kenya\/diplomazia-economica\/fare-affari-in-kenya\/servizi-per-le-imprese\/","title":{"rendered":"Servizi per le imprese"},"content":{"rendered":"<h2>Assicurazione all&#8217;export<\/h2>\n<h4>SACE S.p.A.<br \/>\nServizi Assicurativi del Commercio Estero<\/h4>\n<p>\u2022\u00a0Societ\u00e0 di assicurazione dei crediti all\u2019esportazione con capitale sociale sottoscritto dal Ministero dell\u2019Economia e delle Finanze;<\/p>\n<p>\u2022\u00a0assume in assicurazione e riassicurazione i rischi di carattere politico, economico e commerciale a cui sono esposti gli operatori italiani nelle loro transazioni internazionali;<\/p>\n<p dir=\"ltr\">\u2022\u00a0sostiene le esportazioni delle piccole e medie imprese italiane facilitando l&#8217;accesso alla garanzia assicurativa attraverso due strategie basate sulla possibilit\u00e0 lasciata alle imprese di scegliersi il genere di rapporto da instaurare con SACE:<\/p>\n<p>&#8211;\u00a0strategia diretta, in questa ipotesi, tra i vari strumenti assicurativi disponibili, spicca quello delle Polizze Globali, destinato alle Societ\u00e0 che hanno rapporti commerciali continuativi con vari debitori esteri;<\/p>\n<p>&#8211; strategia indiretta, cio\u00e8 attivit\u00e0 mediata da Banche e\/o Societ\u00e0 assicurative private.<\/p>\n<p dir=\"ltr\">\u2022 sito Web: <a href=\"http:\/\/sace.it\">www.sace.it<\/a><\/p>\n<h2>Finanziamenti e investimenti<\/h2>\n<h4>SIMEST S.p.A.<br \/>\nFinanziaria di sviluppo e promozione delle imprese italiane all&#8217;estero<\/h4>\n<p>\u2022\u00a0Societ\u00e0 controllata dal Governo Italiano che detiene il 76% del pacchetto azionario, \u00e8 partecipata da banche, imprese, associazioni imprenditoriali e di categoria;<\/p>\n<p>\u2022\u00a0promuove e sostiene le attivit\u00e0 all\u2019estero di tutte le aziende italiane, in particolare le piccole e medie, comprese quelle commerciali, artigiane e turistiche, nonch\u00e9 cooperative, consorzi ed altri organismi economici, attraverso due principali canali di attivit\u00e0: il sostegno agli scambi commerciali ed il sostegno agli investimenti all\u2019estero;<\/p>\n<p>\u2022\u00a0fornisce servizi di assistenza e consulenza per tutte le fasi dell\u2019avvio e della realizzazione di investimenti all\u2019estero;<\/p>\n<p>\u2022\u00a0fornisce supporto finanziario agli investimenti di imprese italiane all\u2019estero attraverso la gestione di incentivi e agevolazioni dirette;<\/p>\n<p>\u2022\u00a0la partecipazione di SIMEST al capitale delle imprese estere consente di condividere il rischio potenziale della nuova iniziativa con un partner istituzionale che immette capitali propri, e mette a disposizione la propria esperienza pluriennale sui mercati esteri basata sulla partecipazione a centinaia di progetti in tutto il mondo;<\/p>\n<p>\u2022\u00a0gestisce i fondi venture capital del Ministero delle Attivit\u00e0 Produttive;<\/p>\n<p>\u2022\u00a0eroga contributi agli interessi su finanziamenti concessi ad esportatori italiani;<\/p>\n<p>\u2022\u00a0finanzia le spese destinate alla realizzazione di strutture commerciali permanenti;<\/p>\n<p>\u2022\u00a0eroga finanziamenti per studi di fattibilit\u00e0 e assistenza tecnica;<\/p>\n<p>\u2022\u00a0finanzia i costi di gare internazionali;<\/p>\n<p>\u2022\u00a0effettua operazioni di business scouting.<\/p>\n<p>\u2022 sito Web: <a href=\"http:\/\/simest.it\">www.simest.it\u00a0<\/a><\/p>\n<h2>Assistenza e promozione<\/h2>\n<h4>ICE<br \/>\n(Istituto nazionale per il Commercio Estero)<\/h4>\n<p>\u2022\u00a0Ente pubblico che ha il compito di sviluppare, agevolare e promuovere i rapporti economici e commerciali italiani con l&#8217;estero, con particolare attenzione alle esigenze delle piccole e medie imprese, dei loro consorzi e raggruppamenti; in stretta collaborazione con il Ministero delle Attivit\u00e0 Produttive elabora il Programma delle Attivit\u00e0 promozionali;<\/p>\n<p>\u2022\u00a0organizza partecipazioni a fiere internazionali e iniziative per sviluppare contatti e business;<\/p>\n<p>\u2022\u00a0organizza e gestisce seminari e incontri tra operatori, conduce ricerche di mercato, sviluppa azioni di comunicazione;<\/p>\n<p>\u2022\u00a0svolge attivit\u00e0 di attrazione degli investimenti esteri in Italia, promuovendo all\u2019estero &#8211; per conto di agenzie di sviluppo locali &#8211; le opportunit\u00e0 in specifiche aree e realizzando azioni di comunicazione, in collaborazione con Sviluppo Italia;<\/p>\n<p>\u2022\u00a0sito Web:\u00a0<a href=\"http:\/\/www.ice.it\/\">www.ice.it<\/a><\/p>\n<h4>ASSOCAMERESTERO<br \/>\n(Associazione delle Camere di Commercio Italiane all\u2019Estero)<\/h4>\n<p>\u2022\u00a0Associazione che rappresenta le esigenze e le potenzialit\u00e0 di servizio delle Camere di Commercio Italiane all\u2019estero (CCIE) e ricerca collaborazioni ed alleanze strategiche con soggetti ed enti pubblici e privati &#8211; italiani ed internazionali &#8211; per favorire la conoscenza e l\u2019utilizzo della rete delle CCIE;<\/p>\n<p>\u2022\u00a0provvede alla redazione del Rapporto sulle Opportunit\u00e0 di Business, che prospetta le potenzialit\u00e0 delle CCIE quali fornitori di informazioni sulle opportunit\u00e0 d\u2019affari, settore per settore, esistenti nei paesi di operativit\u00e0 della rete;<\/p>\n<p>\u2022\u00a0svolge attivit\u00e0 di assistenza progettuale e coordinamento degli sportelli per l\u2019internazionalizzazione delle Camere di Commercio Italiane all\u2019estero, di raccordo con il progetto di Unioncamere;<\/p>\n<p>\u2022\u00a0sito Web:\u00a0<a href=\"http:\/\/www.assocamerestero.it\/\">www.assocamerestero.it<\/a><\/p>\n<h4>UNIONCAMERE<br \/>\n(Unione italiana delle Camere di Commercio Industria e Artigianato)<\/h4>\n<p>\u2022\u00a0Unione che cura e rappresenta gli interessi generali delle Camere di Commercio, punto di riferimento per i settori produttivi, sia a livello locale sia nazionale ed internazionale;<\/p>\n<p>\u2022\u00a0promuove, realizza e gestisce, direttamente o per il tramite di proprie aziende speciali, servizi e attivit\u00e0 d&#8217;interesse delle Camere di commercio e delle categorie economiche;<\/p>\n<p>\u2022\u00a0punta a consolidare e sviluppare la collaborazione con la rete delle CCIE;<\/p>\n<p>\u2022\u00a0facilita l&#8217;accesso, con tecnologie all&#8217;avanguardia, a iniziative e programmi comunitari, favorendo accordi internazionali per promuovere l&#8217;Italia nel mondo;<\/p>\n<p>\u2022\u00a0sito Web:\u00a0<a href=\"http:\/\/www.unioncamere.it\/\">www.unioncamere.it<\/a><\/p>\n<h4>ENIT<br \/>\n(Ente Nazionale Italiano per il Turismo)<\/h4>\n<p>\u2022\u00a0Struttura istituzionale che provvede alla promozione turistica dell&#8217;Italia all&#8217;estero adottando iniziative per far conoscere all&#8217;estero le risorse turistiche nazionali e regionali e in particolare i valori naturali, ambientali, storici culturali ed artistici del nostro paese;<\/p>\n<p>\u2022\u00a0provvede ad assistere e offrire servizi tecnici alle imprese turistiche italiane per la loro penetrazione commerciale sui mercati esteri;<\/p>\n<p>\u2022\u00a0elabora studi sui mercati internazionali ed in particolare sulle tendenze della domanda turistica individuale ed organizzata;<\/p>\n<p>\u2022\u00a0analizza l\u2019evoluzione della domanda turistica estera e pianifica strategie operative disegnate d&#8217;intesa con i protagonisti pubblici e privati del turismo italiano (Ministero delle Attivit\u00e0 Produttive, Ministero degli Affari Esteri, Regioni, Amministrazioni pubbliche, Enti e Associazioni di categoria e produttori di servizi turistici;<\/p>\n<p>\u2022\u00a0sito Web:\u00a0<a href=\"http:\/\/www.enit.it\/\">www.enit.it<\/a><\/p>\n<h4>Mondimpresa<br \/>\n(Agenzia per la Mondializzazione dell\u2019impresa)<\/h4>\n<p>\u2022\u00a0Agenzia che promuove e sostiene i processi di mondializzazione, in particolare delle PMI &#8211; prevalentemente nel Mezzogiorno &#8211; attraverso un\u2019ampia e capillare rete in Italia, composta dalle diverse realt\u00e0 del Sistema italiano delle Camere di Commercio, della Confcommercio e della Confagricoltura;<\/p>\n<p>\u2022\u00a0redige offerte e progetti per la partecipazione a gare e per attingere a finanziamenti della Pubblica Amministrazione e delle principali organizzazioni internazionali;<\/p>\n<p>\u2022\u00a0organizza iniziative volte alla promozione del partenariato imprenditoriale transnazionale, sia a carattere settoriale sia multisettoriale;<\/p>\n<p>\u2022\u00a0promuove gli investimenti esteri in Italia attraverso le opportune azioni informative sulla struttura del sistema imprenditoriale italiano e sulla legislazione a sostegno degli investimenti;<\/p>\n<p>\u2022\u00a0sito Web:\u00a0<a href=\"http:\/\/www.mondimpresa.it\/\">www.mondimpresa.it<\/a><\/p>\n<h2>Gare \/ Early Warning<\/h2>\n<h4>EXTENDER<br \/>\nSistema informativo per l\u2019anticipazione di gare e grandi progetti<\/h4>\n<p>\u2022\u00a0Sistema informativo gratuito, promosso nel quadro di un\u2019intesa tra Ministero degli Affari Esteri, Unione delle Camere di Commercio Italiane e Associazione delle Camere di Commercio Italiane all\u2019Estero, per la diffusione mirata di informazioni economiche e di opportunit\u00e0 d\u2019affari segnalate dalle istituzioni italiane all\u2019estero, a beneficio delle imprese italiane;<\/p>\n<p>\u2022\u00a0mediante una registrazione gratuita sul sito l\u2019utente riceve, in tempo reale e a mezzo lettera email, informazioni personalizzate relative a mercati e settori di interesse indicati al momento della registrazione;<\/p>\n<p>\u2022\u00a0le tipologie di informazioni che il sistema mette a disposizione degli iscritti sono:<br \/>\n&#8211;\u00a0gare d\u2019appalto internazionali;<br \/>\n&#8211;\u00a0early warning: anticipazioni di gare e grandi progetti;<\/p>\n<p>\u2022\u00a0sito Web:\u00a0<a href=\"https:\/\/extender.esteri.it\/sito\/appalti-internazionali-anticipazioni-grandi-progetti\">Extender<\/a><\/p>\n<h2>Formazione<\/h2>\n<h4>FORMEZ<br \/>\nCentro di Formazione e Studi<\/h4>\n<p>\u2022\u00a0Istituto che fornisce assistenza tecnica e servizi formativi e informativi soprattutto alle Amministrazioni Locali;<\/p>\n<p>\u2022\u00a0partecipa ad iniziative di assistenza tecnica e di formazione a livello nazionale ed internazionale in collaborazione con organismi pubblici e privati;<\/p>\n<p>\u2022\u00a0il servizio Sportello Impresa di Formez svolge un\u2019attivit\u00e0 continua di formazione, assistenza e consulenza al fine di affiancare gli enti locali nella realizzazione e sviluppo degli Sportelli Unici per le attivit\u00e0 produttive.<\/p>\n<p>\u2022 sito Web: <a href=\"http:\/\/formez.it\">www.formez.it<\/a><\/p>\n<h2>Informazioni settoriali<\/h2>\n<h2>Enti pubblici non economici<\/h2>\n<h4>INFORMEST<br \/>\nCentro di Servizi e Documentazione per la Cooperazione Economica Internazionale<\/h4>\n<p>\u2022\u00a0Struttura pubblica senza fini di lucro creata per offrire agli operatori del mercato servizi informativi, documentazione, formazione, assistenza e consulenza sui Paesi dell&#8217;Est europeo (Balcani, Europa Centro-Orientale, CSI) e dell\u2019Asia centrale ed orientale (Cina, Mongolia, Vietnam);<\/p>\n<p>\u2022\u00a0i servizi di Informest per l\u2019utilizzo degli strumenti di aiuto pubblico all\u2019internazionalizzazione includono l\u2019assistenza all\u2019impresa per la richiesta di finanziamenti o contributi fino al completamento della relativa procedura;<\/p>\n<p>\u2022 sito Web: <a href=\"http:\/\/www.informest.it\/\">informest.it<\/a><\/p>\n<h4>IPI<br \/>\nIstituto per la Promozione Industriale<\/h4>\n<p>\u2022\u00a0Agenzia governativa, posta sotto la vigilanza del Ministero delle Attivit\u00e0 Produttive, specializzata nel promuovere la crescita e la competitivit\u00e0 dei sistemi produttivi ed economici in un contesto internazionale globalizzato;<\/p>\n<p>\u2022\u00a0interviene nella progettazione, realizzazione e gestione di programmi, azioni di sistema e strumenti volti a sostenere lo sviluppo dell\u2019imprenditoria italiana;<\/p>\n<p>\u2022\u00a0opera nell\u2019ambito dei processi di cooperazione industriale internazionale multilaterale e di quelli bilaterali promossi dal Governo italiano;<\/p>\n<p>\u2022 sito Web: <a href=\"http:\/\/www.ipi.it\/\">ipi.it<\/a><\/p>\n<p>Alcune principali organizzazioni rappresentative<\/p>\n<p>CONFINDUSTRIA<br \/>\nOrganizzazione rappresentativa delle imprese manifatturiere e di servizi in Italia<\/p>\n<p>\u2022\u00a0Confederazione Generale dell\u2019Industria italiana che contribuisce, insieme alle istituzioni politiche e alle organizzazioni economiche, sociali e culturali, nazionali ed internazionali, alla crescita economica e al progresso sociale del paese;<\/p>\n<p>\u2022\u00a0interviene a sostegno delle organizzazioni economiche, politiche, sociali e culturali del Paese e dell\u2019Unione Europea;<\/p>\n<p>\u2022\u00a0rappresenta e tutela il settore della produzione di beni e di servizi;<\/p>\n<p>\u2022 sito Web: <a href=\"http:\/\/www.confindustria.it\/\">confindustria.it<\/a><\/p>\n<h4>CONFAPI<br \/>\nConfederazione Italiana della Piccola e Media Industria<\/h4>\n<p>\u2022\u00a0Confederazione che promuove gli interessi della piccola e media industria;<\/p>\n<p>\u2022\u00a0favorisce lo sviluppo economico e civile del paese in collegamento con le organizzazioni ed istituzioni nazionali ed estere;<\/p>\n<p>\u2022 sito Web: <a href=\"http:\/\/www.confapi.it\/\">confapi.it<\/a><\/p>\n<h4>CONFCOMMERCIO<br \/>\nConfederazione Generale Italiana del Commercio, del Turismo, dei Servizi e delle PMI<\/h4>\n<p>\u2022\u00a0Confederazione che definisce le politiche comunitarie del settore, collaborando con l\u2019Unione europea;<\/p>\n<p>\u2022\u00a0assiste e cura l\u2019iter di pratiche relative alla concessione di contributi per attivit\u00e0 promozionali all\u2019estero;<\/p>\n<p>\u2022\u00a0provvede al reperimento di mercati di sbocco e alla ricerca di nominativi di potenziali acquirenti sui mercati internazionali;<\/p>\n<p>\u2022 sito Web: <a href=\"http:\/\/www.confcommercio.it\/\">confcommercio.it<\/a><\/p>\n<h4>CONFARTIGIANATO<br \/>\nOrganizzazione di informazione e di rappresentanza delle imprese artigiane<\/h4>\n<p>\u2022\u00a0Confederazione che sostiene lo sviluppo delle nuove imprese attraverso l\u2019attivit\u00e0 di formazione, di informazione sulle opportunit\u00e0 e sulle agevolazioni di carattere nazionale e locale;<\/p>\n<p>\u2022\u00a0fornisce una prima valutazione della qualit\u00e0 del progetto imprenditoriale e offre consulenze di base in materia di legislazione, credito, fisco e ambiente;<\/p>\n<p>\u2022\u00a0concede finanziamenti agevolati per dotare &#8220;il progetto d&#8217;impresa&#8221; di strumenti necessari per renderlo concreto;<\/p>\n<p>\u2022 sito Web: <a href=\"http:\/\/www.confartigianato.it\/\">confartigianato.it<\/a><\/p>\n<h4>CNA<br \/>\nConfederazione Nazionale dell&#8217;Artigianato e della Piccola e Media Impresa<\/h4>\n<p>\u2022\u00a0Organizzazione rappresentativa delle imprese artigiane;<\/p>\n<p>\u2022\u00a0formulando le strategie per il settore, fornisce un servizio di informazione su opportunit\u00e0, programmi e bandi di gara proposti dall\u2019Unione Europea;<\/p>\n<p>\u2022\u00a0rappresenta il mondo dell&#8217;autoimprenditorialit\u00e0 riunendo attraverso la denominazione \u201cCNA in proprio\u201d consulenti, professionisti e collaboratori;<\/p>\n<p>\u2022 sito Web: <a href=\"http:\/\/www.cna.it\/\">cna.it<\/a><\/p>\n<h4>CONFAGRICOLTURA<br \/>\nOrganizzazione agricola italiana<\/h4>\n<p>\u2022\u00a0Confederazione che promuove, assiste e coordina le attivit\u00e0 economiche per i singoli prodotti o settori di produzione;<\/p>\n<p>\u2022\u00a0rappresenta e tutela le imprese associate nei confronti delle istituzioni;<\/p>\n<p>\u2022\u00a0fornisce ai propri associati servizi qualificati di varia natura (consulenze legali, formazione ed assistenza tecnica per la gestione dell\u2019azienda agricola);<\/p>\n<p>\u2022 sito Web: <a href=\"http:\/\/www.confagricoltura.it\/\">confagricoltura.it<\/a><\/p>\n","protected":false},"excerpt":{"rendered":"Assicurazione all&#8217;export SACE S.p.A. Servizi Assicurativi del Commercio Estero \u2022\u00a0Societ\u00e0 di assicurazione dei crediti all\u2019esportazione con capitale sociale sottoscritto dal Ministero dell\u2019Economia e delle Finanze; \u2022\u00a0assume in assicurazione e riassicurazione i rischi di carattere politico, economico e commerciale a cui sono esposti gli operatori italiani nelle loro transazioni internazionali; \u2022\u00a0sostiene le esportazioni delle piccole e [&hellip;]","protected":false},"author":4,"featured_media":0,"parent":95,"menu_order":0,"comment_status":"closed","ping_status":"closed","template":"","meta":{"footnotes":""},"class_list":["post-342","page","type-page","status-publish","hentry"],"_links":{"self":[{"href":"https:\/\/ambnairobi.esteri.it\/it\/wp-json\/wp\/v2\/pages\/342","targetHints":{"allow":["GET"]}}],"collection":[{"href":"https:\/\/ambnairobi.esteri.it\/it\/wp-json\/wp\/v2\/pages"}],"about":[{"href":"https:\/\/ambnairobi.esteri.it\/it\/wp-json\/wp\/v2\/types\/page"}],"author":[{"embeddable":true,"href":"https:\/\/ambnairobi.esteri.it\/it\/wp-json\/wp\/v2\/users\/4"}],"replies":[{"embeddable":true,"href":"https:\/\/ambnairobi.esteri.it\/it\/wp-json\/wp\/v2\/comments?post=342"}],"version-history":[{"count":4,"href":"https:\/\/ambnairobi.esteri.it\/it\/wp-json\/wp\/v2\/pages\/342\/revisions"}],"predecessor-version":[{"id":1121,"href":"https:\/\/ambnairobi.esteri.it\/it\/wp-json\/wp\/v2\/pages\/342\/revisions\/1121"}],"up":[{"embeddable":true,"href":"https:\/\/ambnairobi.esteri.it\/it\/wp-json\/wp\/v2\/pages\/95"}],"wp:attachment":[{"href":"https:\/\/ambnairobi.esteri.it\/it\/wp-json\/wp\/v2\/media?parent=342"}],"curies":[{"name":"wp","href":"https:\/\/api.w.org\/{rel}","templated":true}]}}