{"id":3674,"date":"2025-04-30T13:46:20","date_gmt":"2025-04-30T11:46:20","guid":{"rendered":"https:\/\/ambnairobi.esteri.it\/?page_id=3674"},"modified":"2025-04-30T13:47:20","modified_gmt":"2025-04-30T11:47:20","slug":"passaporti","status":"publish","type":"page","link":"https:\/\/ambnairobi.esteri.it\/it\/servizi-consolari-e-visti\/servizi-per-il-cittadino-italiano\/passaporti-e-carte-didentita\/passaporti\/","title":{"rendered":"Passaporti"},"content":{"rendered":"<p style=\"text-align: justify;\">L\u2019Ambasciata d\u2019Italia in Nairobi \u00e8 competente per il rilascio di passaporti a cittadini italiani residenti nella <u>Circoscrizione Consolare<\/u>\u00a0 e <strong>regolarmente\u00a0<a href=\"https:\/\/ambnairobi.esteri.it\/it\/servizi-consolari-e-visti\/servizi-per-il-cittadino-italiano\/anagrafe-cittadini-residenti-allestero-a-i-r-e\/\">iscritti all\u2019A.I.R.E<\/a><a href=\"https:\/\/consbarcellona.esteri.it\/it\/servizi-consolari-e-visti\/servizi-per-il-cittadino-italiano\/anagrafe-italiani-residenti-allestero-a-i-r-e\/\">.<\/a><\/strong>\u00a0I residenti non ancora iscritti possono presentare domanda di passaporto\u00a0<strong>SOLO<\/strong>\u00a0dopo aver verificato che la propria richiesta di iscrizione AIRE on-line (comprensiva di completa ed adeguata documentazione) attraverso il\u00a0<a href=\"https:\/\/serviziconsolari.esteri.it\/ScoFE\/index.sco\">portale Fast-It<\/a>\u00a0<strong>appaia come \u201ctrasmessa al Comune\u201d<\/strong>\u00a0(<u>non \u00e8 sufficiente che sia stata semplicemente \u201cpresentata\u201d<\/u>).<\/p>\n<p style=\"text-align: justify;\">Anche se teoricamente possibile,\u00a0<strong><u>il rilascio del documento per i non residenti sar\u00e0 trattato in maniera residuale e per casi eccezionali.<\/u><\/strong><\/p>\n<p style=\"text-align: justify;\">\u00c8 opportuno, per evitare ritardi nell\u2019emissione, che ciascun richiedente passaporto abbia una situazione di stato civile aggiornata nei confronti delle autorit\u00e0 italiane, cio\u00e8 che gli atti relativi ad eventi (di matrimonio, nascita figli, divorzio, ecc.) non avvenuti in Italia siano gi\u00e0 stati presentati all\u2019Ufficio Consolare o al comune di competenza. Vedere sezione <a href=\"https:\/\/ambnairobi.esteri.it\/it\/servizi-consolari-e-visti\/servizi-per-il-cittadino-italiano\/stato-civile-2\/\">Stato Civile \u2013 Ambasciata d&#8217;Italia Nairobi<\/a><\/p>\n<p style=\"text-align: justify;\"><strong>Passaporto per Maggiorenne &#8211; <\/strong><strong>maggiori di anni 18\u00a0<\/strong><\/p>\n<p style=\"text-align: justify; padding-left: 40px;\" align=\"justify\">Il passaporto biometrico italiano \u00e8 un documento di identit\u00e0 con all\u2019interno un microchip contenente i dati biometrici del titolare (foto, firma ed impronte digitali) che consente di viaggiare in tutti i Paesi riconosciuti dal Governo Italiano &#8211; <a href=\"https:\/\/ambnairobi.esteri.it\/it\/servizi-consolari-e-visti\/servizi-per-il-cittadino-italiano\/passaporti-e-carte-didentita\/passaporti-per-adulti-maggiori-di-18-anni\/\">PASSAPORTI PER ADULTI (MAGGIORI DI 18 ANNI) \u2013 Ambasciata d&#8217;Italia Nairobi<\/a><\/p>\n<p style=\"text-align: justify;\"><strong>Passaporto per Minore \u2013 Minori tra\u00a0<\/strong><strong>anni<\/strong><strong> 12 e 18\u00a0<\/strong><\/p>\n<p style=\"text-align: justify; padding-left: 40px;\">Al minore dai 12 ai 18 anni pu\u00f2 essere rilasciato un passaporto con una validit\u00e0 di 5 anni. Dal 26 giugno 2012 i minori possono viaggiare solo se muniti di documento di viaggio individuale &#8211;\u00a0<a href=\"https:\/\/ambnairobi.esteri.it\/it\/servizi-consolari-e-visti\/servizi-per-il-cittadino-italiano\/passaporti-e-carte-didentita\/passaporti-per-minori-tra-i-12-e-i-18-anni\/\">PASSAPORTI PER MINORI TRA I 12 E I 18 ANNI \u2013 Ambasciata d&#8217;Italia Nairobi<\/a><\/p>\n<p style=\"text-align: justify;\"><strong>Passaporto per Minore \u2013 Minori sotto anni 12<\/strong><\/p>\n<p style=\"text-align: justify; padding-left: 40px;\">Dal 26 giugno 2012 i minori possono viaggiare solo se muniti di documento di viaggio individuale. I MINORI NON POTRANNO PIU\u2019, IN NESSUN CASO, VIAGGIARE CON ISCRIZIONE SUL PASSAPORTO DEI GENITORI. &#8211;\u00a0<a href=\"https:\/\/ambnairobi.esteri.it\/it\/servizi-consolari-e-visti\/servizi-per-il-cittadino-italiano\/passaporti-e-carte-didentita\/passaporto-per-minori-di-12-anni\/\">PASSAPORTO PER MINORI DI 12 ANNI \u2013 Ambasciata d&#8217;Italia Nairobi<\/a><\/p>\n<p style=\"text-align: justify;\"><strong>Modulo di assens<\/strong><strong>o<\/strong><\/p>\n<p style=\"text-align: justify; padding-left: 40px;\">In caso di decesso di uno dei genitori basta presentare una copia del certificato di morte. La legge non consente deroghe all&#8217;atto di assenso, tranne in caso di emissione di un Decreto Consolare (vedi sotto). &#8211; <a href=\"https:\/\/ambnairobi.esteri.it\/it\/servizi-consolari-e-visti\/servizi-per-il-cittadino-italiano\/passaporti-e-carte-didentita\/modulo-di-assenso\/\">Modulo di assenso \u2013 Ambasciata d&#8217;Italia Nairobi<\/a><\/p>\n<p style=\"text-align: justify;\"><strong>Decreto Consolare<\/strong><\/p>\n<p style=\"text-align: justify; padding-left: 40px;\">Se un genitore si rifiuta di firmare l&#8217;atto di assenso il richiedente pu\u00f2 avviare la procedura di richiesta di emissione di un Decreto Consolare con il quale il Console Generale, in veste di Giudice Tutelare, pu\u00f2 eccezionalmente autorizzare il rilascio del passaporto o della carta d&#8217;identit\u00e0. &#8211; <a href=\"https:\/\/ambnairobi.esteri.it\/it\/servizi-consolari-e-visti\/servizi-per-il-cittadino-italiano\/passaporti-e-carte-didentita\/decreto-consolare\/\">Decreto Consolare \u2013 Ambasciata d&#8217;Italia Nairobi<\/a><a name=\"minori12\"><\/a><\/p>\n<p style=\"text-align: justify;\"><strong>Dichiarazione di Accompagnamento \u2013 Minore di anni 14<\/strong><\/p>\n<p style=\"text-align: justify; padding-left: 40px;\">Ai sensi dell\u2019art.14 legge 1185\/1967, se si desidera che un <strong>minore di anni 14<\/strong>, munito di passaporto individuale, viaggi all\u2019estero accompagnato da una persona diversa dai genitori o affidato a personale di una compagnia aerea, \u00e8 necessario che la competente autorita\u2019 consolare (rappresentanza all\u2019estero nella cui circoscrizione risiede il richiedente o altro Ufficio preposto) rilasci un\u2019attestazione di accompagnamento nella quale venga indicato il nome della persona, dell&#8217;Ente o della compagnia di trasporto a cui il minore stesso viene affidato. &#8211; <a href=\"https:\/\/ambnairobi.esteri.it\/it\/servizi-consolari-e-visti\/servizi-per-il-cittadino-italiano\/passaporti-e-carte-didentita\/minori-dichiarazione-di-accompagnamento\/\">Minori \u2013 Dichiarazione di Accompagnamento \u2013 Ambasciata d&#8217;Italia Nairobi<\/a><\/p>\n","protected":false},"excerpt":{"rendered":"L\u2019Ambasciata d\u2019Italia in Nairobi \u00e8 competente per il rilascio di passaporti a cittadini italiani residenti nella Circoscrizione Consolare\u00a0 e regolarmente\u00a0iscritti all\u2019A.I.R.E.\u00a0I residenti non ancora iscritti possono presentare domanda di passaporto\u00a0SOLO\u00a0dopo aver verificato che la propria richiesta di iscrizione AIRE on-line (comprensiva di completa ed adeguata documentazione) attraverso il\u00a0portale Fast-It\u00a0appaia come \u201ctrasmessa al Comune\u201d\u00a0(non \u00e8 sufficiente [&hellip;]","protected":false},"author":6,"featured_media":0,"parent":49,"menu_order":0,"comment_status":"closed","ping_status":"closed","template":"","meta":{"footnotes":""},"class_list":["post-3674","page","type-page","status-publish","hentry"],"_links":{"self":[{"href":"https:\/\/ambnairobi.esteri.it\/it\/wp-json\/wp\/v2\/pages\/3674","targetHints":{"allow":["GET"]}}],"collection":[{"href":"https:\/\/ambnairobi.esteri.it\/it\/wp-json\/wp\/v2\/pages"}],"about":[{"href":"https:\/\/ambnairobi.esteri.it\/it\/wp-json\/wp\/v2\/types\/page"}],"author":[{"embeddable":true,"href":"https:\/\/ambnairobi.esteri.it\/it\/wp-json\/wp\/v2\/users\/6"}],"replies":[{"embeddable":true,"href":"https:\/\/ambnairobi.esteri.it\/it\/wp-json\/wp\/v2\/comments?post=3674"}],"version-history":[{"count":2,"href":"https:\/\/ambnairobi.esteri.it\/it\/wp-json\/wp\/v2\/pages\/3674\/revisions"}],"predecessor-version":[{"id":3679,"href":"https:\/\/ambnairobi.esteri.it\/it\/wp-json\/wp\/v2\/pages\/3674\/revisions\/3679"}],"up":[{"embeddable":true,"href":"https:\/\/ambnairobi.esteri.it\/it\/wp-json\/wp\/v2\/pages\/49"}],"wp:attachment":[{"href":"https:\/\/ambnairobi.esteri.it\/it\/wp-json\/wp\/v2\/media?parent=3674"}],"curies":[{"name":"wp","href":"https:\/\/api.w.org\/{rel}","templated":true}]}}