{"id":389,"date":"2023-08-01T09:00:26","date_gmt":"2023-08-01T07:00:26","guid":{"rendered":"https:\/\/ambnairobi.esteri.it\/?page_id=389"},"modified":"2025-04-04T12:01:23","modified_gmt":"2025-04-04T10:01:23","slug":"certificati-anagrafici","status":"publish","type":"page","link":"https:\/\/ambnairobi.esteri.it\/it\/servizi-consolari-e-visti\/servizi-per-il-cittadino-italiano\/certificati-anagrafici\/","title":{"rendered":"Certificati Anagrafici"},"content":{"rendered":"<p><strong>CERTIFICATI ANAGRAFICI RILASCIATI ONLINE DAI COMUNI ITALIANI<\/strong><\/p>\n<p style=\"text-align: justify;\">Si comunica che, a partire dal 15 novembre 2021, i cittadini iscritti nelle anagrafi italiane (sia APR che AIRE) hanno la possibilit\u00e0 di richiedere direttamente online diversi tipi di certificati anagrafici. Il rilascio di tali certificati \u00e8 gratuito e naturalmente possibile solo a condizione di avere un\u2019identit\u00e0 digitale (CIE, Spid o CNS), dal momento che tale modalit\u00e0 \u00e8 ormai l&#8217;unica in Italia per accedere ai servizi telematici erogati dalla Pubblica Amministrazione.<\/p>\n<p>Il sito al quale \u00e8 necessario connettersi \u00e8<\/p>\n<p><a href=\"https:\/\/www.anagrafenazionale.interno.it\/servizi-al-cittadino\/\">https:\/\/www.anagrafenazionale.interno.it\/servizi-al-cittadino\/<\/a><\/p>\n<p>i certificati che si possono richiedere, per s\u00e9 oppure per i familiari conviventi anagraficamente, sono:<\/p>\n<ul>\n<li>Anagrafico di nascita<\/li>\n<li>Anagrafico di matrimonio<\/li>\n<li>di Cittadinanza<\/li>\n<li>di Esistenza in vita<\/li>\n<li>di Residenza<\/li>\n<li>di Residenza AIRE<\/li>\n<li>di Stato civile<\/li>\n<li>di Stato di famiglia<\/li>\n<li>di Stato di famiglia e di stato civile<\/li>\n<li>di Residenza in convivenza<\/li>\n<li>di Stato di famiglia AIRE<\/li>\n<li>di Stato di famiglia con rapporti di parentela<\/li>\n<li>di Stato Libero<\/li>\n<li>Anagrafico di Unione Civile<\/li>\n<li>di Contratto di Convivenza<\/li>\n<\/ul>\n","protected":false},"excerpt":{"rendered":"CERTIFICATI ANAGRAFICI RILASCIATI ONLINE DAI COMUNI ITALIANI Si comunica che, a partire dal 15 novembre 2021, i cittadini iscritti nelle anagrafi italiane (sia APR che AIRE) hanno la possibilit\u00e0 di richiedere direttamente online diversi tipi di certificati anagrafici. Il rilascio di tali certificati \u00e8 gratuito e naturalmente possibile solo a condizione di avere un\u2019identit\u00e0 digitale [&hellip;]","protected":false},"author":5,"featured_media":0,"parent":47,"menu_order":5,"comment_status":"closed","ping_status":"closed","template":"","meta":{"footnotes":""},"class_list":["post-389","page","type-page","status-publish","hentry"],"_links":{"self":[{"href":"https:\/\/ambnairobi.esteri.it\/it\/wp-json\/wp\/v2\/pages\/389","targetHints":{"allow":["GET"]}}],"collection":[{"href":"https:\/\/ambnairobi.esteri.it\/it\/wp-json\/wp\/v2\/pages"}],"about":[{"href":"https:\/\/ambnairobi.esteri.it\/it\/wp-json\/wp\/v2\/types\/page"}],"author":[{"embeddable":true,"href":"https:\/\/ambnairobi.esteri.it\/it\/wp-json\/wp\/v2\/users\/5"}],"replies":[{"embeddable":true,"href":"https:\/\/ambnairobi.esteri.it\/it\/wp-json\/wp\/v2\/comments?post=389"}],"version-history":[{"count":2,"href":"https:\/\/ambnairobi.esteri.it\/it\/wp-json\/wp\/v2\/pages\/389\/revisions"}],"predecessor-version":[{"id":3290,"href":"https:\/\/ambnairobi.esteri.it\/it\/wp-json\/wp\/v2\/pages\/389\/revisions\/3290"}],"up":[{"embeddable":true,"href":"https:\/\/ambnairobi.esteri.it\/it\/wp-json\/wp\/v2\/pages\/47"}],"wp:attachment":[{"href":"https:\/\/ambnairobi.esteri.it\/it\/wp-json\/wp\/v2\/media?parent=389"}],"curies":[{"name":"wp","href":"https:\/\/api.w.org\/{rel}","templated":true}]}}