{"id":41,"date":"2023-04-11T18:07:19","date_gmt":"2023-04-11T16:07:19","guid":{"rendered":"https:\/\/ambasciatapraga.esteri.it\/?page_id=41"},"modified":"2026-03-01T12:15:06","modified_gmt":"2026-03-01T11:15:06","slug":"numeri-di-emergenza","status":"publish","type":"page","link":"https:\/\/ambnairobi.esteri.it\/it\/chi-siamo\/numeri-di-emergenza\/","title":{"rendered":"Numeri di emergenza"},"content":{"rendered":"<p><strong>Contatti in caso di Emergenza<\/strong><\/p>\n<ul>\n<li>Unit\u00e0 di Crisi (attivo 24 ore su 24, 7 giorni su 7)<\/li>\n<\/ul>\n<p><strong>\u00a0 \u00a0 \u00a0 \u00a0 \u00a0 \u00a0 \u00a0 \u00a0 \u00a0 \u00a0 \u00a0 \u00a0+39 06 3691 2666 oppure +39 06 3691 3694<\/strong><\/p>\n<ul>\n<li>\u00a0Ambasciata d\u2019Italia a Nairobi (dal luned\u00ec al gioved\u00ec dalle 08.00 alle 16.00, venerd\u00ec dalle 08.00 alle 14.00)<\/li>\n<\/ul>\n<p><strong>\u00a0 \u00a0 \u00a0 \u00a0 \u00a0 \u00a0 \u00a0 \u00a0 \u00a0 \u00a0 \u00a0 \u00a0+254 20 513 7500<\/strong><\/p>\n<ul>\n<li>\u00a0Funzionario di turno dell\u2019Ambasciata, <mark>da contattare esclusivamente per comprovate situazioni di emergenza<\/mark> al di fuori dell&#8217;orario di ufficio dell&#8217;Ambasciata (decessi, furti, incidenti, arresti, ecc.)\n<p><strong>\u00a0 \u00a0 \u00a0 \u00a0 \u00a0 \u00a0 \u00a0 +254 722 514 327\u00a0<\/strong><\/li>\n<\/ul>\n","protected":false},"excerpt":{"rendered":"Contatti in caso di Emergenza Unit\u00e0 di Crisi (attivo 24 ore su 24, 7 giorni su 7) \u00a0 \u00a0 \u00a0 \u00a0 \u00a0 \u00a0 \u00a0 \u00a0 \u00a0 \u00a0 \u00a0 \u00a0+39 06 3691 2666 oppure +39 06 3691 3694 \u00a0Ambasciata d\u2019Italia a Nairobi (dal luned\u00ec al gioved\u00ec dalle 08.00 alle 16.00, venerd\u00ec dalle 08.00 alle 14.00) \u00a0 [&hellip;]","protected":false},"author":1,"featured_media":0,"parent":13,"menu_order":6,"comment_status":"closed","ping_status":"closed","template":"","meta":{"footnotes":""},"class_list":["post-41","page","type-page","status-publish","hentry"],"_links":{"self":[{"href":"https:\/\/ambnairobi.esteri.it\/it\/wp-json\/wp\/v2\/pages\/41","targetHints":{"allow":["GET"]}}],"collection":[{"href":"https:\/\/ambnairobi.esteri.it\/it\/wp-json\/wp\/v2\/pages"}],"about":[{"href":"https:\/\/ambnairobi.esteri.it\/it\/wp-json\/wp\/v2\/types\/page"}],"author":[{"embeddable":true,"href":"https:\/\/ambnairobi.esteri.it\/it\/wp-json\/wp\/v2\/users\/1"}],"replies":[{"embeddable":true,"href":"https:\/\/ambnairobi.esteri.it\/it\/wp-json\/wp\/v2\/comments?post=41"}],"version-history":[{"count":7,"href":"https:\/\/ambnairobi.esteri.it\/it\/wp-json\/wp\/v2\/pages\/41\/revisions"}],"predecessor-version":[{"id":4897,"href":"https:\/\/ambnairobi.esteri.it\/it\/wp-json\/wp\/v2\/pages\/41\/revisions\/4897"}],"up":[{"embeddable":true,"href":"https:\/\/ambnairobi.esteri.it\/it\/wp-json\/wp\/v2\/pages\/13"}],"wp:attachment":[{"href":"https:\/\/ambnairobi.esteri.it\/it\/wp-json\/wp\/v2\/media?parent=41"}],"curies":[{"name":"wp","href":"https:\/\/api.w.org\/{rel}","templated":true}]}}