{"id":430,"date":"2023-10-23T15:42:43","date_gmt":"2023-10-23T13:42:43","guid":{"rendered":"https:\/\/ambnairobi.esteri.it\/?page_id=430"},"modified":"2024-05-23T11:33:47","modified_gmt":"2024-05-23T09:33:47","slug":"dichiarazioni-di-valore","status":"publish","type":"page","link":"https:\/\/ambnairobi.esteri.it\/it\/servizi-consolari-e-visti\/servizi-per-il-cittadino-straniero\/studiare-in-italia\/dichiarazioni-di-valore\/","title":{"rendered":"Richiesta di Dichiarazione di Valore ai fini di Studio"},"content":{"rendered":"<p style=\"text-align: justify;\">Ogni informazione relativa al riconoscimento dei titoli di studio esteri in Italia viene fornita dal\u00a0<a href=\"http:\/\/www.cimea.it\/\">Centro Informazione sulla Mobilit\u00e0 e le Equivalenze Accademiche (CIMEA)<\/a>. L\u2019istituzione di tale Centro corrisponde agli impegni assunti dal nostro Paese con la firma e la ratifica della\u00a0<strong>Convenzione di Lisbona<\/strong>\u00a0sul riconoscimento dei titoli di studio relativi all\u2019insegnamento superiore nella regione europea.<\/p>\n<p style=\"text-align: justify;\">A seconda del livello del titolo di studio e della finalit\u00e0 del riconoscimento (ad esempio: prosecuzione degli studi, accesso ai pubblici concorsi, conseguimento del titolo italiano corrispondente, esercizio delle professioni regolamentate, etc.), sono\u00a0<strong>diverse le procedure e le amministrazioni competenti per il riconoscimento.\u00a0<\/strong>Una panoramica delle varie procedure di riconoscimento \u00e8 disponibile alla pagina\u00a0<a href=\"https:\/\/www.cimea.it\/pagina-procedure-riconoscimento-titoli\">https:\/\/www.cimea.it\/pagina-procedure-riconoscimento- titoli<\/a>.<\/p>\n<p style=\"text-align: justify;\">Il Ministero degli Affari Esteri e della Cooperazione Internazionale non \u00e8 competente per il riconoscimento dei titoli di studio esteri. Tuttavia, le\u00a0<strong>rappresentanze diplomatico-consolari italiane all\u2019estero<\/strong>\u00a0(Ambasciate o Consolati) possono rilasciare la\u00a0<strong>Dichiarazione di Valore in loco<\/strong>\u00a0di un titolo di studio o di abilitazione professionale conseguito all\u2019estero nella circoscrizione di loro competenza.<\/p>\n<p style=\"text-align: justify;\">La Dichiarazione di Valore\u00a0<strong>non \u00e8 una forma di riconoscimento del titolo<\/strong>, ma un\u00a0<strong>documento di natura informativa<\/strong>\u00a0che gli istituti di formazione e le Amministrazioni competenti per il riconoscimento dei titoli in Italia possono utilizzare per la valutazione dei titoli stessi, ai fini del proseguimento degli studi, dell\u2019esercizio di professioni regolamentate, etc.<\/p>\n<p style=\"text-align: justify;\">Le informazioni riportate nella Dichiarazione di Valore riguardano: natura e livello dell\u2019istituzione che ha emesso il titolo estero; durata legale del corso di studio; requisiti di accesso al corso; eventuale votazione ottenuta con riferimento al sistema di valutazione vigente; valore del titolo nel Paese di origine ai fini del proseguimento degli studi ed eventualmente dell\u2019esercizio della professione; ogni altra informazione eventualmente ritenuta utile alla sua valutazione in Italia.<\/p>\n<p style=\"text-align: justify;\"><strong>Legalizzazione<\/strong><br \/>\nI titoli di studio in lingua straniera da far valere in Italia per la Pubblica Amministrazione devono essere legalizzati e tradotti in lingua italiana. La legalizzazione conferma l\u2019autenticit\u00e0 della firma, apposta sul titolo di studio, del pubblico ufficiale che lo ha rilasciato, nonch\u00e9 l&#8217;autenticit\u00e0 del timbro presente sull&#8217;atto. Sono esentati dalla \u201clegalizzazione\u201d i Paesi che hanno aderito alla Convenzione dell\u2019Aja (5 ottobre 1961), in questi casi la legalizzazione \u00e8 sostituita dalla \u201cApostille\u201d.<\/p>\n<p style=\"text-align: justify;\"><strong>Apostille<\/strong><br \/>\n\u00c8 in vigore, dunque, tra i Paesi che hanno aderito alla Convenzione dell\u2019Aja del 5 ottobre 1961 e sostituisce, solo tra essi, la legalizzazione. E\u2019 necessario far apporre, sul titolo estero, la cosiddetta \u201cPostilla dell\u2019Aja\u201d prima di richiedere la Dichiarazione di Valore. Ogni Paese aderente indica quali sono le autorit\u00e0 competenti a rilasciare l\u2019Apostille. La \u201cApostille\u201d non \u00e8 necessaria quando il Paese da cui proviene l\u2019atto straniero ha aderito ad una convenzione internazionale, bi- o pluri-laterale che la esclude. Per consultare l\u2019elenco degli Stati aderenti e le autorit\u00e0 competenti a rilasciare l\u2019Apostille\u00a0<a href=\"http:\/\/www.prefettura.it\/FILES\/docs\/1173\/DocumentiCittadinanza.pdf\">clicca qui<\/a>.<\/p>\n<p style=\"text-align: justify;\"><strong>Servizi<\/strong><\/p>\n<p style=\"padding-left: 40px;\">Dichiarazione Consolare per titoli di studio:<\/p>\n<ul>\n<li style=\"list-style-type: none;\">\n<ul style=\"text-align: justify;\">\n<li><a href=\"https:\/\/ambnairobi.esteri.it\/it\/servizi-consolari-e-visti\/servizi-per-il-cittadino-straniero\/studiare-in-italia\/dichiarazioni-di-valore\/dichiarazione-consolare-kcpe-checklist\/\">KCPE Checklist<\/a><\/li>\n<\/ul>\n<\/li>\n<\/ul>\n<p style=\"padding-left: 40px;\">Dichiarazione di Valore per titoli di studio:<\/p>\n<ul>\n<li style=\"list-style-type: none;\">\n<ul style=\"text-align: justify;\">\n<li><a href=\"https:\/\/ambnairobi.esteri.it\/it\/servizi-consolari-e-visti\/servizi-per-il-cittadino-straniero\/studiare-in-italia\/dichiarazioni-di-valore\/dichiarazione-di-valore-kcse-checklist\/\">KCSE Checklist<\/a><\/li>\n<li><a href=\"https:\/\/ambnairobi.esteri.it\/it\/servizi-consolari-e-visti\/servizi-per-il-cittadino-straniero\/studiare-in-italia\/dichiarazioni-di-valore\/dichiarazione-di-valore-bachelor-degree-checklist\/\">Bachelor Degree Checklist<\/a><\/li>\n<li><a href=\"https:\/\/ambnairobi.esteri.it\/it\/servizi-consolari-e-visti\/servizi-per-il-cittadino-straniero\/studiare-in-italia\/dichiarazioni-di-valore\/dichiarazione-di-valore-masters-degree-checklist\/\">Masters Degree Checklist <\/a><\/li>\n<\/ul>\n<\/li>\n<\/ul>\n<p style=\"padding-left: 40px;\">Titoli stranieri conseguiti in loco:<\/p>\n<ul>\n<li style=\"list-style-type: none;\">\n<ul style=\"text-align: justify;\">\n<li><a href=\"https:\/\/ambnairobi.esteri.it\/it\/servizi-consolari-e-visti\/servizi-per-il-cittadino-straniero\/studiare-in-italia\/dichiarazioni-di-valore\/british-curriculum-in-kenya\/\">British Curriculum in Kenya<\/a><\/li>\n<li><a href=\"https:\/\/ambnairobi.esteri.it\/it\/servizi-consolari-e-visti\/servizi-per-il-cittadino-straniero\/studiare-in-italia\/dichiarazioni-di-valore\/international-baccalaureate-ib-in-kenya\/\">International Baccalaureate (IB) in Kenya<\/a><\/li>\n<\/ul>\n<\/li>\n<\/ul>\n<p style=\"text-align: justify;\">Per eventuali informazioni si prega di inviare una e-mail al seguente indirizzo di posta elettronica: <a href=\"mailto:nairobi.studio@esteri.it\">nairobi.studio@esteri.it\u00a0<\/a><\/p>\n","protected":false},"excerpt":{"rendered":"Ogni informazione relativa al riconoscimento dei titoli di studio esteri in Italia viene fornita dal\u00a0Centro Informazione sulla Mobilit\u00e0 e le Equivalenze Accademiche (CIMEA). L\u2019istituzione di tale Centro corrisponde agli impegni assunti dal nostro Paese con la firma e la ratifica della\u00a0Convenzione di Lisbona\u00a0sul riconoscimento dei titoli di studio relativi all\u2019insegnamento superiore nella regione europea. A [&hellip;]","protected":false},"author":6,"featured_media":0,"parent":336,"menu_order":0,"comment_status":"closed","ping_status":"closed","template":"","meta":{"footnotes":""},"class_list":["post-430","page","type-page","status-publish","hentry"],"_links":{"self":[{"href":"https:\/\/ambnairobi.esteri.it\/it\/wp-json\/wp\/v2\/pages\/430","targetHints":{"allow":["GET"]}}],"collection":[{"href":"https:\/\/ambnairobi.esteri.it\/it\/wp-json\/wp\/v2\/pages"}],"about":[{"href":"https:\/\/ambnairobi.esteri.it\/it\/wp-json\/wp\/v2\/types\/page"}],"author":[{"embeddable":true,"href":"https:\/\/ambnairobi.esteri.it\/it\/wp-json\/wp\/v2\/users\/6"}],"replies":[{"embeddable":true,"href":"https:\/\/ambnairobi.esteri.it\/it\/wp-json\/wp\/v2\/comments?post=430"}],"version-history":[{"count":7,"href":"https:\/\/ambnairobi.esteri.it\/it\/wp-json\/wp\/v2\/pages\/430\/revisions"}],"predecessor-version":[{"id":2303,"href":"https:\/\/ambnairobi.esteri.it\/it\/wp-json\/wp\/v2\/pages\/430\/revisions\/2303"}],"up":[{"embeddable":true,"href":"https:\/\/ambnairobi.esteri.it\/it\/wp-json\/wp\/v2\/pages\/336"}],"wp:attachment":[{"href":"https:\/\/ambnairobi.esteri.it\/it\/wp-json\/wp\/v2\/media?parent=430"}],"curies":[{"name":"wp","href":"https:\/\/api.w.org\/{rel}","templated":true}]}}