{"id":546,"date":"2023-10-10T15:12:59","date_gmt":"2023-10-10T13:12:59","guid":{"rendered":"https:\/\/ambnairobi.esteri.it\/?page_id=546"},"modified":"2023-10-31T13:54:08","modified_gmt":"2023-10-31T12:54:08","slug":"la-settimana-della-cucina-2023","status":"publish","type":"page","link":"https:\/\/ambnairobi.esteri.it\/it\/italia-e-kenya\/diplomazia-economica\/la-settimana-della-cucina-2023\/","title":{"rendered":"La settimana della cucina"},"content":{"rendered":"<p><img loading=\"lazy\" decoding=\"async\" class=\"aligncenter size-medium wp-image-1096 img-fluid\" src=\"https:\/\/ambnairobi.esteri.it\/wp-content\/uploads\/2023\/10\/Posateridotto-300x193.jpg\" alt=\"\" width=\"300\" height=\"193\" srcset=\"https:\/\/ambnairobi.esteri.it\/wp-content\/uploads\/2023\/10\/Posateridotto-300x193.jpg 300w, https:\/\/ambnairobi.esteri.it\/wp-content\/uploads\/2023\/10\/Posateridotto.jpg 565w\" sizes=\"auto, (max-width: 300px) 100vw, 300px\" \/><\/p>\n<p><strong>Cos\u2019\u00e8<\/strong><strong>\u00a0<\/strong><\/p>\n<p>La \u201cSettimana della Cucina Italiana nel Mondo\u201d \u00e8 la rassegna tematica annuale dedicata alla promozione della cucina e dei prodotti agroalimentari italiani di qualit\u00e0, promossa dalla nostra rete di Ambasciate, Consolati, Istituti Italiani di Cultura e Uffici ICE all\u2019estero.<\/p>\n<p>L\u2019edizione di quest\u2019anno riparte dalle radici della nostra tradizione, cogliendo la ricorrenza del bicentenario della nascita di Pellegrino Artusi, padre della cucina domestica italiana, per proporre un focus sul rapporto essenziale che lega il patrimonio gastronomico italiano ai suoi territori d\u2019origine. Il collegamento con di Artusi, ribadito nel titolo\u00a0\u201cSaperi e Sapori delle terre italiane, a 200 anni dalla nascita di Pellegrino Artusi\u201d, intende valorizzare la ricchezza e la variet\u00e0 delle tradizioni culinarie dei territori italiani, oltre che la salubrit\u00e0 e sostenibilit\u00e0 dell\u2019intera filiera, caratteristiche \u00a0che sono alla base della Dieta mediterranea, di cui si celebra quest\u2019anno il decimo anniversario dell\u2019iscrizione nella Lista del Patrimonio Culturale Immateriale dell\u2019UNESCO.<\/p>\n<p><strong>Gli assi portanti<\/strong><strong>\u00a0<\/strong><\/p>\n<p>La rassegna si sviluppa secondo le seguenti linee direttrici generali:<\/p>\n<ul>\n<li>valorizzazione delle tradizioni enogastronomiche delle Regioni e dei territori italiani, anche a fini turistici, in connessione con la rinnovata proiezione tridimensionale della Promozione Integrata della Farnesina (dimensione\u00a0culturale, economia, e della ricerca scientifica);<\/li>\n<li>valorizzazione della Dieta Mediterranea quale modello di stile di vita equilibrato;<\/li>\n<li>tutela e valorizzazione dei prodotti a denominazione protetta e controllata, unitamente ad azioni di contrasto al fenomeno dell\u2019Italian sounding;<\/li>\n<li>azioni di promozione dei vini italiani per migliorarne il posizionamento sui mercati internazionali;<\/li>\n<li>attivit\u00e0 di presentazione e internazionalizzazione dell\u2019offerta formativa italiana del settore;<\/li>\n<li>valorizzazione delle celebrazioni del bicentenario della nascita di Pellegrino Artusi, autore de\u00a0\u201cLa scienza in cucina e l\u2019arte di mangiar bene\u201d, la prima trattazione gastronomica dell\u2019Italia unita.<strong>\u00a0<\/strong><\/li>\n<\/ul>\n<p><strong>Edizioni<\/strong><\/p>\n<ul>\n<li><a href=\"https:\/\/ambnairobi.esteri.it\/it\/news\/dall_ambasciata\/2023\/10\/settimana-della-cucina-dal-13-al-19-novembre-2023\/\">2023<\/a><\/li>\n<li><a href=\"https:\/\/ambnairobi.esteri.it\/it\/news\/dall_ambasciata\/2022\/11\/settimana-della-cucina-italiana_0\/\">2022<\/a><\/li>\n<li><a href=\"https:\/\/ambnairobi.esteri.it\/it\/news\/dall_ambasciata\/2021\/11\/settimana-della-cucina-italiana\/\">2021<\/a><\/li>\n<\/ul>\n","protected":false},"excerpt":{"rendered":"Cos\u2019\u00e8\u00a0 La \u201cSettimana della Cucina Italiana nel Mondo\u201d \u00e8 la rassegna tematica annuale dedicata alla promozione della cucina e dei prodotti agroalimentari italiani di qualit\u00e0, promossa dalla nostra rete di Ambasciate, Consolati, Istituti Italiani di Cultura e Uffici ICE all\u2019estero. L\u2019edizione di quest\u2019anno riparte dalle radici della nostra tradizione, cogliendo la ricorrenza del bicentenario della [&hellip;]","protected":false},"author":4,"featured_media":0,"parent":43,"menu_order":0,"comment_status":"closed","ping_status":"closed","template":"","meta":{"footnotes":""},"class_list":["post-546","page","type-page","status-publish","hentry"],"_links":{"self":[{"href":"https:\/\/ambnairobi.esteri.it\/it\/wp-json\/wp\/v2\/pages\/546","targetHints":{"allow":["GET"]}}],"collection":[{"href":"https:\/\/ambnairobi.esteri.it\/it\/wp-json\/wp\/v2\/pages"}],"about":[{"href":"https:\/\/ambnairobi.esteri.it\/it\/wp-json\/wp\/v2\/types\/page"}],"author":[{"embeddable":true,"href":"https:\/\/ambnairobi.esteri.it\/it\/wp-json\/wp\/v2\/users\/4"}],"replies":[{"embeddable":true,"href":"https:\/\/ambnairobi.esteri.it\/it\/wp-json\/wp\/v2\/comments?post=546"}],"version-history":[{"count":2,"href":"https:\/\/ambnairobi.esteri.it\/it\/wp-json\/wp\/v2\/pages\/546\/revisions"}],"predecessor-version":[{"id":1099,"href":"https:\/\/ambnairobi.esteri.it\/it\/wp-json\/wp\/v2\/pages\/546\/revisions\/1099"}],"up":[{"embeddable":true,"href":"https:\/\/ambnairobi.esteri.it\/it\/wp-json\/wp\/v2\/pages\/43"}],"wp:attachment":[{"href":"https:\/\/ambnairobi.esteri.it\/it\/wp-json\/wp\/v2\/media?parent=546"}],"curies":[{"name":"wp","href":"https:\/\/api.w.org\/{rel}","templated":true}]}}