{"id":71,"date":"2023-04-11T18:19:16","date_gmt":"2023-04-11T16:19:16","guid":{"rendered":"https:\/\/ambasciatapraga.esteri.it\/?page_id=71"},"modified":"2025-04-07T07:57:11","modified_gmt":"2025-04-07T05:57:11","slug":"servizi-notarili","status":"publish","type":"page","link":"https:\/\/ambnairobi.esteri.it\/it\/servizi-consolari-e-visti\/servizi-per-il-cittadino-italiano\/servizi-notarili\/","title":{"rendered":"Servizi notarili"},"content":{"rendered":"<p style=\"text-align: justify;\">L\u2019Ufficio Notarile del Consolato \u00e8 deputato a ricevere gli atti tra vivi e quelli di ultima volont\u00e0, a curare il loro deposito ed a rilasciarne copie ed estratti.<\/p>\n<p style=\"text-align: justify;\">Il servizio notarile \u00e8 dovuto ai cittadini italiani che si trovino all&#8217;estero in via permanente o temporanea.<\/p>\n<p style=\"text-align: justify;\"><strong>PROCURE<\/strong><\/p>\n<p style=\"padding-left: 40px; text-align: justify;\">La procura \u00e8 un atto con il quale si d\u00e0 la facolt\u00e0 ad un\u2019altra persona di agire in propria vece e rappresentanza ed a compiere gli atti necessari per raggiungere un determinato scopo (es. vendere, acquistare, amministrare, fare donazione, accettare donazione, costituire o sciogliere societ\u00e0, richiedere pubblicazioni di matrimonio, ecc.) &#8211; <a href=\"https:\/\/ambnairobi.esteri.it\/it\/servizi-consolari-e-visti\/servizi-per-il-cittadino-italiano\/notarile\/procure\/\">PROCURE \u2013 Ambasciata d&#8217;Italia Nairobi<\/a><\/p>\n<p style=\"text-align: justify;\"><strong>TESTAMENTO PUBBLICO<\/strong><\/p>\n<p style=\"padding-left: 40px; text-align: justify;\">Tra le attivit\u00e0 proprie dell&#8217;Ufficio notarile presso un Consolato rientra la redazione di alcuni atti concernenti le dichiarazioni di ultima volont\u00e0 di soggetti che si trovano all&#8217;estero &#8211; <a href=\"https:\/\/ambnairobi.esteri.it\/it\/servizi-consolari-e-visti\/servizi-per-il-cittadino-italiano\/notarile\/testamento-pubblico\/\">TESTAMENTO PUBBLICO \u2013 Ambasciata d&#8217;Italia Nairobi<\/a><\/p>\n<p style=\"text-align: justify;\"><strong>ATTI PUBBLICI<\/strong><\/p>\n<p style=\"padding-left: 40px; text-align: justify;\">Si tratta di una tipologia di atti giuridici (come ad esempio l&#8217;atto di donazione) per i quali la legge prevede la forma dell&#8217;atto pubblico.<\/p>\n<p style=\"text-align: justify;\"><strong>ATTIVIT\u00c0 DI AUTENTICAZIONE<\/strong><\/p>\n<p style=\"padding-left: 40px; text-align: justify;\">L&#8217;attivit\u00e0 di autenticazione \u00e8 normalmente svolta da un pubblico funzionario del Consolato ma pu\u00f2 anche essere svolta da un funzionario delegato alle funzioni notarili- <a href=\"https:\/\/ambnairobi.esteri.it\/it\/servizi-consolari-e-visti\/servizi-per-il-cittadino-italiano\/notarile\/attivita-di-autenticazione\/\">ATTIVIT\u00c0 DI AUTENTICAZIONE \u2013 Ambasciata d&#8217;Italia Nairobi<\/a><\/p>\n<p style=\"text-align: justify;\"><strong>L\u2019AUTOCERTIFICAZIONE<\/strong><\/p>\n<p style=\"padding-left: 40px; text-align: justify;\">Per &#8220;autocertificazione&#8221; si intende &#8220;la certificazione prodotta dall\u2019interessato in sostituzione della normale certificazione&#8221; (art.2, legge 15\/1968). Essa rappresenta cio\u00e8 la possibilit\u00e0 per il cittadino di fornire le stesse notizie presenti in un registro pubblico in modo pi\u00f9 semplice e con meno oneri. La possibilit\u00e0 di avvalersi dell\u2019autocertificazione \u00e8 concessa a tutti i cittadini italiani e dei Paesi europei &#8211; <a href=\"https:\/\/ambnairobi.esteri.it\/it\/servizi-consolari-e-visti\/servizi-per-il-cittadino-italiano\/notarile\/lautocertificazione\/\">L\u2019AUTOCERTIFICAZIONE \u2013 Ambasciata d&#8217;Italia Nairobi<\/a><\/p>\n<p style=\"text-align: justify;\"><strong>ATTI NOTORI<\/strong><\/p>\n<p style=\"padding-left: 40px; text-align: justify;\">Gli interessati possono ricorrere all\u2019autocertificazione per tutti gli stati, fatti e qualit\u00e0 personali che non siano certificabili da parte di una pubblica amministrazione, mediante dichiarazione sostitutiva dell\u2019atto di notoriet\u00e0 ai sensi dell\u2019art.47 del DPR 445\/2000.<br \/>\nInoltre, la dichiarazione sostitutiva dell\u2019atto di notoriet\u00e0 pu\u00f2 riguardare anche circostanze relative ad altri soggetti, di cui il dichiarante abbia diretta conoscenza, nonch\u00e9 la possibilit\u00e0 di attestare la conformit\u00e0 all\u2019originale di una pubblicazione. La dichiarazione sostitutiva di atti notori pu\u00f2 essere fatta dichiarando fatti, stati o qualit\u00e0 personali a diretta conoscenza dell\u2019interessato dinanzi al funzionario competente a ricevere la documentazione, o dinanzi a un notaio, cancelliere, segretario comunale o altro funzionario incaricato dal sindaco.<br \/>\nQualora si tratti di stati, fatti e qualit\u00e0 personali certificabili o attestabili da parte di un altro soggetto pubblico e l\u2019amministrazione ritenga necessario controllare la veridicit\u00e0 delle dichiarazioni, ha a disposizione 15 giorni di tempo dalle dichiarazioni per richiedere la necessaria documentazione.<\/p>\n<p style=\"text-align: justify;\"><strong>Validit\u00e0 delle dichiarazioni sostitutive di normali certificazioni e di atti notori:<\/strong><\/p>\n<p style=\"padding-left: 40px; text-align: justify;\">le dichiarazioni sostitutive hanno la stessa validit\u00e0 degli atti che sostituiscono.<br \/>\nNormalmente i certificati hanno validit\u00e0 per sei mesi dalla data in cui sono stati rilasciati, salvo che norme di legge o regolamentari non dispongano una validit\u00e0 superiore. La validit\u00e0 delle certificazioni anagrafiche e quelle relative allo stato civile \u00e8 prolungabile se l\u2019interessato dichiara che i dati contenuti nel certificato non hanno subito modifiche e sottoscrive tale dichiarazione.<br \/>\nHanno validit\u00e0 illimitata, invece, i certificati e le dichiarazioni sostitutive che attestano stati e fatti personali che non sono soggetti a modificazioni (certificati di nascita, di morte, titoli di studio, ecc.).<\/p>\n<p style=\"text-align: justify;\"><strong>Quali sono i casi in cui l\u2019autocertificazione non \u00e8 MAI ammessa<\/strong><\/p>\n<p style=\"padding-left: 40px; text-align: justify;\">La possibilit\u00e0 di avvalersi dell\u2019autocertificazione non \u00e8 mai ammessa per i certificati:<\/p>\n<ul style=\"text-align: justify;\">\n<li style=\"list-style-type: none;\">\n<ul style=\"text-align: justify;\">\n<li>medici;<\/li>\n<li>sanitari;<\/li>\n<li>veterinari;<\/li>\n<li>di origine;<\/li>\n<li>di conformit\u00e0 all\u2019Ue;<\/li>\n<li>marchi;<\/li>\n<li>brevetti.<\/li>\n<\/ul>\n<\/li>\n<\/ul>\n<p style=\"text-align: justify;\"><strong>Casi in cui la Pubblica Amministrazione NON PUO\u2019 pi\u00f9 chiedere certificazioni ai cittadini<\/strong><\/p>\n<p style=\"padding-left: 40px; text-align: justify;\">Nel caso in cui si debba certificare i dati relativi a cognome, nome, luogo e data di nascita, cittadinanza, stato civile e residenza, la Pubblica Amministrazione non pu\u00f2 pi\u00f9 chiedere certificazioni ma \u00e8 sufficiente l\u2019esibizione di un documento di riconoscimento.<br \/>\nLa registrazione dei dati avviene attraverso la fotocopia non autenticata del documento stesso.<br \/>\nSe il documento non \u00e8 pi\u00f9 valido, l\u2019interessato deve dichiarare, in margine alla fotocopia, che i dati contenuti nel documento non sono variati dalla data del rilascio.<\/p>\n<p style=\"text-align: justify;\"><strong>Sanzioni per i cittadini che forniscono dichiarazioni non veritiere<\/strong><\/p>\n<p style=\"padding-left: 40px; text-align: justify;\">Se le amministrazioni hanno dubbi sulla veridicit\u00e0 delle autocertificazioni, sono tenute a effettuare i controlli necessari.<br \/>\nNel caso vengano riscontrate dichiarazioni mendaci, la falsit\u00e0 negli atti e l\u2019uso di atti falsi sono puniti ai sensi del codice penale e delle leggi in materia.<br \/>\nIl dichiarante inoltre decade dai benefici eventualmente conseguiti grazie a provvedimenti basati su dichiarazioni non veritiere.<\/p>\n<p style=\"text-align: justify;\"><strong>Documenti di riconoscimento e di identit\u00e0<\/strong><\/p>\n<p style=\"padding-left: 40px; text-align: justify;\">In tutti i casi in cui viene richiesto un documento di identit\u00e0 esso pu\u00f2 essere sostituito da un documento di riconoscimento equipollente. Sono equipollenti alla carta di identit\u00e0:<\/p>\n<ul style=\"text-align: justify;\">\n<li style=\"list-style-type: none;\">\n<ul style=\"text-align: justify;\">\n<li>Il passaporto;<\/li>\n<li>La patente di guida;<\/li>\n<li>La patente nautica;<\/li>\n<li>Il libretto di pensione;<\/li>\n<li>Il patentino di abilitazione alla conduzione di impianti termici;<\/li>\n<li>Il porto d\u2019armi;<\/li>\n<li>Le tessere di riconoscimento rilasciate da un\u2019Amministrazione dello Stato, purch\u00e8 munite di fotografia e di timbro o altra segnatura equivalente.<\/li>\n<\/ul>\n<\/li>\n<\/ul>\n<p style=\"padding-left: 40px; text-align: justify;\">Nel caso il documento sia scaduto, esso pu\u00f2 essere ugualmente esibito, con una dichiarazione dell\u2019interessato sulla fotocopia del documento che i dati in esso contenuti non sono cambiati.<\/p>\n","protected":false},"excerpt":{"rendered":"L\u2019Ufficio Notarile del Consolato \u00e8 deputato a ricevere gli atti tra vivi e quelli di ultima volont\u00e0, a curare il loro deposito ed a rilasciarne copie ed estratti. Il servizio notarile \u00e8 dovuto ai cittadini italiani che si trovino all&#8217;estero in via permanente o temporanea. PROCURE La procura \u00e8 un atto con il quale si [&hellip;]","protected":false},"author":1,"featured_media":0,"parent":47,"menu_order":18,"comment_status":"closed","ping_status":"closed","template":"","meta":{"footnotes":""},"class_list":["post-71","page","type-page","status-publish","hentry"],"_links":{"self":[{"href":"https:\/\/ambnairobi.esteri.it\/it\/wp-json\/wp\/v2\/pages\/71","targetHints":{"allow":["GET"]}}],"collection":[{"href":"https:\/\/ambnairobi.esteri.it\/it\/wp-json\/wp\/v2\/pages"}],"about":[{"href":"https:\/\/ambnairobi.esteri.it\/it\/wp-json\/wp\/v2\/types\/page"}],"author":[{"embeddable":true,"href":"https:\/\/ambnairobi.esteri.it\/it\/wp-json\/wp\/v2\/users\/1"}],"replies":[{"embeddable":true,"href":"https:\/\/ambnairobi.esteri.it\/it\/wp-json\/wp\/v2\/comments?post=71"}],"version-history":[{"count":5,"href":"https:\/\/ambnairobi.esteri.it\/it\/wp-json\/wp\/v2\/pages\/71\/revisions"}],"predecessor-version":[{"id":3466,"href":"https:\/\/ambnairobi.esteri.it\/it\/wp-json\/wp\/v2\/pages\/71\/revisions\/3466"}],"up":[{"embeddable":true,"href":"https:\/\/ambnairobi.esteri.it\/it\/wp-json\/wp\/v2\/pages\/47"}],"wp:attachment":[{"href":"https:\/\/ambnairobi.esteri.it\/it\/wp-json\/wp\/v2\/media?parent=71"}],"curies":[{"name":"wp","href":"https:\/\/api.w.org\/{rel}","templated":true}]}}