{"id":73,"date":"2023-04-11T18:19:45","date_gmt":"2023-04-11T16:19:45","guid":{"rendered":"https:\/\/ambasciatapraga.esteri.it\/?page_id=73"},"modified":"2025-04-04T10:03:03","modified_gmt":"2025-04-04T08:03:03","slug":"traduzione-e-legalizzazione-dei-documenti","status":"publish","type":"page","link":"https:\/\/ambnairobi.esteri.it\/it\/servizi-consolari-e-visti\/servizi-per-il-cittadino-italiano\/servizi-di-traduzione\/traduzione-e-legalizzazione-dei-documenti\/","title":{"rendered":"Traduzione e legalizzazione dei documenti"},"content":{"rendered":"<p style=\"text-align: justify;\"><strong>Come fare per far tradurre dei documenti<\/strong><\/p>\n<p style=\"text-align: justify;\">La Sede di Nairobi non effettua traduzioni, gli interessati sono invitati a:<\/p>\n<ol style=\"text-align: justify;\">\n<li>ottenere tale servizio dai traduttori noti a questa Sede &#8211; <a href=\"https:\/\/ambnairobi.esteri.it\/it\/servizi-consolari-e-visti\/servizi-per-il-cittadino-italiano\/servizi-di-traduzione\/\">Servizi di traduzione \u2013 Ambasciata d&#8217;Italia Nairobi (esteri.it)<\/a> oppure a<\/li>\n<li>contattare il Consolato Onorario pi\u00f9 vicino &#8211; <a href=\"https:\/\/ambnairobi.esteri.it\/it\/chi-siamo\/la-rete-consolare\/\">La Rete Consolare \u2013 Ambasciata d&#8217;Italia Nairobi (esteri.it)<\/a> per informazioni\/istruzioni in merito.<\/li>\n<\/ol>\n<p style=\"text-align: justify;\">Si ricorda che i documenti tradotti dovranno essere vidimati da questa Sede\/Consolato Onorario prima della presentazione\/consegna ai destinatari sia locali che in Italia.<\/p>\n<p style=\"text-align: justify;\"><strong>Come fare per far autenticare (legalizzare) i certificati rilasciati dalla autorit\u00e0 del Kenya per uso in Italia<\/strong><\/p>\n<p style=\"text-align: justify;\">Il richiedente dovr\u00e0:<\/p>\n<ol style=\"text-align: justify;\">\n<li>ottenere il certificato di autenticit\u00e0 rilasciato dal Ministero degli Affari Esteri e Diaspora del Kenya per ogni documento che intende presentare in Italia. Questo servizio \u00e8 disponibile tramite piattaforma online disponibile al seguente link &#8211; <a href=\"https:\/\/mfa.ecitizen.go.ke\/\">Welcome (ecitizen.go.ke)<\/a>;<\/li>\n<li>tradurre i documenti utilizzando la procedura sopra menzionata \u2013 \u201cCome Fare per far tradurre i miei documenti\u201d;<\/li>\n<li>consegnare la documentazione seguendo le istruzioni in \u201cCome Consegnare la documentazione\u201d<\/li>\n<\/ol>\n<p style=\"text-align: justify;\">N.B. \u2013 Per quanto riguarda i certificati di matrimonio emessi dalle autorit\u00e0 locali, questa Sede pu\u00f2 legalizzare solo i certificati \u00a0\u201cCertified Copy of Marriage Certificate\u201d.<\/p>\n<p style=\"text-align: justify;\"><strong>Come consegnare la documentazione:<\/strong><\/p>\n<ol style=\"text-align: justify;\">\n<li><strong>Consegna diretta in Ambasciata a Nairobi<\/strong><\/li>\n<\/ol>\n<p style=\"padding-left: 80px; text-align: justify;\">Gli interessati dovranno consegnare alla portineria di questa Sede \u00a0in una busta chiusa indirizzata all\u2019Ufficio Consolare la seguente documentazione:<\/p>\n<ol style=\"text-align: justify;\">\n<li style=\"list-style-type: none;\">\n<ol>\n<li style=\"list-style-type: none;\">\n<ol>\n<li>il certificato in lingua originale;<\/li>\n<li>la traduzione del certificato menzionato nel punto 1;<\/li>\n<li>il certificato di Autenticit\u00e0 rilasciato dal Ministero degli Affari Esteri e Diaspora del Kenya;<\/li>\n<li>copia di un documento d\u2019identit\u00e0 del titolare dei documenti;<\/li>\n<li>un recapito telefonico ed Email.<\/li>\n<\/ol>\n<\/li>\n<\/ol>\n<\/li>\n<\/ol>\n<p style=\"padding-left: 80px; text-align: justify;\">\u00a0 \u00a0 \u00a0L\u2019ufficio contatter\u00e0 il diretto interessato per i seguiti.<\/p>\n<p style=\"text-align: justify; padding-left: 40px;\"><strong>\u00a0<\/strong><strong>2. Consegna a Consolato Onorario<\/strong><\/p>\n<p style=\"padding-left: 40px; text-align: justify;\">Si prega di contattare il Console Onorario competente per informazioni su come precedere &#8211; <a href=\"https:\/\/ambnairobi.esteri.it\/it\/chi-siamo\/la-rete-consolare\/\">La Rete Consolare \u2013 Ambasciata d&#8217;Italia Nairobi (esteri.it)<\/a><\/p>\n<p>&nbsp;<\/p>\n<p style=\"text-align: justify;\"><strong>\u00a0NOTA:<\/strong><\/p>\n<ul style=\"text-align: justify;\">\n<li>Questa Sede e Rete Consolare \u00e8 competente solo per le traduzioni da lingua inglese all\u2019Italiano e viceversa. I documenti in lingue terze dovranno essere vidimati e legalizzati dalla nostra rappresentanza del luogo di produzione \u00a0del documento:\n<ul>\n<li>esempio 1 &#8211; certificato di matrimonio rilasciato dalle autorit\u00e0 del Dakar in lingua francese poi tradotto localmente in inglese e di seguito in Italiano non potr\u00e0 essere accettato: il documento dovr\u00e0 essere tradotto dal francese all\u2019Italiano e vidimato dalla nostra rappresentanza in Dakar;<\/li>\n<li>esempio 2 &#8211; certificato rilasciato da Paese terzo dove la lingua principale \u00e8 l\u2019inglese. Se la legalizzazione \u00e8 richiesta ai fini di trascrizione, riconoscimento, etc. il documento deve essere legalizzato dalla nostra Rappresentanza nel Paese in cui il documento \u00e8 stato prodotto; se lo Stato che ha emesso il documento \u00e8 \u00a0firmatario della Convenzione dell&#8217;Aja del 5 ottobre 1961\u00a0(Convenzione sull&#8217;Apostille) il documento dovr\u00e0 essere apostillato in tale Paese.<\/li>\n<\/ul>\n<\/li>\n<li>Per trascrivere in Italia atti di stato civile si rinvia alla seguente pagina &#8211; <a href=\"https:\/\/ambnairobi.esteri.it\/it\/servizi-consolari-e-visti\/servizi-per-il-cittadino-italiano\/stato-civile-2\/\">Stato Civile \u2013 Ambasciata d&#8217;Italia Nairobi (esteri.it)<\/a><\/li>\n<\/ul>\n<ul style=\"text-align: justify;\">\n<li style=\"list-style-type: none;\"><\/li>\n<\/ul>\n<p style=\"text-align: justify;\"><strong>Altri Servizi:<\/strong><\/p>\n<ol>\n<li style=\"text-align: justify;\"><a href=\"https:\/\/ambnairobi.esteri.it\/it\/servizi-consolari-e-visti\/servizi-per-il-cittadino-italiano\/servizi-di-traduzione\/\">Servizi di traduzione \u2013 Ambasciata d&#8217;Italia Nairobi (esteri.it)<\/a><\/li>\n<li style=\"text-align: justify;\"><a href=\"https:\/\/ambnairobi.esteri.it\/it\/servizi-consolari-e-visti\/servizi-per-il-cittadino-italiano\/stato-civile-2\/\">Stato Civile \u2013 Ambasciata d&#8217;Italia Nairobi (esteri.it)<\/a><\/li>\n<li style=\"text-align: justify;\"><a href=\"https:\/\/ambnairobi.esteri.it\/it\/servizi-consolari-e-visti\/servizi-per-il-cittadino-italiano\/stato-civile-2\/variazioni-di-stato-civile\/\">Variazioni di Stato Civile \u2013 Ambasciata d&#8217;Italia Nairobi (esteri.it)<\/a><\/li>\n<li style=\"text-align: justify;\"><a href=\"https:\/\/ambnairobi.esteri.it\/it\/servizi-consolari-e-visti\/servizi-per-il-cittadino-straniero\/cittadinanza\/\">Cittadinanza \u2013 Ambasciata d&#8217;Italia Nairobi (esteri.it)<\/a><\/li>\n<li style=\"text-align: justify;\"><a href=\"https:\/\/ambnairobi.esteri.it\/it\/servizi-consolari-e-visti\/servizi-per-il-cittadino-straniero\/studiare-in-italia\/\">Studi \u2013 Ambasciata d&#8217;Italia Nairobi (esteri.it)<\/a><\/li>\n<li style=\"text-align: justify;\"><a href=\"https:\/\/ambnairobi.esteri.it\/it\/servizi-consolari-e-visti\/servizi-per-il-cittadino-straniero\/studiare-in-italia\/dichiarazioni-di-valore\/\">Richiesta di Dichiarazione di Valore ai fini di Studio \u2013 Ambasciata d&#8217;Italia Nairobi<\/a><\/li>\n<\/ol>\n","protected":false},"excerpt":{"rendered":"Come fare per far tradurre dei documenti La Sede di Nairobi non effettua traduzioni, gli interessati sono invitati a: ottenere tale servizio dai traduttori noti a questa Sede &#8211; Servizi di traduzione \u2013 Ambasciata d&#8217;Italia Nairobi (esteri.it) oppure a contattare il Consolato Onorario pi\u00f9 vicino &#8211; La Rete Consolare \u2013 Ambasciata d&#8217;Italia Nairobi (esteri.it) per [&hellip;]","protected":false},"author":1,"featured_media":0,"parent":398,"menu_order":14,"comment_status":"closed","ping_status":"closed","template":"","meta":{"footnotes":""},"class_list":["post-73","page","type-page","status-publish","hentry"],"_links":{"self":[{"href":"https:\/\/ambnairobi.esteri.it\/it\/wp-json\/wp\/v2\/pages\/73","targetHints":{"allow":["GET"]}}],"collection":[{"href":"https:\/\/ambnairobi.esteri.it\/it\/wp-json\/wp\/v2\/pages"}],"about":[{"href":"https:\/\/ambnairobi.esteri.it\/it\/wp-json\/wp\/v2\/types\/page"}],"author":[{"embeddable":true,"href":"https:\/\/ambnairobi.esteri.it\/it\/wp-json\/wp\/v2\/users\/1"}],"replies":[{"embeddable":true,"href":"https:\/\/ambnairobi.esteri.it\/it\/wp-json\/wp\/v2\/comments?post=73"}],"version-history":[{"count":5,"href":"https:\/\/ambnairobi.esteri.it\/it\/wp-json\/wp\/v2\/pages\/73\/revisions"}],"predecessor-version":[{"id":2893,"href":"https:\/\/ambnairobi.esteri.it\/it\/wp-json\/wp\/v2\/pages\/73\/revisions\/2893"}],"up":[{"embeddable":true,"href":"https:\/\/ambnairobi.esteri.it\/it\/wp-json\/wp\/v2\/pages\/398"}],"wp:attachment":[{"href":"https:\/\/ambnairobi.esteri.it\/it\/wp-json\/wp\/v2\/media?parent=73"}],"curies":[{"name":"wp","href":"https:\/\/api.w.org\/{rel}","templated":true}]}}