{"id":89,"date":"2023-04-11T18:22:07","date_gmt":"2023-04-11T16:22:07","guid":{"rendered":"https:\/\/ambasciatapraga.esteri.it\/?page_id=89"},"modified":"2026-03-19T12:47:51","modified_gmt":"2026-03-19T11:47:51","slug":"visti","status":"publish","type":"page","link":"https:\/\/ambnairobi.esteri.it\/it\/servizi-consolari-e-visti\/servizi-per-il-cittadino-straniero\/visti\/","title":{"rendered":"Visti"},"content":{"rendered":"<p><strong>Le procedure di seguite descritte sono le uniche che consentano il rilascio del visto per l\u2019Italia.<\/strong><\/p>\n<p><strong>CHIUNQUE PROMETTA DI FACILITARE L\u2019OTTENIMENTO DI UN APPUNTAMENTO, SVELTIRE O ASSICURARE IL RILASCIO DI UN VISTO IN CAMBIO DI SOMME DI DENARO, \u00c8 DA CONSIDERARSI A TUTTI GLI EFFETTI UN TRUFFATORE. TALE EVENTUALIT\u00c0 DEVE ESSERE DENUNCIATA ALLE AUTORIT\u00c0, NONCH\u00c9 SEGNALATA ALL\u2019INDIRIZZO EMAIL\u00a0<\/strong><a href=\"mailto:AMBASCIATA.NAIROBI@ESTERI.IT\"><strong>AMBASCIATA.NAIROBI@ESTERI.IT<\/strong><\/a><\/p>\n<p><strong>SI RACCOMANDA PERTANTO DI NON AFFIDARSI A INTERMEDIARI CHE PROMETTANO PERCORSI FACILITATI PER L\u2019OTTENIMENTO DEL VISTO.<\/strong><\/p>\n<p>Tutte le decisioni che riguardano le richieste di visto sono sempre prese esclusivamente dal personale dell\u2019Ambasciata.<\/p>\n<ol>\n<li><strong><u>TIPOLOGIE DI VISTO<\/u><\/strong><\/li>\n<\/ol>\n<p>Per ogni informazione relativa alle richieste di visto d\u2019ingresso in Italia, vi invitiamo a consultare il\u00a0<a href=\"http:\/\/vistoperitalia.esteri.it\/home.aspx\">portale<\/a>\u00a0\u201c<a href=\"https:\/\/vistoperitalia.esteri.it\/home.aspx\">Visto per l\u2019Italia<\/a>\u201d<\/p>\n<p>L\u2019Ufficio Visti dell\u2019Ambasciata d\u2019Italia in Kenya \u00e8 collegato al\u00a0Visa Information System (<a href=\"http:\/\/www.esteri.it\/mae\/it\/ministero\/servizi\/stranieri\/ingressosoggiornoinitalia\/vis.html\">VIS<\/a>), un\u00a0<em>data base<\/em>\u00a0centrale per lo scambio di dati biometrici e biografici dei richiedenti visti di corto soggiorno con gli altri Stati dell\u2019area Schengen.<\/p>\n<p>&nbsp;<\/p>\n<ol start=\"2\">\n<li><strong><u>RICHIEDERE IL VISTO<\/u><\/strong><\/li>\n<\/ol>\n<ul>\n<li style=\"list-style-type: none;\">\n<ul>\n<li><u>PRENOTARE UN APPUNTAMENTO<\/u><\/li>\n<\/ul>\n<\/li>\n<\/ul>\n<p>Per richiedere il visto \u00e8 necessario prenotare un appuntamento <a href=\"http:\/\/www.vfsglobal.com\/italy\/kenya\/\"><strong>sul sito web del VFS Global<\/strong><\/a>, l\u2019agenzia incaricata del servizio di ricezione delle domande di visto.<\/p>\n<p>In considerazione del numero elevato di richieste,<strong> si invitano i richiedenti\u00a0a verificare la disponibilit\u00e0 di un appuntamento <u>almeno 60 giorni prima della partenza prevista<\/u><\/strong>, quando possibile<strong>.<\/strong><\/p>\n<p>In ogni caso, al fine di garantire una corretta gestione della pratica, \u00e8 obbligatorio prevedere <strong><u>un periodo di almeno 15 giorni dalla data dell\u2019appuntamento e la presunta data di partenza<\/u><\/strong>.\u00a0 In mancanza di tale periodo di tempo, seppur con un appuntamento valido, l\u2019Ufficio Visti dell\u2019Ambasciata si riserva il diritto di non accettare la domanda di visto.<\/p>\n<p>In caso di comprovata e documentata urgenza, \u00e8 possibile inviare una richiesta all\u2019indirizzo visti.nairobi@esteri.it, allegando la documentazione a supporto.<\/p>\n<p>Per informazioni riguardanti il sistema di appuntamenti, si prega di contattare il Call Center al numero +254 205 147 906, o inviare una email a\u00a0<a href=\"mailto:info.itke@vfshelpline.com\"><strong>info.itke@vfshelpline.com<\/strong><\/a><strong>\u00a0<\/strong>e\/o a consultare il sito web: \u00a0<a href=\"https:\/\/visa.vfsglobal.com\/ken\/en\/ita\">https:\/\/visa.vfsglobal.com\/ken\/en\/ita<\/a><\/p>\n<p>Il giorno dell\u2019appuntamento occorrer\u00e0 presentare <strong>il passaporto originale e tutta la documentazione necessaria in formato cartaceo<\/strong>. <strong><u>Il passaporto non potr\u00e0 essere restituito fino all\u2019esito dell\u2019iter procedurale<\/u><\/strong>.<\/p>\n<ul>\n<li style=\"list-style-type: none;\">\n<ul>\n<li><u>RICHIESTA DI VISTO PER CITTADINI NON RESIDENTI IN KENYA<\/u><\/li>\n<\/ul>\n<\/li>\n<\/ul>\n<p>L\u2019 Ufficio visti dell\u2019Ambasciata d\u2019Italia in Kenya riceve e tratta domande di visto presentate da residenti in Kenya o nelle Seychelles. \u00a0In casi eccezionali e debitamente motivati dai richiedenti l\u2019Ambasciata si riserva la facolt\u00e0 di ricevere pratiche relative a visti di tipo \u201cD\u201d <u>per Ricongiungimento familiare (Family Reunion \u2013 Long Term Visa) per cittadini non residenti stabilmente in Kenya<\/u><\/p>\n<p>Si informa che dal 20 Aprile 20026 sar\u00e0 nuovamente possibile la prenotazione degli appuntamenti per visti di tipo \u201cD\u201d (Ricongiungimento Familiare \u2013 Visto Lungo Termine) per cittadini non residenti in Kenya.<\/p>\n<p>Per informazioni riguardanti il sistema di appuntamenti, si prega di contattare il Call Center al numero +254 205 147 906, o inviare una email a <a href=\"mailto:info.itke@vfshelpline.com\">info.itke@vfshelpline.com<\/a> e\/o a consultare il sito web:\u00a0 <a href=\"https:\/\/visa.vfsglobal.com\/ken\/en\/ita\">https:\/\/visa.vfsglobal.com\/ken\/en\/ita<\/a><\/p>\n<p style=\"padding-left: 40px;\">a) <u>Casi di comprovata e documentata emergenza<\/u><\/p>\n<p>In caso di comprovata e documentata emergenza, si potr\u00e0 inviare una richiesta all\u2019indirizzo <a href=\"mailto:visti.nairobi@esteri.it\">visti.nairobi@esteri.it<\/a>, allegando tutta la documentazione a supporto.<\/p>\n<p>&nbsp;<\/p>\n<ol start=\"3\">\n<li><strong><u>DOVE PRESENTARE LA DOMANDA<\/u><\/strong><\/li>\n<\/ol>\n<p>Nel giorno dell\u2019appuntamento \u00e8 possibile recarsi presso gli uffici del VFS Global, che opera attraverso due centri di richiesta visti:<\/p>\n<p style=\"padding-left: 40px;\"><strong>&#8211; NAIROBI<\/strong>, situato al quinto piano del Park Field Building, Muthangari Drive, di fronte alla SAFARICOM House sulla Waiyaki Way, a Westlands, P.O.Box 25180, 00100 Nairobi.<\/p>\n<p style=\"padding-left: 40px;\"><strong>&#8211; MOMBASA<\/strong>, situato all\u2019ottavo piano Imaara \u2013 The New Address, Dedan Kimathi Avenue.<\/p>\n<p>In entrambi i centri, le domande si possono presentare dalle ore 08.00 alle ore 15.00, dal luned\u00ec al venerd\u00ec. Il ritiro della pratica avviene di norma dalle 11.00 alle 15.00, sempre dal luned\u00ec al venerd\u00ec.<\/p>\n<ul>\n<li><u>ACQUISIZIONE DEI DATI BIOMETRICI <\/u><\/li>\n<\/ul>\n<p>Gi\u00e0 dal novembre 2013, tutti i richiedenti visto di tipo Schengen (Tipo C) devono fornire i loro dati biometrici (le impronte digitali delle dieci dita delle mani e una foto) al momento della richiesta di visto.<\/p>\n<p>Si informa inoltre che, in considerazione dell\u2019entrata in vigore del Decreto Legge 145 dell\u201911 ottobre 2024, <strong><u>a<\/u><\/strong> <strong><u>partire dal 11 gennaio 2025<\/u><\/strong> <strong><u>\u00e8 obbligatoria l\u2019acquisizione delle impronte digitali anche per i visti d\u2019ingresso nazionali (Tipo D)<\/u><\/strong>.<\/p>\n<p>Pertanto <strong><u>tutti i richiedenti dovranno presentarsi di persona<\/u><\/strong> al momento della domanda di visto. Si tratta di una procedura semplice e che richiede solo pochi minuti.<\/p>\n<p>&nbsp;<\/p>\n<ol start=\"4\">\n<li>\n<ol>\n<li><strong><u>TARIFFE<\/u><\/strong><\/li>\n<\/ol>\n<p>A seconda del tipo di visto per cui si presenti domanda, i richiedenti dovranno pagare\u00a0presso la VFS Global le seguenti tariffe in valuta locale (KES),\u00a0al tasso di cambio aggiornato trimestralmente.<\/p>\n<p>Si riportano nella seguente tabella gli importi<strong><u> dei diritti per i visti Schengen (Tipo \u201cC\u201d)<\/u><\/strong>, calcolati in base all\u2019attuale tasso di cambio:<\/p>\n<table width=\"500\">\n<tbody>\n<tr>\n<td width=\"373\"><strong>VISTO SCHENGEN \u2013 TIPO \u201cC\u201d (fino a 90 giorni)<\/strong><\/td>\n<td width=\"62\"><strong>Euro<\/strong><\/td>\n<td width=\"66\"><strong>KES (*)<\/strong><\/td>\n<\/tr>\n<tr>\n<td width=\"373\">Richiedente di et\u00e0 dai 12 anni in su<\/td>\n<td width=\"62\">90<\/td>\n<td width=\"66\">13050<\/td>\n<\/tr>\n<tr>\n<td width=\"373\">Richiedente di et\u00e0 tra i 6 ed i 12 anni<\/td>\n<td width=\"62\">45<\/td>\n<td width=\"66\">6525<\/td>\n<\/tr>\n<tr>\n<td width=\"373\">Richiedente di et\u00e0 tra i 0 ed i 6 anni<\/td>\n<td colspan=\"2\" width=\"128\">Gratuito<\/td>\n<\/tr>\n<tr>\n<td width=\"373\"><strong>VISTO NAZIONALE \u2013 TIPO \u201cD\u201d (oltre 90 giorni)<\/strong><\/td>\n<td width=\"62\"><strong>Euro<\/strong><\/td>\n<td width=\"66\"><strong>KES (*)<\/strong><\/td>\n<\/tr>\n<tr>\n<td width=\"373\">Tutti i richiedenti<\/td>\n<td width=\"62\">116<\/td>\n<td width=\"66\">16820<\/td>\n<\/tr>\n<tr>\n<td width=\"373\">Richiedente di et\u00e0 tra i 6 ed i 12 anni<\/td>\n<td width=\"62\">50<\/td>\n<td width=\"66\">7250<\/td>\n<\/tr>\n<\/tbody>\n<\/table>\n<p><em>(*) importi calcolati sulla base del tasso di cambio del secondo trimestre (valido dal 01.07.2025 al 30.09.2025)<\/em><\/li>\n<\/ol>\n<p>In aggiunta ai sopra citati importi, i richiedenti dovranno pagare a VFS la commissione per i servizi forniti pari a <strong>KES 2.885, per il ricevimento della domanda di visto tipo \u201cC\u201d e \u201cD\u201d (adulti e bambini).<\/strong><\/p>\n<p>&nbsp;<\/p>\n<ol start=\"5\">\n<li><strong><u>DOCUMENTAZIONE DA PRESENTARE\u00a0<\/u><\/strong><\/li>\n<\/ol>\n<p>Per ogni informazione relativa alle documentazione da presentare per la richiesta di visto d\u2019ingresso in Italia, vi invitiamo a consultare il\u00a0<a href=\"http:\/\/vistoperitalia.esteri.it\/home.aspx\">portale<\/a>\u00a0\u201c<a href=\"https:\/\/vistoperitalia.esteri.it\/home.aspx\">Visto per l\u2019Italia<\/a>\u201d.<\/p>\n<p>Si informa inoltre che, a norma dell\u2019art. 12(a) del Regolamento (CE) n. 810\/2009, noto come \u201cCodice Visti\u201d, <u>il documento di viaggio deve essere valido per almeno tre mesi dopo la prevista data di partenza dal territorio degli Stati Membri di Schengen<\/u>.<\/p>\n<p><u>Per i cittadini con passaporto diverso da quello keniano, il documento di viaggio deve essere valido almeno 16 mesi dalla presentazione della domanda.<\/u><\/p>\n<p>Secondo l\u2019avviso delle autorit\u00e0 keniane emesso a tutte le missioni diplomatiche, tutti i passaporti keniani \u2013 tranne il nuovo passaporto elettronico biometrico della Comunit\u00e0 dell\u2019Africa Orientale \u2013 sono nulli a partire dal 1\u00b0 settembre 2019.<\/p>\n<p>Gli Stati Membri di Schengen pertanto informano il pubblico keniano che si accetta esclusivamente il nuovo passaporto elettronico biometrico della Comunit\u00e0 dell\u2019Africa Orientale.<\/p>\n<p>Qualora la tipologia di visto preveda la presentazione di un\u2019assicurazione di viaggio, questa Ambasciata accetta polizze preferibilmente delle compagnie di assicurazione inserite in questo\u00a0<a href=\"https:\/\/ambnairobi.esteri.it\/wp-content\/uploads\/2023\/07\/updated_list_of_approved_insurance_companies_-_medical_insurance_schengen_region_2023-1.pdf\"><strong>elenco<\/strong><\/a><strong>.<\/strong><\/p>\n<ul>\n<li style=\"list-style-type: none;\">\n<ul>\n<li><u>Familiari stranieri di cittadini italiani\/UE<\/u><\/li>\n<\/ul>\n<\/li>\n<\/ul>\n<p>La normativa (Direttiva 2004\/38\/CE e D. Lgs. 30\/2007) facilita l\u2019accesso all\u2019ufficio visti e semplifica la documentazione necessaria per i familiari stranieri di cittadini italiani\/UE.<\/p>\n<p>Si informa che dal <strong><u>1\u00b0 giugno 2024<\/u><\/strong>, ai familiari stranieri di cittadini italiani\/UE che si recano in Italia ai fini del ricongiungimento familiare, si rilascia un <strong><u>visto nazionale (tipo \u201cD\u201d) per \u201cmotivi familiari\u201d,<\/u><\/strong> come previsto dal D.I. 850\/2011 allegato A punto 10.<\/p>\n<p>I familiari che hanno diritto al ricongiungimento familiare sono esclusivamente quelli individuati all\u2019art. 2 del DL 30\/2007:<\/p>\n<p style=\"padding-left: 40px;\">&#8211; il coniuge;<\/p>\n<p style=\"padding-left: 40px;\">&#8211; il partner che abbia contratto con il cittadino dell&#8217;Unione un&#8217;unione registrata sulla base della legislazione di uno Stato membro, qualora la legislazione dello Stato membro ospitante equipari l&#8217;unione registrata al matrimonio e nel rispetto delle condizioni previste dalla pertinente legislazione dello Stato membro ospitante;<\/p>\n<p style=\"padding-left: 40px;\">&#8211; i discendenti diretti di et\u00e0 inferiore a 21 anni o a carico e quelli del coniuge o partner di cui alla lettera b);<\/p>\n<p style=\"padding-left: 40px;\">&#8211; gli ascendenti diretti a carico e quelli del coniuge o partner di cui alla lettera b).<\/p>\n<p>Sono infine equiparati al discendente diretto\/ascendente diretto anche gli adottati\/adottanti ed i minori sottoposti a tutela\/affido permanente con provvedimenti emessi ai sensi della L. 184\/83.<\/p>\n<p><strong><u>I visti per motivi familiari sono rilasciati a titolo gratuito<\/u><\/strong> (art. 5 comma 3 del DL 30\/2007) e non \u00e8 previsto rilascio del Nulla Osta del SUI. \uf0fcIl visto avr\u00e0 una durata di 365 giorni con ingressi multipli e il familiare, <strong><u>entro 8 giorni lavorativi dall\u2019ingresso in Italia<\/u><\/strong>, dovr\u00e0 fare richiesta, compilando l\u2019apposito kit -disponibile presso gli Uffici Postali- del permesso di soggiorno per \u201cmotivi di famiglia\u201d (circolare Ministero dell\u2019Interno n. 400.B\/2023\/1 Prot. n. 84545 del 19\/9\/2023).<\/p>\n<p>Documentazione da presentare:<\/p>\n<p style=\"padding-left: 40px;\">&#8211; lettera di invito del familiare italiano\/comunitario dalla quale si evinca l\u2019intenzione di esercitare il diritto all\u2019unit\u00e0 familiare corredata da un documento di identit\u00e0 valido;<\/p>\n<p style=\"padding-left: 40px;\">&#8211; documentazione di stato civile attestante la condizione di familiare ai sensi dell\u2019art. 2 del DL 30\/2007 tradotta e legalizzata, oppure atto di matrimonio o unione civile trascritto in Italia;<\/p>\n<p style=\"padding-left: 40px;\">&#8211; nei casi in cui \u00e8 previsto l\u2019accertamento del carico: dimostrazione di rimesse economiche da parte del cittadino italiano\/comunitario. Il sostegno economico deve essere di natura strutturale (non \u00e8 prevista una durata minima) e deve consentire al beneficiario, alla luce delle sue condizioni finanziarie e sociali nello Stato di origine o provenienza, di sopperire ai suoi bisogni essenziali.<\/p>\n<p>Nel rimandare al\u00a0<a href=\"http:\/\/vistoperitalia.esteri.it\/home.aspx\">portale<\/a>\u00a0\u201c<a href=\"https:\/\/vistoperitalia.esteri.it\/home.aspx\">Visto per l\u2019Italia<\/a>\u201d per maggiori dettagli, si invitano i richiedenti ad utilizzare le seguenti check-list:<\/p>\n<ul>\n<li style=\"list-style-type: none;\">\n<ul>\n<li><u><a href=\"https:\/\/ambnairobi.esteri.it\/wp-content\/uploads\/2024\/06\/Checklist-for-Child-of-Italian-EU-citizen-1.pdf\">Figli di cittadino\/a U.E.<\/a><\/u><\/li>\n<li><u><a href=\"https:\/\/ambnairobi.esteri.it\/wp-content\/uploads\/2024\/06\/Checklist-Spouse-of-Italian-EU-citizen-1.pdf\">Coniuge di cittadino\/a U.E.<\/a><\/u><\/li>\n<li><u><a href=\"https:\/\/ambnairobi.esteri.it\/wp-content\/uploads\/2024\/06\/Checklist-for-Parent-of-Italian-EU-citizen-1.pdf\">Genitore di cittadino\/a U.E.<\/a><\/u><\/li>\n<\/ul>\n<\/li>\n<\/ul>\n<p>Si ricorda infine che i familiari stranieri di cittadini italiani\/UE hanno diritto alla trattazione prioritaria della pratica. Pertanto, in caso di difficolt\u00e0 nella prenotazione dell\u2019appuntamento tramite la piattaforma del VFS Global (<a href=\"https:\/\/visa.vfsglobal.com\/ken\/en\/ita\">https:\/\/visa.vfsglobal.com\/ken\/en\/ita<\/a>), si potr\u00e0 richiedere un appuntamento prioritario all\u2019indirizzo\u00a0<a href=\"mailto:visti.nairobi@esteri.it.\">visti.nairobi@esteri.it.<\/a>\u00a0Al fine di dimostrare la propria relazione di parentela, \u00e8 necessario presentare il documento di identit\u00e0 e \u2013 a seconda dei casi \u2013 certificato di matrimonio, parentela o nascita, registrato presso le competenti Autorit\u00e0 italiane e gi\u00e0 legalizzato.<\/p>\n<p>&nbsp;<\/p>\n<ol start=\"6\">\n<li><strong><u>PROVVEDIMENTO DI DINIEGO. <\/u><\/strong><\/li>\n<\/ol>\n<p>Si informa che l\u2019eventuale provvedimento di diniego costituisce un atto amministrativo formale nel quale sono esplicitati i motivi del rifiuto del visto. Si invita il richiedente a prenderne attenta visione per valutare eventuali azioni successive.<\/p>\n","protected":false},"excerpt":{"rendered":"Le procedure di seguite descritte sono le uniche che consentano il rilascio del visto per l\u2019Italia. CHIUNQUE PROMETTA DI FACILITARE L\u2019OTTENIMENTO DI UN APPUNTAMENTO, SVELTIRE O ASSICURARE IL RILASCIO DI UN VISTO IN CAMBIO DI SOMME DI DENARO, \u00c8 DA CONSIDERARSI A TUTTI GLI EFFETTI UN TRUFFATORE. TALE EVENTUALIT\u00c0 DEVE ESSERE DENUNCIATA ALLE AUTORIT\u00c0, NONCH\u00c9 [&hellip;]","protected":false},"author":1,"featured_media":0,"parent":48,"menu_order":0,"comment_status":"closed","ping_status":"closed","template":"","meta":{"footnotes":""},"class_list":["post-89","page","type-page","status-publish","hentry"],"_links":{"self":[{"href":"https:\/\/ambnairobi.esteri.it\/it\/wp-json\/wp\/v2\/pages\/89","targetHints":{"allow":["GET"]}}],"collection":[{"href":"https:\/\/ambnairobi.esteri.it\/it\/wp-json\/wp\/v2\/pages"}],"about":[{"href":"https:\/\/ambnairobi.esteri.it\/it\/wp-json\/wp\/v2\/types\/page"}],"author":[{"embeddable":true,"href":"https:\/\/ambnairobi.esteri.it\/it\/wp-json\/wp\/v2\/users\/1"}],"replies":[{"embeddable":true,"href":"https:\/\/ambnairobi.esteri.it\/it\/wp-json\/wp\/v2\/comments?post=89"}],"version-history":[{"count":7,"href":"https:\/\/ambnairobi.esteri.it\/it\/wp-json\/wp\/v2\/pages\/89\/revisions"}],"predecessor-version":[{"id":5060,"href":"https:\/\/ambnairobi.esteri.it\/it\/wp-json\/wp\/v2\/pages\/89\/revisions\/5060"}],"up":[{"embeddable":true,"href":"https:\/\/ambnairobi.esteri.it\/it\/wp-json\/wp\/v2\/pages\/48"}],"wp:attachment":[{"href":"https:\/\/ambnairobi.esteri.it\/it\/wp-json\/wp\/v2\/media?parent=89"}],"curies":[{"name":"wp","href":"https:\/\/api.w.org\/{rel}","templated":true}]}}