{"id":99,"date":"2023-04-11T18:24:38","date_gmt":"2023-04-11T16:24:38","guid":{"rendered":"https:\/\/ambasciatapraga.esteri.it\/?page_id=99"},"modified":"2023-07-20T10:36:36","modified_gmt":"2023-07-20T08:36:36","slug":"studiare-in-italia","status":"publish","type":"page","link":"https:\/\/ambnairobi.esteri.it\/it\/italia-e-kenya\/diplomazia-culturale\/studiare-in-italia\/","title":{"rendered":"Studiare in Italia"},"content":{"rendered":"<p>L&#8217;Ufficio Studi fornisce informazioni e consulenza per l&#8217;iscrizione a Scuole e Universit\u00e0 in Italia e rilascia le necessarie dichiarazioni di valore per i titoli conseguiti presso Scuole e Universit\u00e0 della circoscrizione consolare perch\u00e9 gli interessati possano ottenere l\u2019equipollenza dei titoli di studio primari e secondari con analoghi titoli italiani, l\u2019iscrizione a scuole ed Universit\u00e0 italiane, il riconoscimento in Italia degli studi universitari e l\u2019assegnazione di borse di studio.<\/p>\n<p><strong>L&#8217;Universit\u00e0 in Italia<\/strong><\/p>\n<p>Notizie di interesse generale sull\u2019organizzazione e sul funzionamento delle Universit\u00e0 italiane si trovano nella sezione del sito del\u00a0<a href=\"https:\/\/www.mur.gov.it\/it\">Ministero dell\u2019Universit\u00e0 e della Ricerca.<\/a><\/p>\n<p>Al fine di facilitare la scelta da parte degli studenti internazionali che desiderino svolgere parte del loro percorso accademico in Italia, si informa che sul sito del <a href=\"https:\/\/www.universitaly.it\">Universitaly<\/a>\u00a0\u00e8 possibile consultare i corsi di studio tenuti in lingua inglese presso gli Atenei italiani.<\/p>\n<p>Al fine di una pi\u00f9 agevole consultazione dell&#8217;offerta dei corsi da parte degli studenti interessati, la\u00a0<a href=\"https:\/\/www.crui.it\/\">CRUI<\/a> ha pubblicato sul proprio sito Internet vari elenchi redatti in lingua inglese e per tipologia di corso.<\/p>\n<p><strong>Equipollenza dei titoli<\/strong><\/p>\n<p>I titoli di studio stranieri non sono automaticamente riconosciuti in Italia. I cittadini non italiani interessati al riconoscimento dell\u2019eguaglianza di valore e di efficacia (&#8220;equipollenza&#8221;) dei propri titoli di studio stranieri (conseguiti in Istituti di istruzione ufficialmente riconosciuti) ai corrispondenti titoli di studio italiani possono presentare una domanda tramite l\u2019Ufficio studenti del Consolato. I cittadini italiani si devono invece rivolgere direttamente ad un Provveditorato agli Studi italiano, ma sempre dopo aver richiesto all\u2019Ufficio studenti del Consolato l\u2019emissione della &#8220;Dichiarazione di valore&#8221;.<br \/>\nI titoli scolastici ottenuti all\u2019estero, una volta dichiarati equipollenti ai titoli italiani di corrispondente valore (terza media, diploma di scuola media superiore o laurea), hanno in Italia valore legale; questo significa, ad esempio, che la persona in possesso della cittadinanza italiana ha diritto a partecipare ai concorsi banditi dalla Pubblica Amministrazione italiana.<\/p>\n<p>I documenti che \u00e8 necessario presentare in Consolato per richiedere la dichiarazione di valore e l\u2019equipollenza del titolo di studio sono:<\/p>\n<p>&#8211; diploma o certificato in originale o debitamente reso ufficiale, munito del sigillo o del timbro a secco della scuola o dell\u2019istituzione universitaria e firmato in modo leggibile dal funzionario addetto;<\/p>\n<p>&#8211; traduzione del documento in italiano, fedele e conforme al testo originale. La traduzione pu\u00f2 essere eseguita dall\u2019interessato o da un traduttore; il Consolato pu\u00f2 riservarsi l\u2019approvazione delle traduzioni esibite dal richiedente.<\/p>\n<p><strong>Dichiarazione di valore<\/strong><\/p>\n<p>Gli stranieri e gli italiani residenti all\u2019estero possono accedere alle Universit\u00e0 italiane presentando al Consolato una domanda che deve essere corredata dalla documentazione prescritta. Questa documentazione deve essere approvata dalle competenti Autorit\u00e0 italiane, in base alla valutazione dei titoli di studio conseguiti all\u2019estero. L\u2019Ufficio studenti del Consolato deve inoltre accertare e certificare che i titoli di studio di scuola media superiore consentono l\u2019ammissione ai corsi universitari nell\u2019ordinamento del Paese nel quale sono stati conseguiti (&#8220;Dichiarazione di valore&#8221;).<\/p>\n","protected":false},"excerpt":{"rendered":"L&#8217;Ufficio Studi fornisce informazioni e consulenza per l&#8217;iscrizione a Scuole e Universit\u00e0 in Italia e rilascia le necessarie dichiarazioni di valore per i titoli conseguiti presso Scuole e Universit\u00e0 della circoscrizione consolare perch\u00e9 gli interessati possano ottenere l\u2019equipollenza dei titoli di studio primari e secondari con analoghi titoli italiani, l\u2019iscrizione a scuole ed Universit\u00e0 italiane, [&hellip;]","protected":false},"author":1,"featured_media":0,"parent":44,"menu_order":0,"comment_status":"closed","ping_status":"closed","template":"","meta":{"footnotes":""},"class_list":["post-99","page","type-page","status-publish","hentry"],"_links":{"self":[{"href":"https:\/\/ambnairobi.esteri.it\/it\/wp-json\/wp\/v2\/pages\/99","targetHints":{"allow":["GET"]}}],"collection":[{"href":"https:\/\/ambnairobi.esteri.it\/it\/wp-json\/wp\/v2\/pages"}],"about":[{"href":"https:\/\/ambnairobi.esteri.it\/it\/wp-json\/wp\/v2\/types\/page"}],"author":[{"embeddable":true,"href":"https:\/\/ambnairobi.esteri.it\/it\/wp-json\/wp\/v2\/users\/1"}],"replies":[{"embeddable":true,"href":"https:\/\/ambnairobi.esteri.it\/it\/wp-json\/wp\/v2\/comments?post=99"}],"version-history":[{"count":3,"href":"https:\/\/ambnairobi.esteri.it\/it\/wp-json\/wp\/v2\/pages\/99\/revisions"}],"predecessor-version":[{"id":334,"href":"https:\/\/ambnairobi.esteri.it\/it\/wp-json\/wp\/v2\/pages\/99\/revisions\/334"}],"up":[{"embeddable":true,"href":"https:\/\/ambnairobi.esteri.it\/it\/wp-json\/wp\/v2\/pages\/44"}],"wp:attachment":[{"href":"https:\/\/ambnairobi.esteri.it\/it\/wp-json\/wp\/v2\/media?parent=99"}],"curies":[{"name":"wp","href":"https:\/\/api.w.org\/{rel}","templated":true}]}}